{"id":9979,"date":"2026-05-08T15:32:11","date_gmt":"2026-05-08T13:32:11","guid":{"rendered":"https:\/\/trema.hr\/?page_id=9979"},"modified":"2026-05-08T15:32:11","modified_gmt":"2026-05-08T13:32:11","slug":"filmska-druzina-treca-scena","status":"publish","type":"page","link":"https:\/\/trema.hr\/?page_id=9979","title":{"rendered":"FILMSKA DRU\u017dINA \u2013 TRE\u0106A SCENA"},"content":{"rendered":"\n<p><strong>Filmska dru\u017eina \u2013 Tre\u0107a scena<\/strong> okuplja u\u010denike zainteresirane za snimanje kratkih i dokumentarnih filmova te razvoj kreativnosti, scenskog izra\u017eavanja i filmskih vje\u0161tina. Kroz radionice glume, snimanja, monta\u017ee i zvuka u\u010denici upoznaju filmsku umjetnost i timski rad, sura\u0111uju s kulturnim institucijama i sudjeluju na filmskim smotrama i natjecanjima.<\/p>\n\n\n\n<p>Voditeljice projekta su stru\u010dna suradnica knji\u017eni\u010darka Maja Duplan\u010di\u0107 i nastavnica Likovne umjetnosti Paula \u0160karica, uz partnersku suradnju III. gimnazije Split i Kino kluba Split. Projekt je financiran sredstvima Ministarstva znanosti, obrazovanja i mladih te Hrvatskog filmskog saveza.<\/p>\n\n\n<section class=\"gutentor-section gutentor-blog-post-wrapper blog-template1 wp-block-gutentor-blog-post\" id=\"section-g-msyidi3\" >\n<div class='grid-container'><div class=\"gutentor-block-header\"><div class=\"gutentor-section-title enable-title-design seperator-bottom text-center \"  >\n<h2 class=\"gutentor-title\">\nIz filmske radionice Tre\u0107e scene<\/h2>\n<\/div>\n<\/div><div class='gutentor-grid-item-wrap '  ><div class='grid-row ' ><article class='gutentor-post-no-thumb  grid-lg-6 grid-md-4 grid-12 blog-grid'><div class=\"gutentor-single-item\"><div class=\"gutentor-single-item-image-box\"><\/div><div class=\"gutentor-post-content\"><h3 class=\"gutentor-single-item-title\"><a href=\"https:\/\/trema.hr\/?p=7901\" rel=\"bookmark\">Tre\u0107a scena<\/a><\/h3><div class=\"entry-meta\"><div class=\"posted-on\"><i class=\"far fa-calendar-alt\"><\/i><a href=\"https:\/\/trema.hr\/?p=7901\" rel=\"bookmark\">7 velja\u010de, 2025<\/a><\/div><\/div><div class=\"gutentor-post-excerpt gutentor-single-item-desc\"><p class='gutentor-single-item-desc'>Tre\u0107a scena ostvarila je odli\u010dnu suradnju i s Fotoklubom Split! Zahvaljuju\u0107i simpati\u010dnom i stru\u010dnom &hellip;<\/p><\/div><a class=\"gutentor-button gutentor-single-item-button gutentor-icon-hide\"  href=\"https:\/\/trema.hr\/?p=7901\" href=\"https:\/\/trema.hr\/?p=7901\"><i class=\"gutentor-button-icon fas fa-book\" ><\/i><span>Vi\u0161e<\/span><\/a><\/div><\/div><\/article><article class='gutentor-post-no-thumb  grid-lg-6 grid-md-4 grid-12 blog-grid'><div class=\"gutentor-single-item\"><div class=\"gutentor-single-item-image-box\"><\/div><div class=\"gutentor-post-content\"><h3 class=\"gutentor-single-item-title\"><a href=\"https:\/\/trema.hr\/?p=7708\" rel=\"bookmark\">Filmska dru\u017eina &#8220;Tre\u0107a scena&#8221; ugostila redatelja Borisa Poljaka<\/a><\/h3><div class=\"entry-meta\"><div class=\"posted-on\"><i class=\"far fa-calendar-alt\"><\/i><a href=\"https:\/\/trema.hr\/?p=7708\" rel=\"bookmark\">16 listopada, 2024<\/a><\/div><\/div><div class=\"gutentor-post-excerpt gutentor-single-item-desc\"><p class='gutentor-single-item-desc'>Iznimno zadovoljstvo i \u010dast bilo je ugostiti i u\u010diti od vi\u0161estruko nagra\u0111ivanog filmskog i televizij&hellip;<\/p><\/div><a class=\"gutentor-button gutentor-single-item-button gutentor-icon-hide\"  href=\"https:\/\/trema.hr\/?p=7708\" href=\"https:\/\/trema.hr\/?p=7708\"><i class=\"gutentor-button-icon fas fa-book\" ><\/i><span>Vi\u0161e<\/span><\/a><\/div><\/div><\/article><article class='gutentor-post-no-thumb  grid-lg-6 grid-md-4 grid-12 blog-grid'><div class=\"gutentor-single-item\"><div class=\"gutentor-single-item-image-box\"><\/div><div class=\"gutentor-post-content\"><h3 class=\"gutentor-single-item-title\"><a href=\"https:\/\/trema.hr\/?p=7641\" rel=\"bookmark\">Filmska dru\u017eina Tre\u0107a scena<\/a><\/h3><div class=\"entry-meta\"><div class=\"posted-on\"><i class=\"far fa-calendar-alt\"><\/i><a href=\"https:\/\/trema.hr\/?p=7641\" rel=\"bookmark\">2 listopada, 2024<\/a><\/div><\/div><div class=\"gutentor-post-excerpt gutentor-single-item-desc\"><p class='gutentor-single-item-desc'>Po\u010detak nove \u0161kolske godine odli\u010dna je prilika za postavljanje novih izazova. Budu\u0107i da nam je stigl&hellip;<\/p><\/div><a class=\"gutentor-button gutentor-single-item-button gutentor-icon-hide\"  href=\"https:\/\/trema.hr\/?p=7641\" href=\"https:\/\/trema.hr\/?p=7641\"><i class=\"gutentor-button-icon fas fa-book\" ><\/i><span>Vi\u0161e<\/span><\/a><\/div><\/div><\/article><article class='gutentor-post-no-thumb  grid-lg-6 grid-md-4 grid-12 blog-grid'><div class=\"gutentor-single-item\"><div class=\"gutentor-single-item-image-box\"><\/div><div class=\"gutentor-post-content\"><h3 class=\"gutentor-single-item-title\"><a href=\"https:\/\/trema.hr\/?p=7301\" rel=\"bookmark\">Filmska grupa Tre\u0107a scena<\/a><\/h3><div class=\"entry-meta\"><div class=\"posted-on\"><i class=\"far fa-calendar-alt\"><\/i><a href=\"https:\/\/trema.hr\/?p=7301\" rel=\"bookmark\">26 svibnja, 2024<\/a><\/div><\/div><div class=\"gutentor-post-excerpt gutentor-single-item-desc\"><p class='gutentor-single-item-desc'>Jako smo sretni jer od ove godine na\u0161im u\u010denicima nudimo priliku da budu u svom filmu. &nbsp;U III. &hellip;<\/p><\/div><a class=\"gutentor-button gutentor-single-item-button gutentor-icon-hide\"  href=\"https:\/\/trema.hr\/?p=7301\" href=\"https:\/\/trema.hr\/?p=7301\"><i class=\"gutentor-button-icon fas fa-book\" ><\/i><span>Vi\u0161e<\/span><\/a><\/div><\/div><\/article><\/div><\/div><\/div><\/section>","protected":false},"excerpt":{"rendered":"<p>Tre\u0107a scena okuplja u\u010denike zaljubljene u film, glumu i kreativno stvarala\u0161tvo.<\/p>\n","protected":false},"author":1,"featured_media":9980,"parent":0,"menu_order":0,"comment_status":"closed","ping_status":"closed","template":"","meta":{"footnotes":""},"class_list":["post-9979","page","type-page","status-publish","has-post-thumbnail","hentry"],"_links":{"self":[{"href":"https:\/\/trema.hr\/index.php?rest_route=\/wp\/v2\/pages\/9979","targetHints":{"allow":["GET"]}}],"collection":[{"href":"https:\/\/trema.hr\/index.php?rest_route=\/wp\/v2\/pages"}],"about":[{"href":"https:\/\/trema.hr\/index.php?rest_route=\/wp\/v2\/types\/page"}],"author":[{"embeddable":true,"href":"https:\/\/trema.hr\/index.php?rest_route=\/wp\/v2\/users\/1"}],"replies":[{"embeddable":true,"href":"https:\/\/trema.hr\/index.php?rest_route=%2Fwp%2Fv2%2Fcomments&post=9979"}],"version-history":[{"count":1,"href":"https:\/\/trema.hr\/index.php?rest_route=\/wp\/v2\/pages\/9979\/revisions"}],"predecessor-version":[{"id":9981,"href":"https:\/\/trema.hr\/index.php?rest_route=\/wp\/v2\/pages\/9979\/revisions\/9981"}],"wp:featuredmedia":[{"embeddable":true,"href":"https:\/\/trema.hr\/index.php?rest_route=\/wp\/v2\/media\/9980"}],"wp:attachment":[{"href":"https:\/\/trema.hr\/index.php?rest_route=%2Fwp%2Fv2%2Fmedia&parent=9979"}],"curies":[{"name":"wp","href":"https:\/\/api.w.org\/{rel}","templated":true}]}}