{"id":9878,"date":"2026-04-23T17:57:15","date_gmt":"2026-04-23T15:57:15","guid":{"rendered":"https:\/\/trema.hr\/?page_id=9878"},"modified":"2026-04-23T17:59:37","modified_gmt":"2026-04-23T15:59:37","slug":"dramska-grupa","status":"publish","type":"page","link":"https:\/\/trema.hr\/?page_id=9878","title":{"rendered":"Dramska grupa"},"content":{"rendered":"\n<p>Dramska grupa III. gimnazija Split njeguje ljubav prema scenskom izrazu, kreativnosti i timskom radu. Pod vodstvom profesorice Ines Kezi\u0107, u\u010denici marljivo rade na razvijanju svojih gluma\u010dkih sposobnosti, ali i na stvaranju autenti\u010dnih i dojmljivih scenskih pri\u010da.<\/p>\n\n\n\n<p>Ove godine njihov trud i predanost okrunjeni su velikim uspjehom \u2013 plasmanom na dr\u017eavnu smotru LiDraNo 2026. Time su jo\u0161 jednom potvrdili kvalitetu svog rada i zaslu\u017eeno se svrstali me\u0111u najbolje dramske skupine srednjih \u0161kola u Hrvatskoj.<\/p>\n\n\n\n<p>Njihov nastup odr\u017eat \u0107e se u Gradsko kazali\u0161te Joza Ivaki\u0107 u Vinkovci, gdje \u0107e predstaviti svoj skupni scenski izraz i pokazati sve ono na \u010demu su predano radili tijekom godine. Sudjelovanje na dr\u017eavnoj razini za njih je veliko priznanje, ali i poticaj za daljnji umjetni\u010dki razvoj.<\/p>\n\n\n\n<p>\u010cestitamo dramskoj grupi i njihovoj mentorici te im \u017eelimo puno uspjeha na nastupu!<\/p>\n\n\n\n<figure class=\"wp-block-gallery has-nested-images columns-default is-cropped wp-block-gallery-1 is-layout-flex wp-block-gallery-is-layout-flex\">\n<figure class=\"wp-block-image size-large\"><img loading=\"lazy\" decoding=\"async\" width=\"1024\" height=\"1024\" data-id=\"9883\" src=\"https:\/\/trema.hr\/wp-content\/uploads\/2026\/04\/WhatsApp-Image-2026-02-27-at-4.40.04-PM-1-1024x1024.jpeg\" alt=\"\" class=\"wp-image-9883\" srcset=\"https:\/\/trema.hr\/wp-content\/uploads\/2026\/04\/WhatsApp-Image-2026-02-27-at-4.40.04-PM-1-1024x1024.jpeg 1024w, https:\/\/trema.hr\/wp-content\/uploads\/2026\/04\/WhatsApp-Image-2026-02-27-at-4.40.04-PM-1-300x300.jpeg 300w, https:\/\/trema.hr\/wp-content\/uploads\/2026\/04\/WhatsApp-Image-2026-02-27-at-4.40.04-PM-1-150x150.jpeg 150w\" sizes=\"auto, (max-width: 1024px) 100vw, 1024px\" \/><\/figure>\n\n\n\n<figure class=\"wp-block-image size-large\"><img loading=\"lazy\" decoding=\"async\" width=\"1024\" height=\"1024\" data-id=\"9884\" src=\"https:\/\/trema.hr\/wp-content\/uploads\/2026\/04\/WhatsApp-Image-2026-02-27-at-4.40.04-PM-1024x1024.jpeg\" alt=\"\" class=\"wp-image-9884\" srcset=\"https:\/\/trema.hr\/wp-content\/uploads\/2026\/04\/WhatsApp-Image-2026-02-27-at-4.40.04-PM-1024x1024.jpeg 1024w, https:\/\/trema.hr\/wp-content\/uploads\/2026\/04\/WhatsApp-Image-2026-02-27-at-4.40.04-PM-300x300.jpeg 300w, https:\/\/trema.hr\/wp-content\/uploads\/2026\/04\/WhatsApp-Image-2026-02-27-at-4.40.04-PM-150x150.jpeg 150w\" sizes=\"auto, (max-width: 1024px) 100vw, 1024px\" \/><\/figure>\n\n\n\n<figure class=\"wp-block-image size-large\"><img loading=\"lazy\" decoding=\"async\" width=\"1024\" height=\"1024\" data-id=\"9882\" src=\"https:\/\/trema.hr\/wp-content\/uploads\/2026\/04\/WhatsApp-Image-2026-02-27-at-4.40.03-PM-1024x1024.jpeg\" alt=\"\" class=\"wp-image-9882\" srcset=\"https:\/\/trema.hr\/wp-content\/uploads\/2026\/04\/WhatsApp-Image-2026-02-27-at-4.40.03-PM-1024x1024.jpeg 1024w, https:\/\/trema.hr\/wp-content\/uploads\/2026\/04\/WhatsApp-Image-2026-02-27-at-4.40.03-PM-300x300.jpeg 300w, https:\/\/trema.hr\/wp-content\/uploads\/2026\/04\/WhatsApp-Image-2026-02-27-at-4.40.03-PM-150x150.jpeg 150w\" sizes=\"auto, (max-width: 1024px) 100vw, 1024px\" \/><\/figure>\n\n\n\n<figure class=\"wp-block-image size-large\"><img loading=\"lazy\" decoding=\"async\" width=\"1024\" height=\"900\" data-id=\"9881\" src=\"https:\/\/trema.hr\/wp-content\/uploads\/2026\/04\/WhatsApp-Image-2026-04-23-at-3.15.02-PM-2-1024x900.jpeg\" alt=\"\" class=\"wp-image-9881\"\/><\/figure>\n<\/figure>\n","protected":false},"excerpt":{"rendered":"<p>Dramska grupa  njeguje ljubav prema scenskom izrazu, kreativnosti i timskom radu.<\/p>\n","protected":false},"author":1,"featured_media":9880,"parent":0,"menu_order":0,"comment_status":"closed","ping_status":"closed","template":"","meta":{"footnotes":""},"class_list":["post-9878","page","type-page","status-publish","has-post-thumbnail","hentry"],"_links":{"self":[{"href":"https:\/\/trema.hr\/index.php?rest_route=\/wp\/v2\/pages\/9878","targetHints":{"allow":["GET"]}}],"collection":[{"href":"https:\/\/trema.hr\/index.php?rest_route=\/wp\/v2\/pages"}],"about":[{"href":"https:\/\/trema.hr\/index.php?rest_route=\/wp\/v2\/types\/page"}],"author":[{"embeddable":true,"href":"https:\/\/trema.hr\/index.php?rest_route=\/wp\/v2\/users\/1"}],"replies":[{"embeddable":true,"href":"https:\/\/trema.hr\/index.php?rest_route=%2Fwp%2Fv2%2Fcomments&post=9878"}],"version-history":[{"count":2,"href":"https:\/\/trema.hr\/index.php?rest_route=\/wp\/v2\/pages\/9878\/revisions"}],"predecessor-version":[{"id":9887,"href":"https:\/\/trema.hr\/index.php?rest_route=\/wp\/v2\/pages\/9878\/revisions\/9887"}],"wp:featuredmedia":[{"embeddable":true,"href":"https:\/\/trema.hr\/index.php?rest_route=\/wp\/v2\/media\/9880"}],"wp:attachment":[{"href":"https:\/\/trema.hr\/index.php?rest_route=%2Fwp%2Fv2%2Fmedia&parent=9878"}],"curies":[{"name":"wp","href":"https:\/\/api.w.org\/{rel}","templated":true}]}}