{"id":9817,"date":"2026-04-17T12:13:41","date_gmt":"2026-04-17T10:13:41","guid":{"rendered":"https:\/\/trema.hr\/?page_id=9817"},"modified":"2026-04-17T12:15:13","modified_gmt":"2026-04-17T10:15:13","slug":"9817-2","status":"publish","type":"page","link":"https:\/\/trema.hr\/?page_id=9817","title":{"rendered":"Mio\u010dki debatni klub"},"content":{"rendered":"\n<p>Ima\u0161 mi\u0161ljenje i \u017eeli\u0161 ga znati jasno izraziti? Debatni klub je pravo mjesto za tebe!<\/p>\n\n\n\n<p>Kroz zanimljive rasprave o aktualnim dru\u0161tvenim temama u\u010di\u0161 argumentirati, kriti\u010dki razmi\u0161ljati i samouvjereno nastupati. Sudjeluj u debatama, razvij govorni\u010dke vje\u0161tine i pripremi se za aktivnu ulogu u dru\u0161tvu \u2013 u \u0161koli i izvan nje.<\/p>\n\n\n\n<p>\u010cekaju te dinami\u010dne debate, timski rad, natjecanja i prilika da tvoj glas bude stvarno saslu\u0161an.<\/p>\n\n\n\n<p>Mio\u010dki debatni klub okuplja u\u010denike koji \u017eele razvijati svoje mi\u0161ljenje, nau\u010diti kako argumentirano raspravljati i ste\u0107i sigurnost u javnom nastupu. Kroz rad u klubu u\u010denici istra\u017euju \u0430\u043a\u0442\u0443alne dru\u0161tvene teme, oblikuju vlastite stavove i u\u010de kako ih jasno i uvjerljivo predstaviti.<\/p>\n\n\n\n<p>Aktivnosti uklju\u010duju pripremu i sudjelovanje u debatama, vje\u017ebanje argumentacije i pobijanja, timski rad te sudjelovanje na debatnim turnirima u organizaciji Hrvatskog debatnog dru\u0161tva. U\u010denici pritom razvijaju kriti\u010dko mi\u0161ljenje, komunikacijske i retori\u010dke vje\u0161tine, ali i sposobnost slu\u0161anja, uva\u017eavanja sugovornika i konstruktivne rasprave.<\/p>\n\n\n\n<p>Klub tako\u0111er poti\u010de aktivno sudjelovanje u\u010denika u \u0161kolskom i dru\u0161tvenom \u017eivotu \u2013 od rasprava na Vije\u0107u u\u010denika do promi\u0161ljanja i rje\u0161avanja problema u zajednici.<\/p>\n\n\n\n<p>Ako \u017eeli\u0161 nau\u010diti kako jasno izraziti svoje ideje, braniti svoje stavove i utjecati na svijet oko sebe \u2013 debatni klub je pravo mjesto za tebe.<\/p>\n","protected":false},"excerpt":{"rendered":"<p>Reci \u0161to misli\u0161 \u2013 i nau\u010di kako da te svi \u010duju!<\/p>\n","protected":false},"author":1,"featured_media":9819,"parent":0,"menu_order":0,"comment_status":"closed","ping_status":"closed","template":"","meta":{"footnotes":""},"class_list":["post-9817","page","type-page","status-publish","has-post-thumbnail","hentry"],"_links":{"self":[{"href":"https:\/\/trema.hr\/index.php?rest_route=\/wp\/v2\/pages\/9817","targetHints":{"allow":["GET"]}}],"collection":[{"href":"https:\/\/trema.hr\/index.php?rest_route=\/wp\/v2\/pages"}],"about":[{"href":"https:\/\/trema.hr\/index.php?rest_route=\/wp\/v2\/types\/page"}],"author":[{"embeddable":true,"href":"https:\/\/trema.hr\/index.php?rest_route=\/wp\/v2\/users\/1"}],"replies":[{"embeddable":true,"href":"https:\/\/trema.hr\/index.php?rest_route=%2Fwp%2Fv2%2Fcomments&post=9817"}],"version-history":[{"count":2,"href":"https:\/\/trema.hr\/index.php?rest_route=\/wp\/v2\/pages\/9817\/revisions"}],"predecessor-version":[{"id":9821,"href":"https:\/\/trema.hr\/index.php?rest_route=\/wp\/v2\/pages\/9817\/revisions\/9821"}],"wp:featuredmedia":[{"embeddable":true,"href":"https:\/\/trema.hr\/index.php?rest_route=\/wp\/v2\/media\/9819"}],"wp:attachment":[{"href":"https:\/\/trema.hr\/index.php?rest_route=%2Fwp%2Fv2%2Fmedia&parent=9817"}],"curies":[{"name":"wp","href":"https:\/\/api.w.org\/{rel}","templated":true}]}}