{"id":97,"date":"2016-10-17T13:30:12","date_gmt":"2016-10-17T13:30:12","guid":{"rendered":"http:\/\/www.demo.acmethemes.com\/education-base\/?page_id=21"},"modified":"2021-11-28T17:53:02","modified_gmt":"2021-11-28T16:53:02","slug":"english","status":"publish","type":"page","link":"https:\/\/trema.hr\/?page_id=97","title":{"rendered":"Engleski jezik"},"content":{"rendered":"","protected":false},"excerpt":{"rendered":"<p>U\u010denje stranih jezika \u0161iri na\u0161e predod\u017ebe prostora i vremena i uvodi nas u nove sustave komunikacija. Poznavanje stranih jezika omogu\u0107uje nam lak\u0161e i izravnije uklju\u010divanje u svjetske doga\u0111aje.<\/p>\n","protected":false},"author":1,"featured_media":0,"parent":99,"menu_order":0,"comment_status":"closed","ping_status":"closed","template":"","meta":{"footnotes":""},"class_list":["post-97","page","type-page","status-publish","hentry"],"_links":{"self":[{"href":"https:\/\/trema.hr\/index.php?rest_route=\/wp\/v2\/pages\/97","targetHints":{"allow":["GET"]}}],"collection":[{"href":"https:\/\/trema.hr\/index.php?rest_route=\/wp\/v2\/pages"}],"about":[{"href":"https:\/\/trema.hr\/index.php?rest_route=\/wp\/v2\/types\/page"}],"author":[{"embeddable":true,"href":"https:\/\/trema.hr\/index.php?rest_route=\/wp\/v2\/users\/1"}],"replies":[{"embeddable":true,"href":"https:\/\/trema.hr\/index.php?rest_route=%2Fwp%2Fv2%2Fcomments&post=97"}],"version-history":[{"count":0,"href":"https:\/\/trema.hr\/index.php?rest_route=\/wp\/v2\/pages\/97\/revisions"}],"up":[{"embeddable":true,"href":"https:\/\/trema.hr\/index.php?rest_route=\/wp\/v2\/pages\/99"}],"wp:attachment":[{"href":"https:\/\/trema.hr\/index.php?rest_route=%2Fwp%2Fv2%2Fmedia&parent=97"}],"curies":[{"name":"wp","href":"https:\/\/api.w.org\/{rel}","templated":true}]}}