{"id":9692,"date":"2026-03-24T17:47:08","date_gmt":"2026-03-24T16:47:08","guid":{"rendered":"https:\/\/trema.hr\/?page_id=9692"},"modified":"2026-03-24T18:02:55","modified_gmt":"2026-03-24T17:02:55","slug":"skolski-preventivni-projekt-priroda-i-mentalno-zdravlje","status":"publish","type":"page","link":"https:\/\/trema.hr\/?page_id=9692","title":{"rendered":"\u0160kolski preventivni projekt \u201ePriroda i mentalno zdravlje\u201c"},"content":{"rendered":"\n<p>U sklopu \u0160PP&nbsp; tijekom drugog polugodi\u0161ta u na\u0161oj \u0161koli \u0107e se provoditi projekt &nbsp;&nbsp;&nbsp;&nbsp;&nbsp;&nbsp;&nbsp;&nbsp;&nbsp;&nbsp;&nbsp;&nbsp;<strong>\u201ePriroda i mentalno zdravlje\u201c<\/strong>.<\/p>\n\n\n\n<p><strong>Sa\u017eetak:<\/strong><\/p>\n\n\n\n<p>Projekt Priroda i mentalno zdravlje je interdisciplinarni program koji povezuje mentalno zdravlje, boravak u prirodi, radionice i nastavne sadr\u017eaje iz vi\u0161e predmeta. Cilj je projekta razviti zdrave \u017eivotne navike i ja\u010dati otpornost na stres. Dugoro\u010dni je cilj ja\u010danje mentalnog zdravlja mladih, razvoj ekolo\u0161ke svijesti i stvaranje povezanije \u0161kolske i lokalne zajednice.<\/p>\n\n\n\n<p>Uvodne aktivnosti su uklju\u010divale radionice o mentalnom zdravlju, ispunjavanje upitnika i izradu loga projekta. Slijede edukativne radionice u \u0161koli i s partnerima iz lokalne zajednice.<\/p>\n\n\n\n<p>Sredi\u0161nji dio \u010dine izleti u prirodu i ure\u0111enje \u201ezelenog prostora\u201c u \u0161koli. Svaki izlet uklju\u010duje fizi\u010dku aktivnost, kreativne zadatke i vje\u017ebe za relaksaciju i mindfulness, vo\u0111enje dnevnika \u201ePriroda i ja\u201c te zajedni\u010dku refleksiju i evaluaciju.<\/p>\n\n\n\n<p>Planirane zavr\u0161ne aktivnosti su izlo\u017eba u\u010deni\u010dkih radova, izrada i prezentaciju plakata u Europskom tjednu mentalnog zdravlja, panel rasprava te promocija rezultata na \u0161kolskim i lokalnim doga\u0111anjima.<\/p>\n\n\n\n<p>U projektni tim u\u010denika uklju\u010deni su u\u010denici tre\u0107ih razreda i oni \u0107e sudjelovati u svim projektnim aktivnostima.<\/p>\n\n\n\n<p>U svim ostalim razredima \u0107e na razrednom satu biti odr\u017eana radionica \u201ePriroda i mentalno zdravlje\u201c<\/p>\n\n\n\n<p>Voditeljice projekta su stru\u010dne suradnice &nbsp;Danica Bav\u010devi\u0107 i Ivana Marin.<\/p>\n\n\n<section class=\"gutentor-section gutentor-blog-post-wrapper blog-template1 wp-block-gutentor-blog-post\" id=\"section-g-ce9ogee\" >\n<div class='grid-container'><div class=\"gutentor-block-header\"><div class=\"gutentor-section-title enable-title-design seperator-bottom text-center \"  >\n<h2 class=\"gutentor-title\">\nProjektne aktivnosti i provedba<\/h2>\n<\/div>\n<\/div><div class='gutentor-grid-item-wrap '  ><div class='grid-row ' ><article class='gutentor-post-no-thumb blog-list'><div class=\"gutentor-single-item\"><div class=\"gutentor-single-item-image-box\"><\/div><div class=\"gutentor-post-content\"><h3 class=\"gutentor-single-item-title\"><a href=\"https:\/\/trema.hr\/?p=9831\" rel=\"bookmark\">Drugi izlet u sklopu projekta \u201cPriroda i mentalno zdravlje\u201d<\/a><\/h3><div class=\"entry-meta\"><div class=\"posted-on\"><i class=\"far fa-calendar-alt\"><\/i><a href=\"https:\/\/trema.hr\/?p=9831\" rel=\"bookmark\">20 travnja, 2026<\/a><\/div><\/div><div class=\"gutentor-post-excerpt gutentor-single-item-desc\"><p class='gutentor-single-item-desc'>U subotu, 18. travnja, u sklopu projekta \u201cPriroda i mentalno zdravlje\u201d, proveli smo aktivno jutro na&hellip;<\/p><\/div><a class=\"gutentor-button gutentor-single-item-button gutentor-icon-hide\"  href=\"https:\/\/trema.hr\/?p=9831\" href=\"https:\/\/trema.hr\/?p=9831\"><i class=\"gutentor-button-icon fas fa-book\" ><\/i><span>Op\u0161irnije<\/span><\/a><\/div><\/div><\/article><article class='gutentor-post-no-thumb blog-list'><div class=\"gutentor-single-item\"><div class=\"gutentor-single-item-image-box\"><\/div><div class=\"gutentor-post-content\"><h3 class=\"gutentor-single-item-title\"><a href=\"https:\/\/trema.hr\/?p=9706\" rel=\"bookmark\">BORAVKOM U PRIRODI PROTIV STRESA \u2013 PROJEKT \u201ePRIRODA I MENTALNO ZDRAVLJE\u201c<\/a><\/h3><div class=\"entry-meta\"><div class=\"posted-on\"><i class=\"far fa-calendar-alt\"><\/i><a href=\"https:\/\/trema.hr\/?p=9706\" rel=\"bookmark\">24 o\u017eujka, 2026<\/a><\/div><\/div><div class=\"gutentor-post-excerpt gutentor-single-item-desc\"><p class='gutentor-single-item-desc'>Uspje\u0161no je provedena prva aktivnost u prirodi.&hellip;<\/p><\/div><a class=\"gutentor-button gutentor-single-item-button gutentor-icon-hide\"  href=\"https:\/\/trema.hr\/?p=9706\" href=\"https:\/\/trema.hr\/?p=9706\"><i class=\"gutentor-button-icon fas fa-book\" ><\/i><span>Op\u0161irnije<\/span><\/a><\/div><\/div><\/article><\/div><\/div><\/div><\/section>","protected":false},"excerpt":{"rendered":"<p>U sklopu \u0160PP&nbsp; tijekom drugog polugodi\u0161ta u na\u0161oj \u0161koli \u0107e se provoditi projekt &nbsp;&nbsp;&nbsp;&nbsp;&nbsp;&nbsp;&nbsp;&nbsp;&nbsp;&nbsp;&nbsp;&nbsp;\u201ePriroda i mentalno zdravlje\u201c. Sa\u017eetak: Projekt Priroda i mentalno zdravlje je interdisciplinarni program koji povezuje mentalno zdravlje, boravak u prirodi, radionice i nastavne sadr\u017eaje iz vi\u0161e predmeta. Cilj je projekta razviti zdrave \u017eivotne navike i ja\u010dati otpornost na stres. Dugoro\u010dni je cilj&hellip;<\/p>\n","protected":false},"author":1,"featured_media":9705,"parent":0,"menu_order":0,"comment_status":"closed","ping_status":"closed","template":"","meta":{"footnotes":""},"class_list":["post-9692","page","type-page","status-publish","has-post-thumbnail","hentry"],"_links":{"self":[{"href":"https:\/\/trema.hr\/index.php?rest_route=\/wp\/v2\/pages\/9692","targetHints":{"allow":["GET"]}}],"collection":[{"href":"https:\/\/trema.hr\/index.php?rest_route=\/wp\/v2\/pages"}],"about":[{"href":"https:\/\/trema.hr\/index.php?rest_route=\/wp\/v2\/types\/page"}],"author":[{"embeddable":true,"href":"https:\/\/trema.hr\/index.php?rest_route=\/wp\/v2\/users\/1"}],"replies":[{"embeddable":true,"href":"https:\/\/trema.hr\/index.php?rest_route=%2Fwp%2Fv2%2Fcomments&post=9692"}],"version-history":[{"count":3,"href":"https:\/\/trema.hr\/index.php?rest_route=\/wp\/v2\/pages\/9692\/revisions"}],"predecessor-version":[{"id":9711,"href":"https:\/\/trema.hr\/index.php?rest_route=\/wp\/v2\/pages\/9692\/revisions\/9711"}],"wp:featuredmedia":[{"embeddable":true,"href":"https:\/\/trema.hr\/index.php?rest_route=\/wp\/v2\/media\/9705"}],"wp:attachment":[{"href":"https:\/\/trema.hr\/index.php?rest_route=%2Fwp%2Fv2%2Fmedia&parent=9692"}],"curies":[{"name":"wp","href":"https:\/\/api.w.org\/{rel}","templated":true}]}}