{"id":96,"date":"2016-10-17T13:31:35","date_gmt":"2016-10-17T13:31:35","guid":{"rendered":"http:\/\/www.demo.acmethemes.com\/education-base\/?page_id=23"},"modified":"2024-10-04T12:55:38","modified_gmt":"2024-10-04T10:55:38","slug":"physics","status":"publish","type":"page","link":"https:\/\/trema.hr\/?page_id=96","title":{"rendered":"Fizika"},"content":{"rendered":"<h3>Fizika<\/h3>\n<p>Projektna i terenska nastava fizike provode se dugi niz godina kao jedan od oblika suvremene nastave u na\u0161oj \u0161koli. Takva nastava pobu\u0111uje interes i otkriva skrivene talente u\u010denika za prirodne znanosti. Prakti\u010dna primjena znanja iz fizike sadr\u017eaje \u010dini interesantnijima, a u\u010denike samostalnima i kreativnima te poti\u010de njihov istra\u017eivala\u010dki duh.<\/p>\n<p>U nastavi fizike svaki profesor u\u010denike vodi do spoznaje da fizika i ostale znanosti \u010dine osnovu svake suvremene tehnologije i kulture. U\u010denici bi trebali uo\u010diti pojave koje se doga\u0111aju oko njih, shvatiti te pojave i zakonitosti. Poznavanje tih zakona, omogu\u0107ava nam da ovladamo prirodom i upoznamo ljepotu u njoj.<\/p>\n<p>U\u010denici koriste razne izvore znanja, samostalno pronalaze odgovore na mnoga pitanja kako bi \u0161to bolje prezentirali svoje radove. Interes u\u010denika za takav rad generacijski je velik te dokazano vodi razvoju znanja, vje\u0161tina i kompetencija u podru\u010dju fizike.<\/p>\n<blockquote class=\"quote-style2\">\n<p><em> Lex I: Corpus omne perseverare in statu suo quiescendi vel movendi uniformiter in directum, nisi quatenus a viribus impressis cogitur statum illum mutare.<\/em><\/p>\n<p><small>Prvi Newtonov zakon gibanja (na latinskom)<\/small><\/p>\n<\/blockquote>\n\n<section class=\"gutentor-section gutentor-blog-post-wrapper blog-template1 wp-block-gutentor-blog-post\" id=\"section-a653f2b2-8c55-4b3f-81c1-3e13d292378c\" >\n<div class='grid-container'><div class=\"gutentor-block-header\"><div class=\"gutentor-section-title enable-title-design seperator-bottom text-center \"  >\n<h2 class=\"gutentor-title\">\nRadovi u\u010denika<\/h2>\n<\/div>\n<\/div><div class='gutentor-grid-item-wrap '  ><div class='grid-row ' ><article class='gutentor-post-no-thumb  grid-md-4 grid-sm-4 grid-xs-12 blog-grid'><div class=\"gutentor-single-item\"><div class=\"gutentor-single-item-image-box\"><\/div><div class=\"gutentor-post-content\"><h3 class=\"gutentor-single-item-title\"><a href=\"https:\/\/trema.hr\/?p=7648\" rel=\"bookmark\">Tema &#8211; dokazivanja Zemljine zakrivljenosti i ra\u010dunanja Zemljinog radijusa.<\/a><\/h3><div class=\"entry-meta\"><div class=\"posted-on\"><i class=\"far fa-calendar-alt\"><\/i><a href=\"https:\/\/trema.hr\/?p=7648\" rel=\"bookmark\">4 listopada, 2024<\/a><\/div><div class=\"cat-links\"><i class=\"fas fa-tags\"><\/i><a href=\"https:\/\/trema.hr\/?cat=87\" rel=\"category\">Fizika<\/a><\/div><\/div><div class=\"gutentor-post-excerpt gutentor-single-item-desc\"><p class='gutentor-single-item-desc'>Na eksperimentu su radili Toki\u0107 Zdeslav i Jankoski Jan.\n\n\n\nDokazivanje Zemljine zakrivljenosti i ra\u010d&hellip;<\/p><\/div><a class=\"gutentor-button gutentor-single-item-button gutentor-icon-hide\"  href=\"https:\/\/trema.hr\/?p=7648\" href=\"https:\/\/trema.hr\/?p=7648\"><i class=\"gutentor-button-icon fas fa-book\" ><\/i><span>Detaljnije<\/span><\/a><\/div><\/div><\/article><\/div><\/div><\/div><\/section>","protected":false},"excerpt":{"rendered":"<p>Lex I:Corpus omne perseverare in statu suo quiescendi vel movendi uniformiter in directum, nisi quatenus a viribus impressis cogitur statum illum mutare.<\/p>\n<p>Prvi Newtonov zakon gibanja(na latinskom):<\/p>\n","protected":false},"author":1,"featured_media":0,"parent":99,"menu_order":0,"comment_status":"closed","ping_status":"closed","template":"","meta":{"footnotes":""},"class_list":["post-96","page","type-page","status-publish","hentry"],"_links":{"self":[{"href":"https:\/\/trema.hr\/index.php?rest_route=\/wp\/v2\/pages\/96","targetHints":{"allow":["GET"]}}],"collection":[{"href":"https:\/\/trema.hr\/index.php?rest_route=\/wp\/v2\/pages"}],"about":[{"href":"https:\/\/trema.hr\/index.php?rest_route=\/wp\/v2\/types\/page"}],"author":[{"embeddable":true,"href":"https:\/\/trema.hr\/index.php?rest_route=\/wp\/v2\/users\/1"}],"replies":[{"embeddable":true,"href":"https:\/\/trema.hr\/index.php?rest_route=%2Fwp%2Fv2%2Fcomments&post=96"}],"version-history":[{"count":2,"href":"https:\/\/trema.hr\/index.php?rest_route=\/wp\/v2\/pages\/96\/revisions"}],"predecessor-version":[{"id":7651,"href":"https:\/\/trema.hr\/index.php?rest_route=\/wp\/v2\/pages\/96\/revisions\/7651"}],"up":[{"embeddable":true,"href":"https:\/\/trema.hr\/index.php?rest_route=\/wp\/v2\/pages\/99"}],"wp:attachment":[{"href":"https:\/\/trema.hr\/index.php?rest_route=%2Fwp%2Fv2%2Fmedia&parent=96"}],"curies":[{"name":"wp","href":"https:\/\/api.w.org\/{rel}","templated":true}]}}