{"id":95,"date":"2016-10-17T13:32:23","date_gmt":"2016-10-17T13:32:23","guid":{"rendered":"http:\/\/www.demo.acmethemes.com\/education-base\/?page_id=25"},"modified":"2024-09-16T12:10:55","modified_gmt":"2024-09-16T10:10:55","slug":"literature","status":"publish","type":"page","link":"https:\/\/trema.hr\/?page_id=95","title":{"rendered":"Hrvatski jezik"},"content":{"rendered":"<p>\u201e<i>Knjige su kompasi, teleskopi, karte koje su drugi ljudi pripremili da nam pomognu ploviti po opasnim morima ljudskog \u017eivota.<\/i><span lang=\"ar-SA\"><span style=\"font-family: Calibri;\"><span lang=\"he-IL\"><i>\u05f4<\/i><\/span><\/span><i> <\/i><\/span>(Joan Lippman)<\/p>\n<p>\u201e<i>\u010covjek \u010dita da bi postavljao pitanja.<\/i><span lang=\"ar-SA\"><span style=\"font-family: Calibri;\"><span lang=\"he-IL\"><i>\u05f4<\/i><\/span><\/span> <\/span>(Franz Kafka)<\/p>\n<p>\u201e<i>Prava je domovina zapravo jezik.\u201c <\/i>(Wilhelm von Humboldt)<\/p>\n<p>Svrha je u\u010denja i pou\u010davanja predmeta Hrvatski jezik osposobljavanje u\u010denika za sporazumijevanje hrvatskim standardnim jezikom, slobodno izra\u017eavanje misli, osje\u0107aja i stavova te spoznavanje vlastitog, narodnog i nacionalnog jezi\u010dno-kulturnog identiteta. Predmet je organiziran u tri me\u0111usobno povezana predmetna podru\u010dja: hrvatski jezik i komunikacija, knji\u017eevnost i stvarala\u0161tvo, kultura i mediji. U svim se podru\u010djima razvija komunikacijska jezi\u010dna kompetencija i poti\u010de se ovladavanje vje\u0161tinama slu\u0161anja, govorenja, \u010ditanja i pisanja te se stje\u010du osnove \u010ditala\u010dke i medijske pismenosti. U\u010de\u0107i hrvatski jezik, dakle, u\u010denici stje\u010du vje\u0161tine koje im poma\u017eu u u\u010denju svih drugih predmeta, pridonose njihovu osobnom razvoju i omogu\u0107uju im djelovanje u osobnim, dru\u0161tvenim, kulturnim i poslovnim prigodama. \u010citaju\u0107i i upoznavaju\u0107i reprezentativna djela hrvatske i svjetske knji\u017eevnosti, u\u010denici razvijaju kriti\u010dko mi\u0161ljenje, literarni ukus, ma\u0161tu i refleksiju o svijetu, sebi i drugima, izgra\u0111uju vlastiti svjetonazor te njeguju moralne i estetske vrijednosti.<\/p>\n<p>U na\u0161oj se \u0161koli nastava Hrvatskoga jezika odvija \u010detiri sata tjedno, dakle 140 sati godi\u0161nje u prvom, drugom i tre\u0107em razredu te 128 sati u \u010detvrtom razredu. U radu se slu\u017eimo \u010ditankom <i>Knji\u017eevni vremeplov<\/i> i ud\u017ebenikom <i>Fon-fon<\/i>, ali nastavnici pripremaju i dodatne materijale za u\u010denike. Tijekom nastavne godine \u010dita se desetak lektirnih djela. Kako je ispit iz predmeta Hrvatski jezik obvezan na dr\u017eavnoj maturi, nastavnici se trude uskladiti nastavu sa zahtjevima tog ispita, stoga su rezultati na\u0161ih u\u010denika na maturi ve\u0107 godinama iznadprosje\u010dni.<\/p>\n<p><a name=\"_GoBack\"><\/a> Na\u0161i u\u010denici \u010desto sudjeluju i na Smotri LiDraNo te redovito na Natjecanju iz hrvatskoga jezika, gdje ve\u0107 godinama ostvaruju zapa\u017eene rezultate na \u017eupanijskoj i dr\u017eavnoj razini. U \u0161koli djeluje i novinarska grupa koja jednom godi\u0161nje izdaje \u0161kolski list <i>Trema<\/i>. Nastojimo pratiti i kulturne doga\u0111aje u Splitu, stoga smo redoviti korisnici pretplate Teatar mladih u Hrvatskom narodnom kazali\u0161tu, a organiziramo i posjete drugim kazali\u0161nim predstavama i kulturnim doga\u0111ajima koji bi u\u010denicima mogli biti pou\u010dni i zanimljivi.<\/p>\n\n<section class=\"gutentor-section gutentor-blog-post-wrapper blog-template1 wp-block-gutentor-blog-post\" id=\"section-c8232928-5b6f-4603-b496-18d8ac648843\" >\n<div class='grid-container'><div class=\"gutentor-block-header\"><div class=\"gutentor-section-title enable-title-design seperator-bottom text-center \"  >\n<h2 class=\"gutentor-title\">\nNastavni materijali<\/h2>\n<\/div>\n<\/div><div class='gutentor-grid-item-wrap '  ><div class='grid-row ' ><article class='gutentor-post-no-thumb  grid-lg-12 grid-md-4 grid-12 blog-grid'><div class=\"gutentor-single-item\"><div class=\"gutentor-single-item-image-box\"><\/div><div class=\"gutentor-post-content\"><h3 class=\"gutentor-single-item-title\"><a href=\"https:\/\/trema.hr\/?p=7574\" rel=\"bookmark\">Priprava za izvedbu nastavnoga sata iz Hrvatskoga jezika ( autorica Drinka Bedalov, prof. )<\/a><\/h3><div class=\"entry-meta\"><div class=\"posted-on\"><i class=\"far fa-calendar-alt\"><\/i><a href=\"https:\/\/trema.hr\/?p=7574\" rel=\"bookmark\">18 o\u017eujka, 2022<\/a><\/div><div class=\"cat-links\"><i class=\"fas fa-tags\"><\/i><a href=\"https:\/\/trema.hr\/?cat=61\" rel=\"category\">Hrvatski jezik<\/a><\/div><\/div><a class=\"gutentor-button gutentor-single-item-button gutentor-icon-hide\"  href=\"https:\/\/trema.hr\/?p=7574\" href=\"https:\/\/trema.hr\/?p=7574\"><i class=\"gutentor-button-icon fas fa-book\" ><\/i><span>Detaljnije<\/span><\/a><\/div><\/div><\/article><\/div><\/div><\/div><\/section>","protected":false},"excerpt":{"rendered":"<p>Svrha je u\u010denja i pou\u010davanja predmeta Hrvatski jezik osposobljavanje u\u010denika za sporazumijevanje hrvatskim standardnim jezikom, slobodno izra\u017eavanje misli, osje\u0107aja i stavova te spoznavanje vlastitog, narodnog i nacionalnog jezi\u010dno-kulturnog identiteta.<\/p>\n","protected":false},"author":1,"featured_media":0,"parent":99,"menu_order":0,"comment_status":"closed","ping_status":"closed","template":"","meta":{"footnotes":""},"class_list":["post-95","page","type-page","status-publish","hentry"],"_links":{"self":[{"href":"https:\/\/trema.hr\/index.php?rest_route=\/wp\/v2\/pages\/95","targetHints":{"allow":["GET"]}}],"collection":[{"href":"https:\/\/trema.hr\/index.php?rest_route=\/wp\/v2\/pages"}],"about":[{"href":"https:\/\/trema.hr\/index.php?rest_route=\/wp\/v2\/types\/page"}],"author":[{"embeddable":true,"href":"https:\/\/trema.hr\/index.php?rest_route=\/wp\/v2\/users\/1"}],"replies":[{"embeddable":true,"href":"https:\/\/trema.hr\/index.php?rest_route=%2Fwp%2Fv2%2Fcomments&post=95"}],"version-history":[{"count":6,"href":"https:\/\/trema.hr\/index.php?rest_route=\/wp\/v2\/pages\/95\/revisions"}],"predecessor-version":[{"id":8974,"href":"https:\/\/trema.hr\/index.php?rest_route=\/wp\/v2\/pages\/95\/revisions\/8974"}],"up":[{"embeddable":true,"href":"https:\/\/trema.hr\/index.php?rest_route=\/wp\/v2\/pages\/99"}],"wp:attachment":[{"href":"https:\/\/trema.hr\/index.php?rest_route=%2Fwp%2Fv2%2Fmedia&parent=95"}],"curies":[{"name":"wp","href":"https:\/\/api.w.org\/{rel}","templated":true}]}}