{"id":94,"date":"2016-10-17T13:35:34","date_gmt":"2016-10-17T13:35:34","guid":{"rendered":"http:\/\/www.demo.acmethemes.com\/education-base\/?page_id=27"},"modified":"2025-08-29T10:42:42","modified_gmt":"2025-08-29T08:42:42","slug":"message-from-director","status":"publish","type":"page","link":"https:\/\/trema.hr\/?page_id=94","title":{"rendered":"Pozdravna rije\u010d ravnateljice"},"content":{"rendered":"<div id=\"t3-content\" class=\"t3-content col-xs-12\">\n<div class=\"item-page clearfix\">\n<article>\n<section class=\"article-content clearfix\">\n<h2><strong>Dragi u\u010denici, kolege, prijatelji!<\/strong><\/h2>\n<p><strong>R<\/strong>aduje me \u0161to ste odvojili slobodni trenutak da otvorite vrata III. gimnazije, popularno zvane MIOC, i otkrijete \u0161kolski svijet splitskih matemati\u010dara i prirodoslovaca. Mre\u017ene stranice na\u0161e \u0161kole slu\u017ee kao informativno sredi\u0161te u\u010denicima, roditeljima i svim zainteresiranima koji \u017eele upoznati na\u0161u svakodnevicu i rad kroz mno\u0161tvo aktivnosti u kojima u\u010denici i profesori ostvaruju kreativnu suradnju. \u017delim vam predstaviti \u0161kolu koja proteklih godina nosi epitet jedne od najboljih gimnazija u Republici Hrvatskoj.<\/p>\n<p>Svake godine na\u0161i u\u010denici ostvaruju izvrsne rezultate na ispitima dr\u017eavne mature. Nekolicina njih uvijek je me\u0111u onima koje Ministarstvo znanosti, obrazovanja i mladih nagradi za najbolji prosjek rije\u0161enosti obveznih ispita \u2013 matematike, hrvatskoga i stranoga jezika na vi\u0161oj, A razini. Na\u0161i u\u010denici nekoliko su se puta na\u0161li i na samom vrhu te liste te zaslu\u017eili posebno Priznanje za izniman uspjeh na dr\u017eavnoj maturi. Dr\u017ee\u0107i govor na dodjeli, uvijek\u00a0 istaknu vrijedan rad svojih profesora za koje smatraju da su velikim dijelom zaslu\u017eni za njihov uspjeh. Kona\u010dno, Nagrada Marin Solja\u010di\u0107 za ostvareni najbolji rezultat na maturi iz matematike i fizike dva puta pripala je\u00a0 u\u010denicima na\u0161e \u0161kole, a lani i nagrada za najboljeg maturanta u podru\u010dju informatike.<\/p>\n<p>Na\u0161i u\u010denici osvajaju brojne nagrade na dr\u017eavnim natjecanjima i me\u0111unarodnim olimpijadama, pa su opet bili izuzetno uspje\u0161ni. Vratili su se ovjen\u010dani pohvalama i medaljama s me\u0111unarodnih natjecanja i olimpijada iz matematike, fizike, biologije, geografije i prirodoslovlja.<br \/>\nPremda je u sredi\u0161tu na\u0161eg rada prirodoslovno-matemati\u010dka znanost, velikih uspjeha imamo i u natjecanjima iz ostalih predmeta, a ostvarujemo i zapa\u017eene sportske rezultate.<br \/>\nU na\u0161oj \u0161koli razvijamo u\u010deni\u010dku ma\u0161tu i umjetni\u010dko izra\u017eavanje sudjelovanjem u brojnim projektima. U\u010denicima su ponu\u0111ene i razne izvannastavne aktivnosti, pa se mogu pridru\u017eiti novinarskoj grupi koja ure\u0111uje \u0161kolski list Tremu, sudjelovati u izradi i odr\u017eavanju web-stranice i ra\u010dunala, biti \u010dlan debatnog kluba, filmske dru\u017eine\u00a0<em>Tre\u0107a scena<\/em> ili odabrati neku drugu aktivnost prema svojim interesima.<br \/>\nDa imamo veliko srce, pokazujemo \u010destim uklju\u010divanjem u humanitarne akcije i volonterskim radom.<br \/>\nVe\u0107 dugi niz godina za izuzetna postignu\u0107a u radu s u\u010denicima dobivamo presti\u017ena priznanja i od zagreba\u010dkog FER-a i splitskog FESB-a.<\/p>\n<p>Jedna od najve\u0107ih vrijednosti na\u0161e \u0161kole odgovorni su, marljivi i kreativni profesori koji ula\u017eu izniman trud u radu s u\u010denicima poku\u0161avaju\u0107i u svakom trenutku izvu\u0107i iz njih ono najbolje. Na svoje u\u010denike djeluju poticajno \u017eele\u0107i im prenijeti znanje, ali i dio svoje ljubavi prema predmetu koji predaju stvaraju\u0107i tako radno ozra\u010dje u kojem se u\u010denici i oni osje\u0107aju ugodno.<\/p>\n<p><strong>D<\/strong>ragi na\u0161i prva\u0161i, uvjerena sam da su pred vama \u010detiri lijepe godine koje \u0107ete provesti u prijateljskom ozra\u010dju, da \u0107ete puno toga nau\u010diti, a iz ove \u0161kole iza\u0107i kao dobri ljudi spremni za \u017eivotne izazove koji su pred vama. \u017delim vam srda\u010dnu dobrodo\u0161licu, a svim ostalim u\u010denicima i profesorima jo\u0161 jednu uspje\u0161nu \u0161kolsku godinu!<\/p>\n<p><em>Va\u0161a ravnateljica Deana Bok\u0161i\u0107, prof.<\/em><\/p>\n<\/section>\n<\/article>\n<\/div>\n<\/div>\n","protected":false},"excerpt":{"rendered":"<p>  .<\/p>\n","protected":false},"author":1,"featured_media":5106,"parent":0,"menu_order":0,"comment_status":"closed","ping_status":"closed","template":"","meta":{"footnotes":""},"class_list":["post-94","page","type-page","status-publish","has-post-thumbnail","hentry"],"_links":{"self":[{"href":"https:\/\/trema.hr\/index.php?rest_route=\/wp\/v2\/pages\/94","targetHints":{"allow":["GET"]}}],"collection":[{"href":"https:\/\/trema.hr\/index.php?rest_route=\/wp\/v2\/pages"}],"about":[{"href":"https:\/\/trema.hr\/index.php?rest_route=\/wp\/v2\/types\/page"}],"author":[{"embeddable":true,"href":"https:\/\/trema.hr\/index.php?rest_route=\/wp\/v2\/users\/1"}],"replies":[{"embeddable":true,"href":"https:\/\/trema.hr\/index.php?rest_route=%2Fwp%2Fv2%2Fcomments&post=94"}],"version-history":[{"count":5,"href":"https:\/\/trema.hr\/index.php?rest_route=\/wp\/v2\/pages\/94\/revisions"}],"predecessor-version":[{"id":8592,"href":"https:\/\/trema.hr\/index.php?rest_route=\/wp\/v2\/pages\/94\/revisions\/8592"}],"wp:featuredmedia":[{"embeddable":true,"href":"https:\/\/trema.hr\/index.php?rest_route=\/wp\/v2\/media\/5106"}],"wp:attachment":[{"href":"https:\/\/trema.hr\/index.php?rest_route=%2Fwp%2Fv2%2Fmedia&parent=94"}],"curies":[{"name":"wp","href":"https:\/\/api.w.org\/{rel}","templated":true}]}}