{"id":9367,"date":"2025-12-16T15:48:09","date_gmt":"2025-12-16T14:48:09","guid":{"rendered":"https:\/\/trema.hr\/?page_id=9367"},"modified":"2025-12-23T10:22:29","modified_gmt":"2025-12-23T09:22:29","slug":"digitalni-nastavni-materijali","status":"publish","type":"page","link":"https:\/\/trema.hr\/?page_id=9367","title":{"rendered":"Digitalni nastavni materijali"},"content":{"rendered":"\n<figure class=\"wp-block-embed is-type-wp-embed is-provider-iii-gimnazija-split wp-block-embed-iii-gimnazija-split\"><div class=\"wp-block-embed__wrapper\">\n<blockquote class=\"wp-embedded-content\" data-secret=\"aLKO9cC5fU\"><a href=\"https:\/\/trema.hr\/?page_id=548\">Digitalni repozitorij nastave kemije<\/a><\/blockquote><iframe loading=\"lazy\" class=\"wp-embedded-content\" sandbox=\"allow-scripts\" security=\"restricted\" style=\"position: absolute; visibility: hidden;\" title=\"&#8220;Digitalni repozitorij nastave kemije&#8221; &#8212; III. gimnazija, Split\" src=\"https:\/\/trema.hr\/?page_id=548&#038;embed=true#?secret=TK9OC8zi04#?secret=aLKO9cC5fU\" data-secret=\"aLKO9cC5fU\" width=\"600\" height=\"338\" frameborder=\"0\" marginwidth=\"0\" marginheight=\"0\" scrolling=\"no\"><\/iframe>\n<\/div><\/figure>\n\n\n\n<p><\/p>\n\n\n\n<figure class=\"wp-block-embed is-type-wp-embed is-provider-iii-gimnazija-split wp-block-embed-iii-gimnazija-split\"><div class=\"wp-block-embed__wrapper\">\n<blockquote class=\"wp-embedded-content\" data-secret=\"xODyftJ53E\"><a href=\"https:\/\/trema.hr\/?page_id=989\">Mladi prirodoslovac<\/a><\/blockquote><iframe loading=\"lazy\" class=\"wp-embedded-content\" sandbox=\"allow-scripts\" security=\"restricted\" style=\"position: absolute; visibility: hidden;\" title=\"&#8220;Mladi prirodoslovac&#8221; &#8212; III. gimnazija, Split\" src=\"https:\/\/trema.hr\/?page_id=989&#038;embed=true#?secret=nuHK50RjTk#?secret=xODyftJ53E\" data-secret=\"xODyftJ53E\" width=\"600\" height=\"338\" frameborder=\"0\" marginwidth=\"0\" marginheight=\"0\" scrolling=\"no\"><\/iframe>\n<\/div><\/figure>\n","protected":false},"excerpt":{"rendered":"<p>Organizirana kolekcija digitalnih sadr\u017eaja te u\u010deni\u010dkih radova.<\/p>\n","protected":false},"author":1,"featured_media":0,"parent":0,"menu_order":0,"comment_status":"closed","ping_status":"closed","template":"","meta":{"footnotes":""},"class_list":["post-9367","page","type-page","status-publish","hentry"],"_links":{"self":[{"href":"https:\/\/trema.hr\/index.php?rest_route=\/wp\/v2\/pages\/9367","targetHints":{"allow":["GET"]}}],"collection":[{"href":"https:\/\/trema.hr\/index.php?rest_route=\/wp\/v2\/pages"}],"about":[{"href":"https:\/\/trema.hr\/index.php?rest_route=\/wp\/v2\/types\/page"}],"author":[{"embeddable":true,"href":"https:\/\/trema.hr\/index.php?rest_route=\/wp\/v2\/users\/1"}],"replies":[{"embeddable":true,"href":"https:\/\/trema.hr\/index.php?rest_route=%2Fwp%2Fv2%2Fcomments&post=9367"}],"version-history":[{"count":3,"href":"https:\/\/trema.hr\/index.php?rest_route=\/wp\/v2\/pages\/9367\/revisions"}],"predecessor-version":[{"id":9463,"href":"https:\/\/trema.hr\/index.php?rest_route=\/wp\/v2\/pages\/9367\/revisions\/9463"}],"wp:attachment":[{"href":"https:\/\/trema.hr\/index.php?rest_route=%2Fwp%2Fv2%2Fmedia&parent=9367"}],"curies":[{"name":"wp","href":"https:\/\/api.w.org\/{rel}","templated":true}]}}