{"id":9035,"date":"2025-10-29T11:14:29","date_gmt":"2025-10-29T10:14:29","guid":{"rendered":"https:\/\/trema.hr\/?page_id=9035"},"modified":"2025-10-29T11:34:20","modified_gmt":"2025-10-29T10:34:20","slug":"nasi-uspjei-u-s-g-2025-20024","status":"publish","type":"page","link":"https:\/\/trema.hr\/?page_id=9035","title":{"rendered":"Pregled postignu\u0107a na\u0161ih u\u010denika u \u0161kolskoj godini 2024.\/25."},"content":{"rendered":"<h2><a href=\"https:\/\/trema.hr\/?page_id=8537\">REZULTATI DR\u017dAVNE MATURE\u00a0<\/a><\/h2>\n<h2><a href=\"https:\/\/trema.hr\/?p=8331\">REZULTATI DR\u017dAVNIH NATJECANJA\u00a0<\/a><\/h2>\n<h2><a href=\"https:\/\/trema.hr\/?page_id=8530\">REZULTATI ME\u0110UNARODNIH NATJECANJA\u00a0<\/a><\/h2>\n<h2><a href=\"https:\/\/trema.hr\/?page_id=8316\">OSKAR ZNANJA\u00a0<\/a><\/h2>\n\n\n<p><\/p>\n","protected":false},"excerpt":{"rendered":"<p>.<\/p>\n","protected":false},"author":1,"featured_media":9034,"parent":0,"menu_order":0,"comment_status":"closed","ping_status":"closed","template":"","meta":{"footnotes":""},"class_list":["post-9035","page","type-page","status-publish","has-post-thumbnail","hentry"],"_links":{"self":[{"href":"https:\/\/trema.hr\/index.php?rest_route=\/wp\/v2\/pages\/9035","targetHints":{"allow":["GET"]}}],"collection":[{"href":"https:\/\/trema.hr\/index.php?rest_route=\/wp\/v2\/pages"}],"about":[{"href":"https:\/\/trema.hr\/index.php?rest_route=\/wp\/v2\/types\/page"}],"author":[{"embeddable":true,"href":"https:\/\/trema.hr\/index.php?rest_route=\/wp\/v2\/users\/1"}],"replies":[{"embeddable":true,"href":"https:\/\/trema.hr\/index.php?rest_route=%2Fwp%2Fv2%2Fcomments&post=9035"}],"version-history":[{"count":7,"href":"https:\/\/trema.hr\/index.php?rest_route=\/wp\/v2\/pages\/9035\/revisions"}],"predecessor-version":[{"id":9051,"href":"https:\/\/trema.hr\/index.php?rest_route=\/wp\/v2\/pages\/9035\/revisions\/9051"}],"wp:featuredmedia":[{"embeddable":true,"href":"https:\/\/trema.hr\/index.php?rest_route=\/wp\/v2\/media\/9034"}],"wp:attachment":[{"href":"https:\/\/trema.hr\/index.php?rest_route=%2Fwp%2Fv2%2Fmedia&parent=9035"}],"curies":[{"name":"wp","href":"https:\/\/api.w.org\/{rel}","templated":true}]}}