{"id":88,"date":"2016-10-17T13:44:26","date_gmt":"2016-10-17T13:44:26","guid":{"rendered":"http:\/\/www.demo.acmethemes.com\/education-base\/?page_id=39"},"modified":"2024-06-07T19:17:42","modified_gmt":"2024-06-07T17:17:42","slug":"etwinning","status":"publish","type":"page","link":"https:\/\/trema.hr\/?page_id=88","title":{"rendered":"eTwinning projekti"},"content":{"rendered":"<section class=\"gutentor-section gutentor-blog-post-wrapper blog-template1 wp-block-gutentor-blog-post\" id=\"section-a9624478-e503-471b-ada2-3020e6c5c29a\" >\n<div class='grid-container'><div class=\"gutentor-block-header\"><div class=\"gutentor-section-title enable-title-design seperator-bottom text-center \"  >\n<h2 class=\"gutentor-title\">\nBlock Title<\/h2>\n<\/div>\n<\/div><div class='gutentor-grid-item-wrap '  ><div class='grid-row ' ><article class='gutentor-post-no-thumb  grid-lg-6 grid-md-4 grid-12 blog-grid'><div class=\"gutentor-single-item\"><div class=\"gutentor-single-item-image-box\"><\/div><div class=\"gutentor-post-content\"><h3 class=\"gutentor-single-item-title\"><a href=\"https:\/\/trema.hr\/?p=8666\" rel=\"bookmark\">Odr\u017eivi stil \u017eivota<\/a><\/h3><div class=\"entry-meta\"><div class=\"cat-links\"><i class=\"fas fa-tags\"><\/i><a href=\"https:\/\/trema.hr\/?cat=68\" rel=\"category\">Biologija<\/a>, <a href=\"https:\/\/trema.hr\/?cat=86\" rel=\"category\">eTwinning<\/a><\/div><\/div><div class=\"gutentor-post-excerpt gutentor-single-item-desc\"><p class='gutentor-single-item-desc'><\/p><\/div><a class=\"gutentor-button gutentor-single-item-button gutentor-icon-hide\"  href=\"https:\/\/trema.hr\/?p=8666\" href=\"https:\/\/trema.hr\/?p=8666\"><i class=\"gutentor-button-icon fas fa-book\" ><\/i><span>Read More<\/span><\/a><\/div><\/div><\/article><article class='gutentor-post-no-thumb  grid-lg-6 grid-md-4 grid-12 blog-grid'><div class=\"gutentor-single-item\"><div class=\"gutentor-single-item-image-box\"><\/div><div class=\"gutentor-post-content\"><h3 class=\"gutentor-single-item-title\"><a href=\"https:\/\/trema.hr\/?p=8663\" rel=\"bookmark\">Transverzalne vje\u0161tine 21. stolje\u0107a<\/a><\/h3><div class=\"entry-meta\"><div class=\"cat-links\"><i class=\"fas fa-tags\"><\/i><a href=\"https:\/\/trema.hr\/?cat=68\" rel=\"category\">Biologija<\/a>, <a href=\"https:\/\/trema.hr\/?cat=86\" rel=\"category\">eTwinning<\/a><\/div><\/div><div class=\"gutentor-post-excerpt gutentor-single-item-desc\"><p class='gutentor-single-item-desc'>Koordinator projekta: Vesna Dobroni\u0107Ciljevi aktivnosti: Objasniti i dokumentirati uzro\u010dno posljedi\u010dn&hellip;<\/p><\/div><a class=\"gutentor-button gutentor-single-item-button gutentor-icon-hide\"  href=\"https:\/\/trema.hr\/?p=8663\" href=\"https:\/\/trema.hr\/?p=8663\"><i class=\"gutentor-button-icon fas fa-book\" ><\/i><span>Read More<\/span><\/a><\/div><\/div><\/article><article class='gutentor-post-no-thumb  grid-lg-6 grid-md-4 grid-12 blog-grid'><div class=\"gutentor-single-item\"><div class=\"gutentor-single-item-image-box\"><\/div><div class=\"gutentor-post-content\"><h3 class=\"gutentor-single-item-title\"><a href=\"https:\/\/trema.hr\/?p=7330\" rel=\"bookmark\">Projekt formula za razvoj \u017eivotnih vje\u0161tina<\/a><\/h3><div class=\"entry-meta\"><div class=\"cat-links\"><i class=\"fas fa-tags\"><\/i><a href=\"https:\/\/trema.hr\/?cat=68\" rel=\"category\">Biologija<\/a>, <a href=\"https:\/\/trema.hr\/?cat=86\" rel=\"category\">eTwinning<\/a><\/div><\/div><div class=\"gutentor-post-excerpt gutentor-single-item-desc\"><p class='gutentor-single-item-desc'>https:\/\/sites.google.com\/view\/formula-za-razvoj-ivotnih-vjet\/po%C4%8Detna-stranica&hellip;<\/p><\/div><a class=\"gutentor-button gutentor-single-item-button gutentor-icon-hide\"  href=\"https:\/\/trema.hr\/?p=7330\" href=\"https:\/\/trema.hr\/?p=7330\"><i class=\"gutentor-button-icon fas fa-book\" ><\/i><span>Read More<\/span><\/a><\/div><\/div><\/article><article class='gutentor-post-no-thumb  grid-lg-6 grid-md-4 grid-12 blog-grid'><div class=\"gutentor-single-item\"><div class=\"gutentor-single-item-image-box\"><\/div><div class=\"gutentor-post-content\"><h3 class=\"gutentor-single-item-title\"><a href=\"https:\/\/trema.hr\/?p=6343\" rel=\"bookmark\">eTwinning projekt<\/a><\/h3><div class=\"entry-meta\"><div class=\"cat-links\"><i class=\"fas fa-tags\"><\/i><a href=\"https:\/\/trema.hr\/?cat=68\" rel=\"category\">Biologija<\/a>, <a href=\"https:\/\/trema.hr\/?cat=86\" rel=\"category\">eTwinning<\/a>, <a href=\"https:\/\/trema.hr\/?cat=20\" rel=\"category\">Obavijesti<\/a><\/div><\/div><div class=\"gutentor-post-excerpt gutentor-single-item-desc\"><p class='gutentor-single-item-desc'>Vremenska Lenta\n\n\n\n\n\n\n\nProjekt koji se provodio 2023.\/2024. godine sinergijskim radom u\u010denika i prof&hellip;<\/p><\/div><a class=\"gutentor-button gutentor-single-item-button gutentor-icon-hide\"  href=\"https:\/\/trema.hr\/?p=6343\" href=\"https:\/\/trema.hr\/?p=6343\"><i class=\"gutentor-button-icon fas fa-book\" ><\/i><span>Read More<\/span><\/a><\/div><\/div><\/article><\/div><\/div><\/div><\/section>\n\n<p>III.gimnaziji, Split dodijeljena je oznaka eTwinning \u0161kole za 2019. i 2020. godinu te je tako priznata kao jedna od vode\u0107ih \u0161kola na podru\u010dju primjene inovativnih i kreativnih pristupa tehnologiji, promicanja stalnog stru\u010dnog usavr\u0161avanja nastavnika te poticanja suradnje u nastavnoj praksi me\u0111u \u0161kolama Europske unije.<\/p>\n<p>Stoga smo uprili\u010dili sve\u010danost koja je odr\u017eana na Dan Europe, 9. svibnja 2019. u prostorijama \u0161kolske knji\u017enice, a sudionici su bili brojni nastavnici iz osnovnih i srednjih \u0161kola Splita, a i \u0161ire. Sudionici su imali priliku nadahnuti se i informirati o mogu\u0107nostima koje se nude nastavnicima kroz eTwinning zajednicu \u0161kola diljem Europe (\u0161kolski projekt koji financira Europska Komisija dostupna putem mre\u017ene platforme www.etwinning.net ),a dio je Erasmus+, program Europske unije u podru\u010dju obrazovanja, osposobljavanja, mladih i sporta.<\/p>\n<p>U okviru eTwinning sve\u010danosti organizirali smo slijede\u0107e aktivnosti:<\/p>\n<p>mre\u017eni kviz namijenjen svim sudionicima skupa, zatim prezentacija na\u0161ih najuspje\u0161nijih eTwinning aktivnosti te predavanja eTwinning ambasadorice Julijane Novakovi\u0107, prof. za nastavnike osnovnih i srednjih \u0161kola.<\/p>\n<p>Manifestacija ja zapo\u010dela pozdravnom rije\u010dju ravnateljice III. gimnazije, Split. Tom prilikom je profesorica Deana Bok\u0161i\u0107 istakla da je priznanje, oznaka eTwinning \u0161kole, veliko postignu\u0107e, ali i obaveza za sve eTwinning timove te motiviraju\u0107i primjer svim \u0161kolama u toj zajednici. Pozvala je na\u0161e kolege iz drugih \u0161kola da se uklju\u010de te sljede\u0107u manifestaciju ovog tipa organiziramo zajedno.<\/p>\n<p>Na\u0161i najuspje\u0161nijih eTwinning projekti u \u0161kolskoj godini 2018.\/2019.:<\/p>\n<p>od ideje do realizacije mo\u017eete pogledati na poveznici: <a href=\"https:\/\/biteable.com\/watch\/etwinning-aktivnosti-u-iiigimnaziji-split-2271476\">https:\/\/biteable.com\/watch\/etwinning-aktivnosti-u-iiigimnaziji-split-2271476<\/a><\/p>\n<p><\/p>\n\n\n<section id=\"section-d490a9c1-2234-4619-aedd-9c7937dddc88\" class=\"wp-block-gutentor-gallery gutentor-section gutentor-gallery gutentor-gallery-wrapper enable-masonry gallery-template1\"><div class=\"grid-container\"><div class=\"gutentor-block-header\"><div class=\"gutentor-section-title enable-title-design seperator-bottom text-center\"><h2 class=\"gutentor-title\">Nacionalna oznaka kvalitete<\/h2><\/div><\/div><div class=\"grid-row gutentor-grid-item-wrap full-width-row\"><div class=\"gutentor-gallery-item grid-lg-4 grid-md-4 grid-12\"><div class=\"gutentor-single-item gutentor-image gutentor-single-item-0\"><div class=\"gutentor-gallery-item-wrap\"><div class=\"gutentor-single-item-image-box\"><div class=\"gutentor-image-thumb\"><img loading=\"lazy\" decoding=\"async\" class=\"normal-image\" src=\"https:\/\/trema.hr\/wp-content\/uploads\/2020\/09\/a7173bd7b4163eb0_nql_hr-1.jpg\" alt=\"\" height=\"1653\" width=\"2339\"\/><\/div><\/div><div class=\"gutentor-single-item-content\"><div class=\"gutentor-gallery-item-header\"><h3 class=\"gutentor-single-item-title\">eTwinning projekt<\/h3><a href=\"https:\/\/trema.hr\/wp-content\/uploads\/2020\/09\/a7173bd7b4163eb0_nql_hr-1.jpg\" class=\"image-gallery\"><i class=\"gallery-icon fas fa-search\"><\/i><\/a><\/div><div class=\"gutentor-gallery-item-desc\"><p class=\"gutentor-single-item-desc\">Short Description<\/p><\/div><\/div><\/div><\/div><\/div><div class=\"gutentor-gallery-item grid-lg-4 grid-md-4 grid-12\"><div class=\"gutentor-single-item gutentor-image gutentor-single-item-1\"><div class=\"gutentor-gallery-item-wrap\"><div class=\"gutentor-single-item-image-box\"><div class=\"gutentor-image-thumb\"><img loading=\"lazy\" decoding=\"async\" class=\"normal-image\" src=\"https:\/\/trema.hr\/wp-content\/uploads\/2020\/09\/bd1cb6eeb81cd639_nql_en-1.jpg\" alt=\"\" height=\"1653\" width=\"2339\"\/><\/div><\/div><div class=\"gutentor-single-item-content\"><div class=\"gutentor-gallery-item-header\"><h3 class=\"gutentor-single-item-title\">eTwinning projekt<\/h3><a href=\"https:\/\/trema.hr\/wp-content\/uploads\/2020\/09\/bd1cb6eeb81cd639_nql_en-1.jpg\" class=\"image-gallery\"><i class=\"gallery-icon fas fa-search\"><\/i><\/a><\/div><div class=\"gutentor-gallery-item-desc\"><p class=\"gutentor-single-item-desc\">Short Description<\/p><\/div><\/div><\/div><\/div><\/div><\/div><\/div><\/section>\n\n\n\n<section id=\"section-72d3cefa-6639-4c5e-b3cd-f5d4b0fe1c6a\" class=\"wp-block-gutentor-gallery gutentor-section gutentor-gallery gutentor-gallery-wrapper enable-masonry gallery-template1\"><div class=\"grid-container\"><div class=\"gutentor-block-header\"><div class=\"gutentor-section-title enable-title-design seperator-bottom text-center\"><h2 class=\"gutentor-title\">Europska oznaka kvalitete<\/h2><\/div><\/div><div class=\"grid-row gutentor-grid-item-wrap full-width-row\"><div class=\"gutentor-gallery-item grid-lg-4 grid-md-4 grid-12\"><div class=\"gutentor-single-item gutentor-image gutentor-single-item-0\"><div class=\"gutentor-gallery-item-wrap\"><div class=\"gutentor-single-item-image-box\"><div class=\"gutentor-image-thumb\"><img loading=\"lazy\" decoding=\"async\" class=\"normal-image\" src=\"https:\/\/trema.hr\/wp-content\/uploads\/2020\/05\/b610ec452.jpg\" alt=\"\" height=\"1275\" width=\"1650\"\/><\/div><\/div><div class=\"gutentor-single-item-content\"><div class=\"gutentor-gallery-item-header\"><h3 class=\"gutentor-single-item-title\">eTwinning projekt<\/h3><a href=\"https:\/\/trema.hr\/wp-content\/uploads\/2020\/05\/b610ec452.jpg\" class=\"image-gallery\"><i class=\"gallery-icon fas fa-search\"><\/i><\/a><\/div><div class=\"gutentor-gallery-item-desc\"><p class=\"gutentor-single-item-desc\"><\/p><\/div><\/div><\/div><\/div><\/div><div class=\"gutentor-gallery-item grid-lg-4 grid-md-4 grid-12\"><div class=\"gutentor-single-item gutentor-image gutentor-single-item-1\"><div class=\"gutentor-gallery-item-wrap\"><div class=\"gutentor-single-item-image-box\"><div class=\"gutentor-image-thumb\"><img loading=\"lazy\" decoding=\"async\" class=\"normal-image\" src=\"https:\/\/trema.hr\/wp-content\/uploads\/2020\/05\/b510d3f32.jpg\" alt=\"\" height=\"1275\" width=\"1650\"\/><\/div><\/div><div class=\"gutentor-single-item-content\"><div class=\"gutentor-gallery-item-header\"><h3 class=\"gutentor-single-item-title\">eTwinning projekt<\/h3><a href=\"https:\/\/trema.hr\/wp-content\/uploads\/2020\/05\/b510d3f32.jpg\" class=\"image-gallery\"><i class=\"gallery-icon fas fa-search\"><\/i><\/a><\/div><div class=\"gutentor-gallery-item-desc\"><p class=\"gutentor-single-item-desc\">Short Description<\/p><\/div><\/div><\/div><\/div><\/div><\/div><\/div><\/section>\n\n\n\n<section id=\"section-b15420d0-587a-43b5-9d91-54cc54464c95\" class=\"wp-block-gutentor-gallery gutentor-section gutentor-gallery gutentor-gallery-wrapper enable-masonry gallery-template1\"><div class=\"grid-container\"><div class=\"gutentor-block-header\"><div class=\"gutentor-section-title enable-title-design seperator-bottom text-center\"><h2 class=\"gutentor-title\">Priznanje: eTwinning \u0161kola<\/h2><\/div><\/div><div class=\"grid-row gutentor-grid-item-wrap full-width-row\"><div class=\"gutentor-gallery-item grid-lg-4 grid-md-4 grid-12\"><div class=\"gutentor-single-item gutentor-image gutentor-single-item-0\"><div class=\"gutentor-gallery-item-wrap\"><div class=\"gutentor-single-item-image-box\"><div class=\"gutentor-image-thumb\"><img loading=\"lazy\" decoding=\"async\" class=\"normal-image\" src=\"https:\/\/trema.hr\/wp-content\/uploads\/2020\/02\/awarded-etwinning-school-label_550x360.png\" alt=\"\" height=\"360\" width=\"550\"\/><\/div><\/div><div class=\"gutentor-single-item-content\"><div class=\"gutentor-gallery-item-header\"><h3 class=\"gutentor-single-item-title\"><\/h3><a href=\"https:\/\/trema.hr\/wp-content\/uploads\/2020\/02\/awarded-etwinning-school-label_550x360.png\" class=\"image-gallery\"><i class=\"gallery-icon fas fa-search\"><\/i><\/a><\/div><div class=\"gutentor-gallery-item-desc\"><p class=\"gutentor-single-item-desc\"><\/p><\/div><\/div><\/div><\/div><\/div><\/div><\/div><\/section>\n\n\n\n<p><\/p>\n","protected":false},"excerpt":{"rendered":"<p>Oznaka eTwinning \u0161kole je dodijeljena na\u0161oj \u0161koli 2019.godine<\/p>\n","protected":false},"author":1,"featured_media":4522,"parent":89,"menu_order":0,"comment_status":"closed","ping_status":"closed","template":"","meta":{"footnotes":""},"class_list":["post-88","page","type-page","status-publish","has-post-thumbnail","hentry"],"_links":{"self":[{"href":"https:\/\/trema.hr\/index.php?rest_route=\/wp\/v2\/pages\/88","targetHints":{"allow":["GET"]}}],"collection":[{"href":"https:\/\/trema.hr\/index.php?rest_route=\/wp\/v2\/pages"}],"about":[{"href":"https:\/\/trema.hr\/index.php?rest_route=\/wp\/v2\/types\/page"}],"author":[{"embeddable":true,"href":"https:\/\/trema.hr\/index.php?rest_route=\/wp\/v2\/users\/1"}],"replies":[{"embeddable":true,"href":"https:\/\/trema.hr\/index.php?rest_route=%2Fwp%2Fv2%2Fcomments&post=88"}],"version-history":[{"count":1,"href":"https:\/\/trema.hr\/index.php?rest_route=\/wp\/v2\/pages\/88\/revisions"}],"predecessor-version":[{"id":7334,"href":"https:\/\/trema.hr\/index.php?rest_route=\/wp\/v2\/pages\/88\/revisions\/7334"}],"up":[{"embeddable":true,"href":"https:\/\/trema.hr\/index.php?rest_route=\/wp\/v2\/pages\/89"}],"wp:featuredmedia":[{"embeddable":true,"href":"https:\/\/trema.hr\/index.php?rest_route=\/wp\/v2\/media\/4522"}],"wp:attachment":[{"href":"https:\/\/trema.hr\/index.php?rest_route=%2Fwp%2Fv2%2Fmedia&parent=88"}],"curies":[{"name":"wp","href":"https:\/\/api.w.org\/{rel}","templated":true}]}}