{"id":87,"date":"2016-10-17T13:45:12","date_gmt":"2016-10-17T13:45:12","guid":{"rendered":"http:\/\/www.demo.acmethemes.com\/education-base\/?page_id=41"},"modified":"2021-09-23T20:16:39","modified_gmt":"2021-09-23T18:16:39","slug":"dr-ghansyam-roy","status":"publish","type":"page","link":"https:\/\/trema.hr\/?page_id=87","title":{"rendered":"EDIT"},"content":{"rendered":"<p><a href=\"https:\/\/www.ictzupanija.hr\/edit\" target=\"_blank\" rel=\"noopener noreferrer\"><strong>Besplatna \u0161kola programiranja<\/strong><\/a><\/p>\n<p>Cilj kolegija je prikazati i predstaviti osnovne koncepte vezane uz oblikovanje i razvoj web aplikacija u\u010denicima ranijih razreda srednje \u0161kole. Opisat \u0107e se nekoliko razli\u010ditih okru\u017eenja i razvojnih platformi za web aplikacije. U\u010denici \u0107e u sklopu kolegija kroz osmi\u0161ljavanje i izradu projekta sudjelovati u razvoju web aplikacija koriste\u0107i programske jezike i alate prikladne uzrastu u\u010denika.<\/p>\n<p>SADR\u017dAJ:<\/p>\n<ul>\n<li>Osnove izrade web aplikacija<\/li>\n<li>Uvod u razvojno okru\u017eenje i osnovni HTML tagovi<\/li>\n<li>Oblikovanje teksta, grupiranje i rad s multimedijom<\/li>\n<li>Uvod i sintaksa CSS-a<\/li>\n<li>Oblikovanje elemenata i pozicioniranje unutar HTML-a<\/li>\n<li>Osnove Javascript programskog jezika<\/li>\n<li>Kako Javascript funkcionira iza scene<\/li>\n<li>Document Object Model (DOM) manipulacija i doga\u0111aji<\/li>\n<li>Objekti i funkcije<\/li>\n<li>Modeliranje baza podataka i SQL<\/li>\n<li>Projekt -zavr\u0161na verzija sa pripremom osvrta na projekt<\/li>\n<li>Projekt -zavr\u0161na verzija sa pripremom osvrta na projekt<\/li>\n<\/ul>\n\n\n<div id=\"section-gcdbe36\" class=\"wp-block-gutentor-e0 section-gcdbe36 gutentor-element gutentor-element-advanced-text\"><div class=\"gutentor-text-wrap\"><p class=\"gutentor-text\"><br>Pri kraju smo nastavne godine  2018.\/2019. koja je za na\u0161u \u0161kolu bila iznimno uspje\u0161na na svim poljima, od Hrvatskog jezika do TZK-a.<br>Posebno smo ponosni na uspjehe na\u0161ih informati\u010dara. Sudjelovali su na natjecanjima u organizaciji Agencije za odgoj i obrazovanje, EDIT \u2013 besplatnoj \u0161koli programiranja, Ideji godine i po prvi put na INOVA-MLADI (Izlo\u017eba inovacija u\u010denika zagreba\u010dkih osnovnih, srednjih \u0161kola i studenata\u00a0 s me\u0111unarodnim sudjelovanjem).<br>\u00a0<br>Uz moto \u201eZnanje dostupno svima\u201c, u Splitsko-dalmatinskoj \u017eupaniji drugu godinu zaredom organiziran je EDIT &#8211; besplatna \u0161kola programiranja\u00a0 u kojoj se u\u010denike osnovnih i srednjih \u0161kola podu\u010davalo osnovama programiranja i izradi internetskih stranica. Ove godine je za u\u010denike 3. i 4. razreda srednje \u0161kole bio organiziran i program JavaScript\/Angular\/NodeJS+database. Osnovna \u0161kola programiranja provodila se u na\u0161oj \u0161koli u jednom od tri novoopremljena ra\u010dunalna kabineta te se posebno \u017eelimo zahvaliti ICT \u017eupaniji koja nam je svojim donacijama omogu\u0107ila kvalitetniji rad. Napredna \u0161kola programiranja provodila se u prostorijama <a href=\"mailto:PICS@FESB-a\">PICS@FESB-a<\/a> (predinkubacijski IT centar i studentski suradni prostor za poticanje i razvoj poduzetni\u010dkih ideja, projekata i razvojnih tvrtki; projekt ICT \u017eupanije). Nagra\u0111eni u\u010denici na\u0161e \u0161kole, Mia Vrdoljak i Duje \u0160tolfa s mentoricom Marinom Kamber, osvojili su 3. mjesto za osnovi te\u010daj.<br>\u00a0<br>Nagrade za napredni te\u010daj osvojili su:<br>\u00a0<br>1. mjesto: Helena Elez, Ivana Kristi\u0107 i Matea Sari\u0107 (mentor Ante Bartulovi\u0107, Josip Bartulovi\u0107, Ivan Luk\u0161i\u0107)<br>2. mjesto: Ante Proli\u0107, Ivana Medi\u0107, Ivana Govoru\u0161i\u0107 (mentor Ante Bartulovi\u0107, Josip Bartulovi\u0107, Ivan Luk\u0161i\u0107)<br>3. mjesto: Ivan Parat i Laura Rebi\u0107 (mentor Ante Bartulovi\u0107, Josip Bartulovi\u0107, Ivan Luk\u0161i\u0107).<br>U prostorijama <a href=\"mailto:PICS@FESB-a razvijala\">PICS@FESB-a razvijala<\/a> se i ovogodi\u0161nja Ideja godine te rad macroTouch za INOVA-MLADI. Tim SortIT, kojeg \u010dine u\u010denici Duje \u0160tolfa i\u00a0Antonio Nikoli\u0107\u00a0 te mentori\u00a0Ante Bartulovi\u0107\u00a0i\u00a0Toni Jagnji\u0107, pobjednik je natjecanja Ideja godine 2019. Organizator natjecanja je portal srednja.hr, glavni partner projekta je Effectus- Studij financija i prava, srebrni partneri su tvrtka IN2 i Hrvatska zajednica \u017eupanija dok je prijatelj projekta Zicer \u2013 Zagreba\u010dki inovacijski centar.<br>Tim MacroTouch, u sastavu Josip Bartulovi\u0107, Matej Ko\u017eica i Tonino Ka\u0161telan te mentori Sani Du\u017eevi\u0107 i Ivan Luk\u0161i\u0107, probio je led. \u0160kola je po prvi put sudjelovala na INOVA-MLADI 2019 te se ku\u0107i vratila sa zlatnom medaljom.<br>Ubrzo o\u010dekujte i izvje\u0161\u0107e sa Shift konferencije, \u010diji je generalni pokrovitelj ICT \u017eupanija, jer na\u0161i u\u010denici zahvaljuju\u0107i istima ne propu\u0161taju ni ovaj doga\u0111aj.<br>Veselimo se daljnjoj suradnji s ICT \u017eupanijom.<\/p><\/div><\/div>\n\n\n\n<section id=\"section-391a587a-e8bf-47b2-8a63-f4626445a3fe\" class=\"wp-block-gutentor-gallery gutentor-section gutentor-gallery gutentor-gallery-wrapper enable-masonry gallery-template1\"><div class=\"grid-container\"><div class=\"gutentor-block-header\"><div class=\"gutentor-section-title enable-title-design seperator-bottom text-center\"><h2 class=\"gutentor-title\">EDIT projekt<\/h2><\/div><\/div><div class=\"grid-row gutentor-grid-item-wrap full-width-row\"><div class=\"gutentor-gallery-item grid-lg-4 grid-md-4 grid-12\"><div class=\"gutentor-single-item gutentor-image gutentor-single-item-0\"><div class=\"gutentor-gallery-item-wrap\"><div class=\"gutentor-single-item-image-box\"><div class=\"gutentor-image-thumb\"><img decoding=\"async\" class=\"normal-image\" src=\"https:\/\/trema.hr\/wp-content\/uploads\/2020\/05\/WhatsApp-Image-2019-05-26-at-16.27.25.jpeg\" alt=\"\"\/><\/div><\/div><div class=\"gutentor-single-item-content\"><div class=\"gutentor-gallery-item-header\"><h3 class=\"gutentor-single-item-title\"><\/h3><a href=\"https:\/\/trema.hr\/wp-content\/uploads\/2020\/05\/WhatsApp-Image-2019-05-26-at-16.27.25.jpeg\" class=\"image-gallery\"><i class=\"gallery-icon fas fa-search\"><\/i><\/a><\/div><div class=\"gutentor-gallery-item-desc\"><p class=\"gutentor-single-item-desc\"><\/p><\/div><\/div><\/div><\/div><\/div><div class=\"gutentor-gallery-item grid-lg-4 grid-md-4 grid-12\"><div class=\"gutentor-single-item gutentor-image gutentor-single-item-1\"><div class=\"gutentor-gallery-item-wrap\"><div class=\"gutentor-single-item-image-box\"><div class=\"gutentor-image-thumb\"><img decoding=\"async\" class=\"normal-image\" src=\"https:\/\/trema.hr\/wp-content\/uploads\/2020\/05\/WhatsApp-Image-2019-05-26-at-15.46.53-\u2013-kopija.jpeg\" alt=\"\"\/><\/div><\/div><div class=\"gutentor-single-item-content\"><div class=\"gutentor-gallery-item-header\"><h3 class=\"gutentor-single-item-title\"><\/h3><a href=\"https:\/\/trema.hr\/wp-content\/uploads\/2020\/05\/WhatsApp-Image-2019-05-26-at-15.46.53-\u2013-kopija.jpeg\" class=\"image-gallery\"><i class=\"gallery-icon fas fa-search\"><\/i><\/a><\/div><div class=\"gutentor-gallery-item-desc\"><p class=\"gutentor-single-item-desc\"><\/p><\/div><\/div><\/div><\/div><\/div><div class=\"gutentor-gallery-item grid-lg-4 grid-md-4 grid-12\"><div class=\"gutentor-single-item gutentor-image gutentor-single-item-2\"><div class=\"gutentor-gallery-item-wrap\"><div class=\"gutentor-single-item-image-box\"><div class=\"gutentor-image-thumb\"><img decoding=\"async\" class=\"normal-image\" src=\"https:\/\/trema.hr\/wp-content\/uploads\/2020\/05\/WhatsApp-Image-2019-05-26-at-15.46.23.jpeg\" alt=\"\"\/><\/div><\/div><div class=\"gutentor-single-item-content\"><div class=\"gutentor-gallery-item-header\"><h3 class=\"gutentor-single-item-title\"><\/h3><a href=\"https:\/\/trema.hr\/wp-content\/uploads\/2020\/05\/WhatsApp-Image-2019-05-26-at-15.46.23.jpeg\" class=\"image-gallery\"><i class=\"gallery-icon fas fa-search\"><\/i><\/a><\/div><div class=\"gutentor-gallery-item-desc\"><p class=\"gutentor-single-item-desc\"><\/p><\/div><\/div><\/div><\/div><\/div><div class=\"gutentor-gallery-item grid-lg-4 grid-md-4 grid-12\"><div class=\"gutentor-single-item gutentor-image gutentor-single-item-3\"><div class=\"gutentor-gallery-item-wrap\"><div class=\"gutentor-single-item-image-box\"><div class=\"gutentor-image-thumb\"><img decoding=\"async\" class=\"normal-image\" src=\"https:\/\/trema.hr\/wp-content\/uploads\/2020\/05\/WhatsApp-Image-2019-05-26-at-15.45.42-\u2013-kopija.jpeg\" alt=\"\"\/><\/div><\/div><div class=\"gutentor-single-item-content\"><div class=\"gutentor-gallery-item-header\"><h3 class=\"gutentor-single-item-title\"><\/h3><a href=\"https:\/\/trema.hr\/wp-content\/uploads\/2020\/05\/WhatsApp-Image-2019-05-26-at-15.45.42-\u2013-kopija.jpeg\" class=\"image-gallery\"><i class=\"gallery-icon fas fa-search\"><\/i><\/a><\/div><div class=\"gutentor-gallery-item-desc\"><p class=\"gutentor-single-item-desc\"><\/p><\/div><\/div><\/div><\/div><\/div><div class=\"gutentor-gallery-item grid-lg-4 grid-md-4 grid-12\"><div class=\"gutentor-single-item gutentor-image gutentor-single-item-4\"><div class=\"gutentor-gallery-item-wrap\"><div class=\"gutentor-single-item-image-box\"><div class=\"gutentor-image-thumb\"><img decoding=\"async\" class=\"normal-image\" src=\"https:\/\/trema.hr\/wp-content\/uploads\/2020\/05\/WhatsApp-Image-2019-05-26-at-15.45.30-\u2013-kopija.jpeg\" alt=\"\"\/><\/div><\/div><div class=\"gutentor-single-item-content\"><div class=\"gutentor-gallery-item-header\"><h3 class=\"gutentor-single-item-title\"><\/h3><a href=\"https:\/\/trema.hr\/wp-content\/uploads\/2020\/05\/WhatsApp-Image-2019-05-26-at-15.45.30-\u2013-kopija.jpeg\" class=\"image-gallery\"><i class=\"gallery-icon fas fa-search\"><\/i><\/a><\/div><div class=\"gutentor-gallery-item-desc\"><p class=\"gutentor-single-item-desc\"><\/p><\/div><\/div><\/div><\/div><\/div><div class=\"gutentor-gallery-item grid-lg-4 grid-md-4 grid-12\"><div class=\"gutentor-single-item gutentor-image gutentor-single-item-5\"><div class=\"gutentor-gallery-item-wrap\"><div class=\"gutentor-single-item-image-box\"><div class=\"gutentor-image-thumb\"><img decoding=\"async\" class=\"normal-image\" src=\"https:\/\/trema.hr\/wp-content\/uploads\/2020\/05\/WhatsApp-Image-2019-05-26-at-15.44.54-\u2013-kopija.jpeg\" alt=\"\"\/><\/div><\/div><div class=\"gutentor-single-item-content\"><div class=\"gutentor-gallery-item-header\"><h3 class=\"gutentor-single-item-title\"><\/h3><a href=\"https:\/\/trema.hr\/wp-content\/uploads\/2020\/05\/WhatsApp-Image-2019-05-26-at-15.44.54-\u2013-kopija.jpeg\" class=\"image-gallery\"><i class=\"gallery-icon fas fa-search\"><\/i><\/a><\/div><div class=\"gutentor-gallery-item-desc\"><p class=\"gutentor-single-item-desc\"><\/p><\/div><\/div><\/div><\/div><\/div><\/div><\/div><\/section>\n","protected":false},"excerpt":{"rendered":"<p>Besplatna \u0161kola programiranja<\/p>\n","protected":false},"author":1,"featured_media":4429,"parent":89,"menu_order":0,"comment_status":"closed","ping_status":"closed","template":"","meta":{"footnotes":""},"class_list":["post-87","page","type-page","status-publish","has-post-thumbnail","hentry"],"_links":{"self":[{"href":"https:\/\/trema.hr\/index.php?rest_route=\/wp\/v2\/pages\/87","targetHints":{"allow":["GET"]}}],"collection":[{"href":"https:\/\/trema.hr\/index.php?rest_route=\/wp\/v2\/pages"}],"about":[{"href":"https:\/\/trema.hr\/index.php?rest_route=\/wp\/v2\/types\/page"}],"author":[{"embeddable":true,"href":"https:\/\/trema.hr\/index.php?rest_route=\/wp\/v2\/users\/1"}],"replies":[{"embeddable":true,"href":"https:\/\/trema.hr\/index.php?rest_route=%2Fwp%2Fv2%2Fcomments&post=87"}],"version-history":[{"count":0,"href":"https:\/\/trema.hr\/index.php?rest_route=\/wp\/v2\/pages\/87\/revisions"}],"up":[{"embeddable":true,"href":"https:\/\/trema.hr\/index.php?rest_route=\/wp\/v2\/pages\/89"}],"wp:featuredmedia":[{"embeddable":true,"href":"https:\/\/trema.hr\/index.php?rest_route=\/wp\/v2\/media\/4429"}],"wp:attachment":[{"href":"https:\/\/trema.hr\/index.php?rest_route=%2Fwp%2Fv2%2Fmedia&parent=87"}],"curies":[{"name":"wp","href":"https:\/\/api.w.org\/{rel}","templated":true}]}}