{"id":8679,"date":"2025-09-25T17:08:02","date_gmt":"2025-09-25T15:08:02","guid":{"rendered":"https:\/\/trema.hr\/?page_id=8679"},"modified":"2025-12-17T21:17:08","modified_gmt":"2025-12-17T20:17:08","slug":"eko-aktivnosti","status":"publish","type":"page","link":"https:\/\/trema.hr\/?page_id=8679","title":{"rendered":"Eko aktivnosti"},"content":{"rendered":"\n<p><\/p>\n\n\n<section class=\"gutentor-section gutentor-blog-post-wrapper blog-template1 wp-block-gutentor-blog-post\" id=\"section-g-gviqlrg\" >\n<div class='grid-container'><div class=\"gutentor-block-header\"><div class=\"gutentor-section-title enable-title-design seperator-bottom text-center \"  >\n<h2 class=\"gutentor-title\">\nKroz eko aktivnosti u\u010denike poti\u010demo na razvijanje svijesti o za\u0161titi okoli\u0161a, odr\u017eivom razvoju i odgovornom pona\u0161anju prema prirodi, a u nastavku donosimo obavijesti i pregled realiziranih aktivnosti.<\/h2>\n<\/div>\n<\/div><div class='gutentor-grid-item-wrap '  ><div class='grid-row ' ><article class='gutentor-post-no-thumb  grid-lg-6 grid-md-4 grid-12 blog-grid'><div class=\"gutentor-single-item\"><div class=\"gutentor-single-item-image-box\"><\/div><div class=\"gutentor-post-content\"><h3 class=\"gutentor-single-item-title\"><a href=\"https:\/\/trema.hr\/?p=9505\" rel=\"bookmark\">&#8220;Science Comes to Town&#8221; &#8211; me\u0111unarodni projekt za popularizaciju znanosti<\/a><\/h3><div class=\"entry-meta\"><div class=\"posted-on\"><i class=\"far fa-calendar-alt\"><\/i><a href=\"https:\/\/trema.hr\/?p=9505\" rel=\"bookmark\">23 sije\u010dnja, 2026<\/a><\/div><\/div><div class=\"gutentor-post-excerpt gutentor-single-item-desc\"><p class='gutentor-single-item-desc'>Dana 20. sije\u010dnja 2026. odr\u017eano je otvorenje me\u0111unarodnog projekta Science Comes to Town u Splitu, a&hellip;<\/p><\/div><\/div><\/div><\/article><article class='gutentor-post-no-thumb  grid-lg-6 grid-md-4 grid-12 blog-grid'><div class=\"gutentor-single-item\"><div class=\"gutentor-single-item-image-box\"><\/div><div class=\"gutentor-post-content\"><h3 class=\"gutentor-single-item-title\"><a href=\"https:\/\/trema.hr\/?p=9425\" rel=\"bookmark\">Radionica \u201ePlavi \u017eivot- Bioraznolikost, klimatske promjene i odr\u017eivi razvoj nauti\u010dkog turizma\u201c. (RECONNECT SCIENCE WITH THE BLUE SOCIETY: BLUE-CONNECT 2.0)<\/a><\/h3><div class=\"entry-meta\"><div class=\"posted-on\"><i class=\"far fa-calendar-alt\"><\/i><a href=\"https:\/\/trema.hr\/?p=9425\" rel=\"bookmark\">22 prosinca, 2025<\/a><\/div><\/div><div class=\"gutentor-post-excerpt gutentor-single-item-desc\"><p class='gutentor-single-item-desc'>U na\u0161oj \u0160koli odr\u017eana je radionica \u201ePlavi \u017eivot- Bioraznolikost, klimatske promjene i odr\u017eivi razvoj&hellip;<\/p><\/div><\/div><\/div><\/article><article class='gutentor-post-no-thumb  grid-lg-6 grid-md-4 grid-12 blog-grid'><div class=\"gutentor-single-item\"><div class=\"gutentor-single-item-image-box\"><\/div><div class=\"gutentor-post-content\"><h3 class=\"gutentor-single-item-title\"><a href=\"https:\/\/trema.hr\/?p=9423\" rel=\"bookmark\">\u010cajem do odr\u017eivosti<\/a><\/h3><div class=\"entry-meta\"><div class=\"posted-on\"><i class=\"far fa-calendar-alt\"><\/i><a href=\"https:\/\/trema.hr\/?p=9423\" rel=\"bookmark\">22 prosinca, 2025<\/a><\/div><\/div><div class=\"gutentor-post-excerpt gutentor-single-item-desc\"><p class='gutentor-single-item-desc'>Na\u0161a u\u010dionica biologije pravi je mali generator odr\u017eivog stila \u017eivota.U\u010denici i nastavnici zajedni\u010dk&hellip;<\/p><\/div><\/div><\/div><\/article><article class='gutentor-post-no-thumb  grid-lg-6 grid-md-4 grid-12 blog-grid'><div class=\"gutentor-single-item\"><div class=\"gutentor-single-item-image-box\"><\/div><div class=\"gutentor-post-content\"><h3 class=\"gutentor-single-item-title\"><a href=\"https:\/\/trema.hr\/?p=9400\" rel=\"bookmark\">Svjetski dan hrane<\/a><\/h3><div class=\"entry-meta\"><div class=\"posted-on\"><i class=\"far fa-calendar-alt\"><\/i><a href=\"https:\/\/trema.hr\/?p=9400\" rel=\"bookmark\">17 prosinca, 2025<\/a><\/div><\/div><div class=\"gutentor-post-excerpt gutentor-single-item-desc\"><p class='gutentor-single-item-desc'><\/p><\/div><\/div><\/div><\/article><article class='gutentor-post-no-thumb  grid-lg-6 grid-md-4 grid-12 blog-grid'><div class=\"gutentor-single-item\"><div class=\"gutentor-single-item-image-box\"><\/div><div class=\"gutentor-post-content\"><h3 class=\"gutentor-single-item-title\"><a href=\"https:\/\/trema.hr\/?p=9396\" rel=\"bookmark\">Solidarnost na djelu 2025.<\/a><\/h3><div class=\"entry-meta\"><div class=\"posted-on\"><i class=\"far fa-calendar-alt\"><\/i><a href=\"https:\/\/trema.hr\/?p=9396\" rel=\"bookmark\">17 prosinca, 2025<\/a><\/div><\/div><div class=\"gutentor-post-excerpt gutentor-single-item-desc\"><p class='gutentor-single-item-desc'>Na\u0161a \u0161kola je i ove godine u suradnji s Hrvatskim Crvenim kri\u017eem- Gradsko dru\u0161tvo Crvenog kri\u017ea Spli&hellip;<\/p><\/div><\/div><\/div><\/article><article class='gutentor-post-no-thumb  grid-lg-6 grid-md-4 grid-12 blog-grid'><div class=\"gutentor-single-item\"><div class=\"gutentor-single-item-image-box\"><\/div><div class=\"gutentor-post-content\"><h3 class=\"gutentor-single-item-title\"><a href=\"https:\/\/trema.hr\/?p=9392\" rel=\"bookmark\">ODR\u017dIVOM PREHRANOM PROTIV KLIMATSKIH PROMJENA<\/a><\/h3><div class=\"entry-meta\"><div class=\"posted-on\"><i class=\"far fa-calendar-alt\"><\/i><a href=\"https:\/\/trema.hr\/?p=9392\" rel=\"bookmark\">17 prosinca, 2025<\/a><\/div><\/div><div class=\"gutentor-post-excerpt gutentor-single-item-desc\"><p class='gutentor-single-item-desc'>Radionica na temu utjecaja prehrambenih navika na emisiju ugljikova dioksida i klimatske promjene pr&hellip;<\/p><\/div><\/div><\/div><\/article><\/div><\/div><\/div><\/section>","protected":false},"excerpt":{"rendered":"","protected":false},"author":1,"featured_media":0,"parent":0,"menu_order":0,"comment_status":"closed","ping_status":"closed","template":"","meta":{"footnotes":""},"class_list":["post-8679","page","type-page","status-publish","hentry"],"_links":{"self":[{"href":"https:\/\/trema.hr\/index.php?rest_route=\/wp\/v2\/pages\/8679","targetHints":{"allow":["GET"]}}],"collection":[{"href":"https:\/\/trema.hr\/index.php?rest_route=\/wp\/v2\/pages"}],"about":[{"href":"https:\/\/trema.hr\/index.php?rest_route=\/wp\/v2\/types\/page"}],"author":[{"embeddable":true,"href":"https:\/\/trema.hr\/index.php?rest_route=\/wp\/v2\/users\/1"}],"replies":[{"embeddable":true,"href":"https:\/\/trema.hr\/index.php?rest_route=%2Fwp%2Fv2%2Fcomments&post=8679"}],"version-history":[{"count":5,"href":"https:\/\/trema.hr\/index.php?rest_route=\/wp\/v2\/pages\/8679\/revisions"}],"predecessor-version":[{"id":9411,"href":"https:\/\/trema.hr\/index.php?rest_route=\/wp\/v2\/pages\/8679\/revisions\/9411"}],"wp:attachment":[{"href":"https:\/\/trema.hr\/index.php?rest_route=%2Fwp%2Fv2%2Fmedia&parent=8679"}],"curies":[{"name":"wp","href":"https:\/\/api.w.org\/{rel}","templated":true}]}}