{"id":8677,"date":"2025-09-25T17:07:50","date_gmt":"2025-09-25T15:07:50","guid":{"rendered":"https:\/\/trema.hr\/?page_id=8677"},"modified":"2025-10-29T10:04:20","modified_gmt":"2025-10-29T09:04:20","slug":"plan-djelovanja","status":"publish","type":"page","link":"https:\/\/trema.hr\/?page_id=8677","title":{"rendered":"Plan djelovanja"},"content":{"rendered":"\n<p><strong><u>EKO \u0160KOLA: Plan djelovanja<\/u><\/strong><\/p>\n\n\n\n<p><strong>Teme: Zdrav \u017eivot, biolo\u0161ka raznolikost i za\u0161tita okoli\u0161a<\/strong><\/p>\n\n\n\n<p>Navedenim temama bavit \u0107emo se kroz aktivnosti u sklopu sljede\u0107ih projekata:<\/p>\n\n\n\n<p><strong><em>Projekt Biosigurnost i bioza\u0161tita<\/em><\/strong><\/p>\n\n\n\n<p>Upoznavanje u\u010denika s va\u017eno\u0161\u0107u stru\u010dnog, znanstvenog, globalnog i osobnog pristupa u sprje\u010davanju zaraznih bolesti.<\/p>\n\n\n\n<p>Nositelj aktivnosti: Vesna Dobroni\u0107, Dragana Mami\u0107<\/p>\n\n\n\n<p><strong><em>Projekt Priroda i mentalno zdravlje<\/em><\/strong><\/p>\n\n\n\n<p>Promicanje mentalnog zdravlja i ekologije kroz radionice i boravak u prirodi. Stvaranje \u201ezelenijeg\u201c \u0161kolskog okru\u017eenja<\/p>\n\n\n\n<p>Nositelji aktivnosti: Danica Bav\u010devi\u0107, Ivana Marin<\/p>\n\n\n\n<p><strong><em>Projekt SEMEP<\/em><\/strong><\/p>\n\n\n\n<p>Pro\u0161irivanje osnovnih znanja iz ekologije, pravilno razumijevanje uzro\u010dno-posljedi\u010dne veze \u010dovjekovog djelovanja na okoli\u0161 te njegovanje&nbsp; odgovornih odnos prema prirodi. Tema za ovu \u0161kolsku godinu je: \u201eKlimatski modeli \u2013 multidisciplinarni pristup u predvi\u0111anju klimatskih promjena\u201c.<\/p>\n\n\n\n<p>Nositelji aktivnosti: Dragana Mami\u0107 i zainteresirani u\u010denici<\/p>\n\n\n\n<p><strong><em>Projekt 72 sata bez kompromisa<\/em><\/strong><\/p>\n\n\n\n<p>Senzibiliziranje u\u010denika za potrebe drugih, sudjelovanje u ekolo\u0161kim i humanitarnim zabavnim akcijama.<\/p>\n\n\n\n<p>Nositelji aktivnosti: Volonterska grupa Mio\u010di\u0107i, Ana Gelo, Dunja Ajdukovi\u0107 Kaleb<\/p>\n\n\n\n<p><strong><em>\u201eA di si ti?\u201c<\/em><\/strong><\/p>\n\n\n\n<p>Smanjivanje otpada recikliranjem i sudjelovanjem na humanitarnom buvljaku.<\/p>\n\n\n\n<p>Nositelji aktivnosti: Volonterska grupa Mio\u010di\u0107i, Ana Gelo, Dunja Ajdukovi\u0107 Kaleb<\/p>\n\n\n\n<p><strong><em>Volonteri Crvenog kri\u017ea III. gimnazije<\/em><\/strong><\/p>\n\n\n\n<p>Osposobljavanje u\u010denika za aktivno pru\u017eanje prve pomo\u0107i; omogu\u0107avanje kvalitetnijeg \u017eivota podizanjem samopouzdanja; podu\u010davanje u\u010denika humanim vrednotama, teoretski, ali i u praksi \u2013 volonterskim radom.<\/p>\n\n\n\n<p>Nositelj aktivnosti: Vesna Dobroni\u0107<\/p>\n\n\n\n<p><strong><em>Istra\u017eiva\u010dki rad Ispitivanje geotoksi\u010dnosti i citotoksi\u010dnosti zra\u010denja UV lampi za nokte<\/em><\/strong><\/p>\n\n\n\n<p>Podizanje svijesti u\u010denika i nastavnika o \u0161tetnosti UV lampi za nokte<\/p>\n\n\n\n<p>Nositelj aktivnosti: Ines Alujevi\u0107<\/p>\n\n\n\n<p><strong><em>Kutak za zdravlje<\/em><\/strong><\/p>\n\n\n\n<p>Pravovremeno, pouzdano i kvalitetno informiranje adolescenata o mentalnom, fizi\u010dkom i spolnom zdravlju.<\/p>\n\n\n\n<p>Nositelji aktivnosti: &nbsp;Ines Alujevi\u0107, Vesna Dobroni\u0107 i Ivana Jambrovi\u0107 \u010cugura;<\/p>\n\n\n\n<p>Jezi\u010dni savjetnici za promotivne materijale: Drinka Bedalov, Kristina Prli\u0107<\/p>\n\n\n\n<p>Nastavni\u010dko vije\u0107e<\/p>\n\n\n\n<p><strong><em>Kutak za recikla\u017eu<\/em><\/strong><\/p>\n\n\n\n<p>Educiranje u\u010denika o recikla\u017enim materijalima, njihovom sortiranju i mogu\u0107nostima recikla\u017ee.<\/p>\n\n\n\n<p>Nositelji aktivnost: Vesna Dobroni\u0107<\/p>\n\n\n\n<p><strong><em>Mladi prirodoslovci<\/em><\/strong><\/p>\n\n\n\n<p>Usvajanje znanja o biolo\u0161koj raznolikosti te podizanje ekolo\u0161ke svijesti u\u010denika.<\/p>\n\n\n\n<p>Nositelji aktivnosti: Vesna Dobroni\u0107, Ines Alujevi\u0107<\/p>\n\n\n\n<p><strong><em>Spoznaj bioraznolikost<\/em><\/strong><\/p>\n\n\n\n<p>Integriranje znanja o biolo\u0161koj raznolikosti \u0161to \u0107e doprinijeti razvoju ekolo\u0161ke svijesti. Pobu\u0111ivanje potrebe za promatranjem i istra\u017eivanjem svijeta oko sebe.<\/p>\n\n\n\n<p>Nositelji aktivnosti: Vesna Dobroni\u0107, Ines Alujevi\u0107<\/p>\n\n\n\n<p><strong><em>Zeleni aktiv Splitosinteze<\/em><\/strong><\/p>\n\n\n\n<p>Razvijanje pozitivnih te\u017enji za preuzimanje gra\u0111anske odgovornosti, posebice ekolo\u0161kog i klimatolo\u0161kog unaprje\u0111enja, osmi\u0161ljenim djelovanjem u smjeru zelene i digitalne tranzicije, zajednice.<\/p>\n\n\n\n<p>Nositelji aktivnosti: Ines Alujevi\u0107<\/p>\n","protected":false},"excerpt":{"rendered":"<p>EKO \u0160KOLA: Plan djelovanja Teme: Zdrav \u017eivot, biolo\u0161ka raznolikost i za\u0161tita okoli\u0161a Navedenim temama bavit \u0107emo se kroz aktivnosti u sklopu sljede\u0107ih projekata: Projekt Biosigurnost i bioza\u0161tita Upoznavanje u\u010denika s va\u017eno\u0161\u0107u stru\u010dnog, znanstvenog, globalnog i osobnog pristupa u sprje\u010davanju zaraznih bolesti. Nositelj aktivnosti: Vesna Dobroni\u0107, Dragana Mami\u0107 Projekt Priroda i mentalno zdravlje Promicanje mentalnog zdravlja&hellip;<\/p>\n","protected":false},"author":1,"featured_media":0,"parent":0,"menu_order":0,"comment_status":"closed","ping_status":"closed","template":"","meta":{"footnotes":""},"class_list":["post-8677","page","type-page","status-publish","hentry"],"_links":{"self":[{"href":"https:\/\/trema.hr\/index.php?rest_route=\/wp\/v2\/pages\/8677","targetHints":{"allow":["GET"]}}],"collection":[{"href":"https:\/\/trema.hr\/index.php?rest_route=\/wp\/v2\/pages"}],"about":[{"href":"https:\/\/trema.hr\/index.php?rest_route=\/wp\/v2\/types\/page"}],"author":[{"embeddable":true,"href":"https:\/\/trema.hr\/index.php?rest_route=\/wp\/v2\/users\/1"}],"replies":[{"embeddable":true,"href":"https:\/\/trema.hr\/index.php?rest_route=%2Fwp%2Fv2%2Fcomments&post=8677"}],"version-history":[{"count":2,"href":"https:\/\/trema.hr\/index.php?rest_route=\/wp\/v2\/pages\/8677\/revisions"}],"predecessor-version":[{"id":9026,"href":"https:\/\/trema.hr\/index.php?rest_route=\/wp\/v2\/pages\/8677\/revisions\/9026"}],"wp:attachment":[{"href":"https:\/\/trema.hr\/index.php?rest_route=%2Fwp%2Fv2%2Fmedia&parent=8677"}],"curies":[{"name":"wp","href":"https:\/\/api.w.org\/{rel}","templated":true}]}}