{"id":86,"date":"2016-10-17T13:46:19","date_gmt":"2016-10-17T13:46:19","guid":{"rendered":"http:\/\/www.demo.acmethemes.com\/education-base\/?page_id=43"},"modified":"2021-10-05T09:41:33","modified_gmt":"2021-10-05T07:41:33","slug":"mrs-samjhana-ocie","status":"publish","type":"page","link":"https:\/\/trema.hr\/?page_id=86","title":{"rendered":"No\u0107 karijera"},"content":{"rendered":"<p>NOSITELJI PROJEKTA: Organizacijski odbor koji vode profesorice: Adriana Kova\u010devi\u0107, Maja MIlanovi\u0107 Fridel i Ivana Plo\u010dkini\u0107 u suradnji s u\u010denicima.<\/p>\n<p>CILJEVI:<\/p>\n<ul>\n<li>Oboga\u0107ivanje op\u0107e kulture i upoznavanje s razli\u010ditim profesijama,<\/li>\n<li>U\u010denje kroz zabavu i dru\u017eenje,<\/li>\n<li>Razvijanje samostalnosti u radu i ostvarivanju uspjeha,<\/li>\n<li>Razvijanje prilagodljivosti skupnoj suradnji u postizanju ciljeva,<\/li>\n<li>Stjecanje novih iskustava,<\/li>\n<li>Upoznavanje i dru\u017eenje s ostalim u\u010denicima \u0161kole.<\/li>\n<\/ul>\n<div class=\"entry-header-title\">\n<h2 class=\"entry-title\">No\u0107 karijera <span class=\"edit-link\"><a class=\"post-edit-link\" href=\"https:\/\/trema.hr\/wp-admin\/post.php?post=1163&amp;action=edit\"><span class=\"screen-reader-text\">&#8220;No\u0107 karijera \u2013 hUMAN&#8221;<\/span><\/a><\/span><\/h2>\n<\/div>\n<p>1. NO\u0106 KARIJERA<\/p>\n<p>\u017dIVJETI MEDICINU<\/p>\n<p>U sklopu projekta NO\u0106 KARIJERA U u MIOC-u,&nbsp; 5. prosinca 2019. odr\u017eana je prva tribina pod nazivom&nbsp; <strong>\u017divjeti medicinu<\/strong>.&nbsp; Cilj je projekta upoznati u\u010denike na\u0161e \u0161kole s razli\u010ditim zanimanjima i \u017eivotnim putevima uspje\u0161nih ljudi, a kako se za medicinu odlu\u010duje veliki broj u\u010denika, odlu\u010dili smo zapo\u010deti ovom vrlo zanimljivom temom.<\/p>\n<p>Po\u010da\u0161\u0107eni smo \u0161to su se na\u0161em pozivu odazvali uva\u017eeni lije\u010dnici<\/p>\n<p><strong>specijalist transfuziolog dr.med. Vedrana Burilovi\u0107,&nbsp; <\/strong><\/p>\n<p><strong>specijalist neurolog dr. med. Kre\u0161imir \u010caljku\u0161i\u0107, <\/strong><\/p>\n<p><strong>subspecijalist fetalne medicine prim. dr. sc. Marko Vuli\u0107 <\/strong><\/p>\n<p><strong>te dje\u010dji gastroenterolog dr. med. Vanda \u017ditko.<\/strong><\/p>\n<p>Cijenjeni gosti velikodu\u0161no su i iskreno podijelili s nama vlastita iskustva, izazove s kojima se svakodnevno susre\u0107u te lijepe i manje lijepe stvari vezane uz njihov poziv koji se povrh svega \u017eivi, a ne samo radi. U neformalnoj i ugodnoj atmosferi na\u0161i su u\u010denici imali priliku saznati sve \u0161to ih zanima o \u017eivotu s medicinom.<\/p>\n<p><span lang=\"hr-HR\"> <img loading=\"lazy\" decoding=\"async\" class=\"alignnone size-medium wp-image-2307\" src=\"https:\/\/trema.hr\/wp-content\/uploads\/2020\/05\/IMG-20191206-WA0003-300x300.jpg\" alt=\"\" width=\"300\" height=\"300\" srcset=\"https:\/\/trema.hr\/wp-content\/uploads\/2020\/05\/IMG-20191206-WA0003-300x300.jpg 300w, https:\/\/trema.hr\/wp-content\/uploads\/2020\/05\/IMG-20191206-WA0003-1024x1024.jpg 1024w, https:\/\/trema.hr\/wp-content\/uploads\/2020\/05\/IMG-20191206-WA0003-150x150.jpg 150w\" sizes=\"auto, (max-width: 300px) 100vw, 300px\" \/><\/span><\/p>\n<p><span class=\"edit-link\"><a class=\"post-edit-link\" href=\"https:\/\/trema.hr\/wp-admin\/post.php?post=1308&amp;action=edit\"><span class=\"screen-reader-text\">&#8220;Najave doga\u0111anja&#8221;<\/span><\/a><\/span><\/p>\n<footer class=\"entry-footer\">\n<div class=\"entry-header-title\">\n<h2 class=\"entry-title\">No\u0107 karijera \u2013 hUMAN<span class=\"edit-link\"><a class=\"post-edit-link\" href=\"https:\/\/trema.hr\/wp-admin\/post.php?post=1163&amp;action=edit\"><span class=\"screen-reader-text\">&#8220;No\u0107 karijera \u2013 hUMAN&#8221;<\/span><\/a><\/span><\/h2>\n<\/div>\n<p>2. NO\u0106 KARIJERA<\/p>\n<p>U srijedu 19. velja\u010de odr\u017eana je druga No\u0107 karijera s temom hUMAN. Glavni cilj ove tribine jest u\u010denicima pribli\u017eiti razli\u010dite profesije, karijere, \u017eivotne puteve i lokalne zajednice, a tu ve\u010der za predstavljanje humansti\u010dkih znanosti bili su zadu\u017eeni: Antonela Mari\u0107, Nikola Maranguni\u0107 i Veljko Popovi\u0107.<\/p>\n<p>Nakon pozdravnog govora ravnateljice te uvodne rije\u010di nastavnice Plo\u010dkini\u0107, gosti su se predstavili. Profesorica Mari\u0107 otvorila je izlaganje s par rije\u010di o Filozofskom fakultetu u Splitu na kojemu je predava\u010d, te je pre\u0161la na vrlo zanimljivu temu prevo\u0111enja. Zatim nam je profesor Maranguni\u0107 pri\u010dao o dolasku iz dru\u0161tvenih znanosti na Prirodoslovno matemati\u010dki fakultet i o svojoj ljubavi prema psihologiji. Zadnji se predstavio profesor Veljko Popovi\u0107 sa svojim zanimljivim \u017eivotopisom; put od FESB-a do Umjetni\u010dke akademije, ulazak u svijet animiranih filmova, a usputno je spomenuo dosta duhovitih i \u017eivotnih anegdota. Drugi dio tribine bio je interaktivnoga tipa: auditorij je postavljao pitanja gostima koji su se i tu dotakli razli\u010ditih tema i ponudili zanimljive odgovore.<br \/>\nVrlo ugodna atmosfera potakla je slu\u0161atelje na mnoga zanimljiva pitanja, a gosti su rado odgovarali na njih. Sastanak bi trajao jo\u0161 du\u017ee da nije bio prekinut zbog kasnog sata (i kucanja roditelja). Dru\u017eenje je zaklju\u010deno sa zajedni\u010dkom misli gostiju: sve je mogu\u0107e posti\u0107i uz dobru motivaciju i naporan rad.<\/p>\n<h2 class=\"entry-title\">No\u0107 karijera \u2013 SOCIAL DISTANCE CAREER NIGHT<\/h2>\n<\/footer>\n<p>3. NO\u0106 KARIJERA<\/p>\n<p>Nakon uspjeha prve dvije tribine, No\u0107 karijera do\u0161la je do tre\u0107eg izdanja u novom, prikladnom ruhu \u2013 pozivamo vas na videokonferenciju Social Distance Career Night. \u010cast nam je ugostiti Jasminu Beganovi\u0107 Chauvin i Juana Pabla Chauvina, bra\u010dni par s titulama doktora znanosti ste\u010denih na jednom od najpresti\u017enijih\u2026<\/p>\n<p><a href=\"http:\/\/Ekipa iz MIOC-a i ekipa s Harvarda: Velike stvari se ne doga\u0111aju samo drugima\" data-wplink-url-error=\"true\">http:\/\/Ekipa iz MIOC-a i ekipa s Harvarda: Velike stvari se ne doga\u0111aju samo drugima<\/a><\/p>\n","protected":false},"excerpt":{"rendered":"<p>Vi\u0161e<\/p>\n","protected":false},"author":1,"featured_media":4523,"parent":89,"menu_order":0,"comment_status":"closed","ping_status":"closed","template":"","meta":{"footnotes":""},"class_list":["post-86","page","type-page","status-publish","has-post-thumbnail","hentry"],"_links":{"self":[{"href":"https:\/\/trema.hr\/index.php?rest_route=\/wp\/v2\/pages\/86","targetHints":{"allow":["GET"]}}],"collection":[{"href":"https:\/\/trema.hr\/index.php?rest_route=\/wp\/v2\/pages"}],"about":[{"href":"https:\/\/trema.hr\/index.php?rest_route=\/wp\/v2\/types\/page"}],"author":[{"embeddable":true,"href":"https:\/\/trema.hr\/index.php?rest_route=\/wp\/v2\/users\/1"}],"replies":[{"embeddable":true,"href":"https:\/\/trema.hr\/index.php?rest_route=%2Fwp%2Fv2%2Fcomments&post=86"}],"version-history":[{"count":0,"href":"https:\/\/trema.hr\/index.php?rest_route=\/wp\/v2\/pages\/86\/revisions"}],"up":[{"embeddable":true,"href":"https:\/\/trema.hr\/index.php?rest_route=\/wp\/v2\/pages\/89"}],"wp:featuredmedia":[{"embeddable":true,"href":"https:\/\/trema.hr\/index.php?rest_route=\/wp\/v2\/media\/4523"}],"wp:attachment":[{"href":"https:\/\/trema.hr\/index.php?rest_route=%2Fwp%2Fv2%2Fmedia&parent=86"}],"curies":[{"name":"wp","href":"https:\/\/api.w.org\/{rel}","templated":true}]}}