{"id":8582,"date":"2025-08-29T10:22:20","date_gmt":"2025-08-29T08:22:20","guid":{"rendered":"https:\/\/trema.hr\/?page_id=8582"},"modified":"2025-10-29T10:13:20","modified_gmt":"2025-10-29T09:13:20","slug":"eko-skola","status":"publish","type":"page","link":"https:\/\/trema.hr\/?page_id=8582","title":{"rendered":"Eko \u0161kola"},"content":{"rendered":"<p>\u00a0<\/p>\n<h2>III. gimnazija ve\u0107 godinama radi na temama iz podru\u010dja ekologije i o\u010duvanja okoli\u0161a, a 2025. godine smo i slu\u017ebeno postali Eko \u0161kola.<\/h2>\n<p><img loading=\"lazy\" decoding=\"async\" class=\"alignnone size-full wp-image-8609\" src=\"https:\/\/trema.hr\/wp-content\/uploads\/2025\/08\/EKO-2.jpg\" alt=\"\" width=\"500\" height=\"500\" srcset=\"https:\/\/trema.hr\/wp-content\/uploads\/2025\/08\/EKO-2.jpg 500w, https:\/\/trema.hr\/wp-content\/uploads\/2025\/08\/EKO-2-300x300.jpg 300w, https:\/\/trema.hr\/wp-content\/uploads\/2025\/08\/EKO-2-150x150.jpg 150w\" sizes=\"auto, (max-width: 500px) 100vw, 500px\" \/><\/p>\n<p>\u00a0<\/p>\n<p>\u00a0<\/p>\n","protected":false},"excerpt":{"rendered":"<p>\u00a0 III. gimnazija ve\u0107 godinama radi na temama iz podru\u010dja ekologije i o\u010duvanja okoli\u0161a, a 2025. godine smo i slu\u017ebeno postali Eko \u0161kola. \u00a0 \u00a0<\/p>\n","protected":false},"author":1,"featured_media":0,"parent":0,"menu_order":0,"comment_status":"closed","ping_status":"closed","template":"","meta":{"footnotes":""},"class_list":["post-8582","page","type-page","status-publish","hentry"],"_links":{"self":[{"href":"https:\/\/trema.hr\/index.php?rest_route=\/wp\/v2\/pages\/8582","targetHints":{"allow":["GET"]}}],"collection":[{"href":"https:\/\/trema.hr\/index.php?rest_route=\/wp\/v2\/pages"}],"about":[{"href":"https:\/\/trema.hr\/index.php?rest_route=\/wp\/v2\/types\/page"}],"author":[{"embeddable":true,"href":"https:\/\/trema.hr\/index.php?rest_route=\/wp\/v2\/users\/1"}],"replies":[{"embeddable":true,"href":"https:\/\/trema.hr\/index.php?rest_route=%2Fwp%2Fv2%2Fcomments&post=8582"}],"version-history":[{"count":8,"href":"https:\/\/trema.hr\/index.php?rest_route=\/wp\/v2\/pages\/8582\/revisions"}],"predecessor-version":[{"id":9028,"href":"https:\/\/trema.hr\/index.php?rest_route=\/wp\/v2\/pages\/8582\/revisions\/9028"}],"wp:attachment":[{"href":"https:\/\/trema.hr\/index.php?rest_route=%2Fwp%2Fv2%2Fmedia&parent=8582"}],"curies":[{"name":"wp","href":"https:\/\/api.w.org\/{rel}","templated":true}]}}