{"id":8537,"date":"2025-08-27T13:01:01","date_gmt":"2025-08-27T11:01:01","guid":{"rendered":"https:\/\/trema.hr\/?page_id=8537"},"modified":"2025-08-29T10:36:48","modified_gmt":"2025-08-29T08:36:48","slug":"rezultati-drzavne-mature-u-skolskoj-godini-2024-2025","status":"publish","type":"page","link":"https:\/\/trema.hr\/?page_id=8537","title":{"rendered":"REZULTATI DR\u017dAVNE MATURE U \u0160KOLSKOJ GODINI 2024.\/2025."},"content":{"rendered":"\n<p>Na dr\u017eavnoj maturi u \u0161kolskoj godini 2024.\/2025. u\u010denici na\u0161e \u0161kole ostvarili su vrhunske rezultate i jo\u0161 jednom dokazali da se predanost, znanje i trud uvijek isplate. Svi na\u0161i maturanti uspje\u0161no su polo\u017eili dr\u017eavnu maturu, \u0161to je najbolja potvrda njihove spremnosti za nove izazove i nastavak obrazovanja.<\/p>\n\n\n\n<p>Posebno izdvajamo u\u010denike koji su postigli maksimalan rezultat (100 %) na pojedinim ispitima:<\/p>\n\n\n\n<p><strong>Antonio Sivro (4.c) <\/strong>\u2013 jedini u\u010denik u dr\u017eavi koji je ispit iz Hrvatskoga jezika napisao bez pogre\u0161ke.<\/p>\n\n\n\n<p><strong>Matea Sumi\u0107 (4.e)<\/strong>&nbsp;\u2013 ostvarila je maksimalan broj bodova iz \u010dak dvaju predmeta na dr\u017eavnoj maturi \u2013 Matematike i Fizike;<\/p>\n\n\n\n<p><strong>Jo\u0161ko Mudni\u0107 (4.a), Luka Jugov (4.c) i Vedran Simonelli (4.d)<\/strong>&nbsp;\u2013 maturanti koji su ispit iz Matematike rije\u0161ili bez ijedne pogre\u0161ke;<\/p>\n\n\n\n<p><strong>Karla Du\u017eevi\u0107 (4.f)<\/strong>&nbsp;\u2013 postigla je 100 % na ispitu iz Informatike.<\/p>\n\n\n\n<p>Ovi rezultati nisu samo pokazatelj znanja, ve\u0107 i motivacija svim budu\u0107im generacijama u\u010denika. Oni dokazuju da se uz predan rad i podr\u0161ku nastavnika mogu dosegnuti najvi\u0161i standardi obrazovanja.<\/p>\n\n\n\n<p>Njihove uspjehe nismo uo\u010dili samo mi nego i Ministarstvo znanosti, obrazovanja i mladih.<\/p>\n\n\n\n<p><strong>Antonio Sivro <\/strong>progla\u0161en je u\u010denikom s najboljim prosjekom rije\u0161enosti obveznih ispita na vi\u0161oj razini mature u Hrvatskoj te je dobio priznanje za izniman uspjeh postignut na dr\u017eavnoj maturi. U najboljih 20 u\u010denika u Hrvatskoj plasirali su se i <strong>Jo\u0161ko Mudni\u0107 <\/strong>i<strong>&nbsp;Kristina Birin. Matea Sumi\u0107 <\/strong>jedna je od rijetkih u\u010denika koji su iz dva i vi\u0161e predmeta ostvarili 100%.<\/p>\n\n\n\n<p>Zahvaljujemo na\u0161im profesorima na stru\u010dnoj i nesebi\u010dnoj podr\u0161ci te s ponosom \u010destitamo svim maturantima na njihovom izvanrednom uspjehu. Na\u0161i u\u010denici su na\u0161 ponos \u2013 a njihovi uspjesi najbolja potvrda kvalitete na\u0161e \u0161kole.<\/p>\n\n\n\n<p>Poveznice na \u010dlanke:<\/p>\n\n\n\n<p><a href=\"https:\/\/slobodnadalmacija.hr\/split-i-zupanija\/split\/kakav-uspjeh-mladica-iz-splita-poslo-mu-je-za-rukom-ono-sto-nikom-u-hrvatskoj-nije-i-ja-sam-sokiran-isplatilo-se-1492614\">https:\/\/slobodnadalmacija.hr\/split-i-zupanija\/split\/kakav-uspjeh-mladica-iz-splita-poslo-mu-je-za-rukom-ono-sto-nikom-u-hrvatskoj-nije-i-ja-sam-sokiran-isplatilo-se-1492614<\/a><\/p>\n\n\n\n<p><a href=\"https:\/\/www.srednja.hr\/matura\/objavljena-imena-najboljih-maturanata-u-2025-pogledajte-je-li-na-popisu-netko-iz-vase-skole\">https:\/\/www.srednja.hr\/matura\/objavljena-imena-najboljih-maturanata-u-2025-pogledajte-je-li-na-popisu-netko-iz-vase-skole<\/a><\/p>\n\n\n\n<p><a href=\"https:\/\/www.srednja.hr\/matura\/jedini-je-maturu-iz-hrvatskog-rijesio-bez-greske-nisam-isao-na-placene-pripreme-profesori-su-me-dovoljno-naucili\">https:\/\/www.srednja.hr\/matura\/jedini-je-maturu-iz-hrvatskog-rijesio-bez-greske-nisam-isao-na-placene-pripreme-profesori-su-me-dovoljno-naucili<\/a><\/p>\n\n\n\n<p><a href=\"https:\/\/www.srednja.hr\/matura\/matea-briljirala-na-maturi-i-upisala-fiziku-u-nizozemskoj-u-skolama-nema-dovoljno-lektira-zenskih-autorica\">https:\/\/www.srednja.hr\/matura\/matea-briljirala-na-maturi-i-upisala-fiziku-u-nizozemskoj-u-skolama-nema-dovoljno-lektira-zenskih-autorica<\/a><\/p>\n\n\n\n<p><a href=\"https:\/\/www.srednja.hr\/matura\/maturant-josko-rasturio-matematiku-pa-upisao-pmf-volio-bih-da-se-cijeni-trud-kroz-cijelu-srednju\">https:\/\/www.srednja.hr\/matura\/maturant-josko-rasturio-matematiku-pa-upisao-pmf-volio-bih-da-se-cijeni-trud-kroz-cijelu-srednju<\/a><\/p>\n\n\n\n<p><a href=\"https:\/\/www.srednja.hr\/matura\/kristina-zasjala-na-maturi-i-upisala-medicinu-ne-postoji-tajna-formula-za-uspjeh\">https:\/\/www.srednja.hr\/matura\/kristina-zasjala-na-maturi-i-upisala-medicinu-ne-postoji-tajna-formula-za-uspjeh<\/a><\/p>\n\n\n\n<figure class=\"wp-block-image size-full\"><img loading=\"lazy\" decoding=\"async\" width=\"644\" height=\"699\" src=\"https:\/\/trema.hr\/wp-content\/uploads\/2025\/08\/Picture3.png\" alt=\"\" class=\"wp-image-8538\"\/><\/figure>\n\n\n\n<figure class=\"wp-block-image size-full\"><img loading=\"lazy\" decoding=\"async\" width=\"651\" height=\"554\" src=\"https:\/\/trema.hr\/wp-content\/uploads\/2025\/08\/Picture4.png\" alt=\"\" class=\"wp-image-8539\"\/><\/figure>\n","protected":false},"excerpt":{"rendered":"<p>_<\/p>\n","protected":false},"author":1,"featured_media":8589,"parent":0,"menu_order":0,"comment_status":"closed","ping_status":"closed","template":"","meta":{"footnotes":""},"class_list":["post-8537","page","type-page","status-publish","has-post-thumbnail","hentry"],"_links":{"self":[{"href":"https:\/\/trema.hr\/index.php?rest_route=\/wp\/v2\/pages\/8537","targetHints":{"allow":["GET"]}}],"collection":[{"href":"https:\/\/trema.hr\/index.php?rest_route=\/wp\/v2\/pages"}],"about":[{"href":"https:\/\/trema.hr\/index.php?rest_route=\/wp\/v2\/types\/page"}],"author":[{"embeddable":true,"href":"https:\/\/trema.hr\/index.php?rest_route=\/wp\/v2\/users\/1"}],"replies":[{"embeddable":true,"href":"https:\/\/trema.hr\/index.php?rest_route=%2Fwp%2Fv2%2Fcomments&post=8537"}],"version-history":[{"count":2,"href":"https:\/\/trema.hr\/index.php?rest_route=\/wp\/v2\/pages\/8537\/revisions"}],"predecessor-version":[{"id":8544,"href":"https:\/\/trema.hr\/index.php?rest_route=\/wp\/v2\/pages\/8537\/revisions\/8544"}],"wp:featuredmedia":[{"embeddable":true,"href":"https:\/\/trema.hr\/index.php?rest_route=\/wp\/v2\/media\/8589"}],"wp:attachment":[{"href":"https:\/\/trema.hr\/index.php?rest_route=%2Fwp%2Fv2%2Fmedia&parent=8537"}],"curies":[{"name":"wp","href":"https:\/\/api.w.org\/{rel}","templated":true}]}}