{"id":8530,"date":"2025-08-27T12:46:53","date_gmt":"2025-08-27T10:46:53","guid":{"rendered":"https:\/\/trema.hr\/?page_id=8530"},"modified":"2025-10-29T11:26:26","modified_gmt":"2025-10-29T10:26:26","slug":"8530-2","status":"publish","type":"page","link":"https:\/\/trema.hr\/?page_id=8530","title":{"rendered":"Rezultati me\u0111unarodnih natjecanja \u0161kolske godine 2024.\/2025."},"content":{"rendered":"\n<p><strong>REZULTATI U\u010cENIKA NA ME\u0110UNARODNIM NATJECANJIMA<\/strong><strong><\/strong><\/p>\n\n\n\n<p>Ovo ljeto na\u0161i u\u010denici sudjelovali su na Europskoj fizi\u010dkoj olimpijadi, Me\u0111unarodnoj fizi\u010dkoj olimpijadi i Me\u0111unarodnoj matemati\u010dkoj olimpijadi.<\/p>\n\n\n\n<p><strong>Europska fizi\u010dka olimpijada (EuPhO) <\/strong>ove godine odr\u017eavala se u Bugarskoj od 13. do 17. lipnja, a jedan od predstavnika Hrvatske bio je na\u0161 u\u010denik <strong>Frane An\u0111eli\u0107 <\/strong>(4. razred) te je osvojio posebnu pohvalu. Frane je sudjelovao i na <strong>Me\u0111unarodnoj fizi\u010dkoj olimpijadi (IPhO) <\/strong>koja se od 17. do 25. srpnja odr\u017eavala u Parizu te je osvojio bron\u010danu medalju.<\/p>\n\n\n\n<p><strong>Emanuel Bajami\u0107<\/strong>&nbsp;(4. razred) &nbsp;tako\u0111er je osvojio bron\u010danu medalju na <strong>Me\u0111unarodnoj matemati\u010dkoj olimpijadi (IMO)<\/strong>&nbsp;koja se odr\u017eavala od 10. do 20. srpnja u Australiji.<\/p>\n\n\n\n<p>\u010cestitamo na\u0161im u\u010denicima i njihovim mentorima na vrhunskim rezultatima.<\/p>\n\n\n\n<figure class=\"wp-block-image size-full\"><img loading=\"lazy\" decoding=\"async\" width=\"739\" height=\"613\" src=\"https:\/\/trema.hr\/wp-content\/uploads\/2025\/08\/Picture1.png\" alt=\"\" class=\"wp-image-8531\"\/><\/figure>\n\n\n\n<figure class=\"wp-block-image size-full\"><img loading=\"lazy\" decoding=\"async\" width=\"738\" height=\"555\" src=\"https:\/\/trema.hr\/wp-content\/uploads\/2025\/08\/Picture2.png\" alt=\"\" class=\"wp-image-8532\"\/><\/figure>\n","protected":false},"excerpt":{"rendered":"<p>_<\/p>\n","protected":false},"author":1,"featured_media":8587,"parent":0,"menu_order":0,"comment_status":"closed","ping_status":"closed","template":"","meta":{"footnotes":""},"class_list":["post-8530","page","type-page","status-publish","has-post-thumbnail","hentry"],"_links":{"self":[{"href":"https:\/\/trema.hr\/index.php?rest_route=\/wp\/v2\/pages\/8530","targetHints":{"allow":["GET"]}}],"collection":[{"href":"https:\/\/trema.hr\/index.php?rest_route=\/wp\/v2\/pages"}],"about":[{"href":"https:\/\/trema.hr\/index.php?rest_route=\/wp\/v2\/types\/page"}],"author":[{"embeddable":true,"href":"https:\/\/trema.hr\/index.php?rest_route=\/wp\/v2\/users\/1"}],"replies":[{"embeddable":true,"href":"https:\/\/trema.hr\/index.php?rest_route=%2Fwp%2Fv2%2Fcomments&post=8530"}],"version-history":[{"count":3,"href":"https:\/\/trema.hr\/index.php?rest_route=\/wp\/v2\/pages\/8530\/revisions"}],"predecessor-version":[{"id":9045,"href":"https:\/\/trema.hr\/index.php?rest_route=\/wp\/v2\/pages\/8530\/revisions\/9045"}],"wp:featuredmedia":[{"embeddable":true,"href":"https:\/\/trema.hr\/index.php?rest_route=\/wp\/v2\/media\/8587"}],"wp:attachment":[{"href":"https:\/\/trema.hr\/index.php?rest_route=%2Fwp%2Fv2%2Fmedia&parent=8530"}],"curies":[{"name":"wp","href":"https:\/\/api.w.org\/{rel}","templated":true}]}}