{"id":81,"date":"2016-10-17T14:32:24","date_gmt":"2016-10-17T14:32:24","guid":{"rendered":"http:\/\/www.demo.acmethemes.com\/education-base\/?page_id=55"},"modified":"2021-09-28T16:05:24","modified_gmt":"2021-09-28T14:05:24","slug":"ultimate-free-education-theme","status":"publish","type":"page","link":"https:\/\/trema.hr\/?page_id=81","title":{"rendered":"III. GIMNAZIJA, Split"},"content":{"rendered":"\n<p><\/p>\n\n\n<p>O po\u010decima:<\/p>\n<p>Tre\u0107a ( III. ) gimnazija u Splitu osnovana je 17. rujna 1992. godine. Ova je \u0161kola do tada djelovala pod nazivom Matemati\u010dko informati\u010dki obrazovni centar \u2013 MIOC, koji je nastao u okviru Graditeljskog \u0161kolskog centra &#8220;\u0106iro Gamulin&#8221; 1978. godine, kao dvogodi\u0161nji program za 3. i 4. razrede. Nakon zavr\u0161ene pripremne faze u trajanju od dvije godine, u\u010denici nadareni za matemati\u010dka i informati\u010dka podru\u010dja birali su ovaj program, prepoznav\u0161i ga kao izuzetno jak i suvremen, u skladu s europskim standardima Novom mre\u017eom \u0161kola u rujnu 1986. godine usustavljuje se MIOC kao samostalna \u010detverogodi\u0161nja \u0161kola sa sjedi\u0161tem u Teslinoj 10, u prostorima biv\u0161e gimnazije &#8220;\u010ciro Gamulin&#8221; . &#8220;Povratkom&#8221; gimnazija u sustav srednjo\u0161kolskog obrazovanja 1992. godine, MIOC postaje gimnazija prirodoslovno \u2013 matemati\u010dkog programa i seli se u novi prostor na dana\u0161njoj adresi. Od 1993. godine \u0161kola nosi slu\u017ebeni naziv III. gimnazija, Split.<\/p>\n<h4>Ravnatelji:<\/h4>\n<ul>\n<li>prof. Grozdana Plei\u0107, 1986. \u20131990.<\/li>\n<li>prof. Antica Lovri\u0107, 1990. \u2013 1994.<\/li>\n<li>prof. Ante Tucak, 1994. \u2013 2000.<\/li>\n<li>prof. Mirjana Matijevi\u0107, 2000. &#8211; 2018.<\/li>\n<li>prof. Deana Bok\u0161i\u0107, 2018. &#8211;<\/li>\n<\/ul>\n<p>Zbog svog programa rada i vrlo uspje\u0161nih u\u010denika koji su svoja znanja potvr\u0111ivali na svim razinama natjecanja iz razli\u010ditih nastavnih predmeta \u0161kola je stekla velik ugled u svom okru\u017eenju i \u0161ire, na dr\u017eavnoj razini. Neki su u\u010denici vrlo uspje\u0161no zastupali na\u0161u zemlju na Me\u0111unarodnim olimpijadama iz matematike, fizike i informatike. Njihova su imena zna\u010dajna za povijest ove \u0161kole, pa \u0107emo ih ovdje i nabrojiti .<\/p>\n<h4>Me\u0111unarodne olimpijade iz matematike (IMO):<\/h4>\n<ul>\n<li>1993. Turska &#8230;&#8230;&#8230;&#8230;&#8230;&#8230;&#8230;&#8230;&#8230;&#8230;&#8230;.Miroslav Juri\u0161i\u0107 ( bron\u010dana medalja )<\/li>\n<li>1994. Hong Kong &#8230;&#8230;&#8230;&#8230;&#8230;&#8230;&#8230;&#8230;..Natalia Kulji\u0161 ( pohvala )<\/li>\n<li>1996.\u00a0Indija &#8230;&#8230;&#8230;&#8230;&#8230;&#8230;&#8230;&#8230;&#8230;&#8230;&#8230;&#8230;Ton\u010di Crmari\u0107 ( bron\u010dana medalja )<\/li>\n<li>1997. Argentina &#8230;&#8230;&#8230;&#8230;&#8230;&#8230;&#8230;&#8230;&#8230;..Vedran Zori\u0107 ( srebrna medalja )<\/li>\n<li>1998. Tajvan &#8230;&#8230;&#8230;&#8230;&#8230;&#8230;&#8230;&#8230;&#8230;&#8230;&#8230;..Vedran Zori\u0107 ( srebrna medalja )<\/li>\n<li>1999. Rumunjska &#8230;&#8230;&#8230;&#8230;&#8230;&#8230;&#8230;&#8230;&#8230;Andrijana Radov\u010di\u0107 ( bron\u010dana medalja )<\/li>\n<li>2000. Ju\u017ena Koreja &#8230;&#8230;&#8230;&#8230;&#8230;&#8230;&#8230;..Ton\u010di Kokan ( bron\u010dana medalja )<\/li>\n<li>2001. SAD &#8230;&#8230;&#8230;&#8230;&#8230;&#8230;&#8230;&#8230;&#8230;&#8230;&#8230;&#8230;&#8230;Ton\u010di Antunovi\u0107 ( srebrna medalja )<\/li>\n<li>2006. Slovenija &#8230;&#8230;&#8230;&#8230;&#8230;&#8230;&#8230;&#8230;&#8230;&#8230;Josip Saratlija<\/li>\n<\/ul>\n<h4>Me\u0111unarodne olimpijade iz fizike (IPhO):<\/h4>\n<ul>\n<li>1998. Island &#8230;&#8230;&#8230;&#8230;&#8230;&#8230;&#8230;&#8230;&#8230;&#8230;&#8230;&#8230;.. Ivan Radov\u010di\u0107<\/li>\n<li>2001. Turska &#8230;&#8230;&#8230;&#8230;&#8230;&#8230;&#8230;&#8230;&#8230;&#8230;&#8230;&#8230;. Branimir Radov\u010di\u0107<\/li>\n<li>2006. Singapur&#8230;&#8230;&#8230;&#8230;&#8230;&#8230;&#8230;&#8230;&#8230;&#8230;&#8230;&#8230;Boran Car<\/li>\n<li>2008. Vijetnam&#8230;&#8230;&#8230;&#8230;&#8230;&#8230;&#8230;&#8230;&#8230;&#8230;&#8230;..Jak\u0161a Markoti\u0107<\/li>\n<li>2010. Zagreb&#8230;&#8230;&#8230;&#8230;&#8230;&#8230;&#8230;&#8230;&#8230;&#8230;&#8230;&#8230;..Marko Jer\u010di\u0107<\/li>\n<li>2011. Teheran &#8230;&#8230;&#8230;&#8230;&#8230;&#8230;&#8230;&#8230;&#8230;&#8230;&#8230;&#8230;Nives Bona\u010di\u0107<\/li>\n<li>2014. Kazahstan&#8230;&#8230;&#8230;&#8230;&#8230;&#8230;&#8230;&#8230;&#8230;&#8230;&#8230;Matej Pavlovi\u0107 (bron\u010dana medalja)<\/li>\n<li>2015. Indija&#8230;&#8230;&#8230;&#8230;&#8230;&#8230;&#8230;&#8230;&#8230;&#8230;&#8230;&#8230;&#8230;..Matej Pavlovi\u0107 (bron\u010dana medalja)<\/li>\n<li>2015. Indija&#8230;&#8230;&#8230;&#8230;&#8230;&#8230;&#8230;&#8230;&#8230;&#8230;&#8230;&#8230;&#8230;..Ivan Jer\u010di\u0107 (pohvala)<\/li>\n<li>2016. \u0160vicarska&#8230;&#8230;&#8230;&#8230;&#8230;&#8230;&#8230;&#8230;&#8230;&#8230;&#8230;.Ivan Jer\u010di\u0107 (bron\u010dana medalja), Karlo Deli\u0107 (pohvala)<\/li>\n<li>2017. Indonezija&#8230;&#8230;&#8230;&#8230;&#8230;&#8230;&#8230;&#8230;&#8230;&#8230;&#8230;.Domagoj Perkovi\u0107 (srebrna medalja), Josip Jerolim Banovi\u0107 (pohvala)<\/li>\n<li>2018. Portugal&#8230;&#8230;&#8230;&#8230;&#8230;&#8230;&#8230;&#8230;&#8230;&#8230;&#8230;&#8230;.Domagoj Perkovi\u0107(srebrna medalja),Petra Br\u010di\u0107 (pohvala)<\/li>\n<li>2021. Litva&#8230;&#8230;&#8230;&#8230;&#8230;&#8230;&#8230;&#8230;&#8230;&#8230;&#8230;&#8230;.Borna Perkovi\u0107 (srebrna medalja)<\/li>\n<\/ul>\n<h4>Me\u0111unarodne olimpijade iz informatike (IOI):<\/h4>\n<ul>\n<li>1994. \u0160vedska &#8230;&#8230;&#8230;&#8230;&#8230;&#8230;&#8230;&#8230;&#8230;&#8230;&#8230;&#8230;Davor Lovri\u0107 ( diploma )<\/li>\n<li>1995. Nizozemska &#8230;&#8230;&#8230;&#8230;&#8230;&#8230;&#8230;&#8230;&#8230;&#8230;Davor Lovri\u0107 ( srebrna medalja )<\/li>\n<li>1998. Portugal &#8230;&#8230;&#8230;&#8230;&#8230;&#8230;&#8230;&#8230;&#8230;&#8230;&#8230;&#8230;Kre\u0161imir \u0106osi\u0107 (bron\u010dana medalja )<\/li>\n<li>2003. SAD &#8230;&#8230;&#8230;&#8230;&#8230;&#8230;&#8230;&#8230;&#8230;&#8230;&#8230;&#8230;&#8230;&#8230;Davor Bona\u010di (srebrna medalja )<\/li>\n<li>2006. Mexico&#8230;&#8230;&#8230;&#8230;&#8230;&#8230;&#8230;&#8230;&#8230;&#8230;&#8230;&#8230;&#8230;Igor Bona\u010di (srebrena medalja)<\/li>\n<li>2009. Bugarska&#8230;&#8230;&#8230;&#8230;&#8230;&#8230;&#8230;&#8230;&#8230;&#8230;&#8230;..Jak\u0161a Markoti\u0107 (bron\u010dana medalja na srednjoeuropskoj olimpijadi)<\/li>\n<li>2009. Rumunjska&#8230;&#8230;&#8230;&#8230;&#8230;&#8230;&#8230;&#8230;&#8230;&#8230;..Jak\u0161a Markoti\u0107 (srebrena medalja)<\/li>\n<\/ul>\n<h4>Me\u0111unarodne olimpijade iz kemije (ICHO):<\/h4>\n<ul>\n<li>2007. Rusija &#8230;&#8230;&#8230;&#8230;&#8230;&#8230;&#8230;&#8230;&#8230;&#8230;&#8230;&#8230;&#8230;Ivana Brekalo (\u010dlan olimpijskog tima)<\/li>\n<li>2008. Ma\u0111arska &#8230;&#8230;&#8230;&#8230;&#8230;&#8230;&#8230;&#8230;&#8230;&#8230;&#8230;Toni Portolan (bron\u010dana medalja)<\/li>\n<li>2011. Turska &#8230;&#8230;&#8230;&#8230;&#8230;&#8230;&#8230;&#8230;&#8230;&#8230;&#8230;&#8230;..Tomislav Begu\u0161i\u0107 (\u010dlan olimpijskog tima)<\/li>\n<li>2012. SAD &#8230;&#8230;&#8230;&#8230;&#8230;&#8230;&#8230;&#8230;&#8230;&#8230;&#8230;&#8230;&#8230;&#8230;Tomislav Begu\u0161i\u0107 (srebrna medalja)<\/li>\n<\/ul>\n<h4>Me\u0111unarodne olimpijade iz astronomije (IOAA):<\/h4>\n<ul>\n<li>2007. Ukrajina &#8230;&#8230;&#8230;&#8230;&#8230;&#8230;&#8230;&#8230;&#8230;&#8230;&#8230;Ana Bacelj (bron\u010dana medalja)<\/li>\n<li>2014.Rumunjska&#8230;&#8230;&#8230;&#8230;&#8230;&#8230;&#8230;&#8230;&#8230;&#8230;Stella Vje\u0161nica i Toni Kod\u017eoman<\/li>\n<li>2015.Indonezija&#8230;&#8230;&#8230;&#8230;&#8230;&#8230;&#8230;&#8230;&#8230;&#8230;..Stella Vje\u0161nica<\/li>\n<li>2016.Indija&#8230;&#8230;&#8230;&#8230;&#8230;&#8230;&#8230;&#8230;&#8230;&#8230;&#8230;&#8230;&#8230;.Rino \u010cala<\/li>\n<li>2018. Kina&#8230;&#8230;&#8230;&#8230;&#8230;&#8230;&#8230;&#8230;&#8230;&#8230;&#8230;&#8230;&#8230;.Domagoj Perkovi\u0107 (pohvala)<\/li>\n<\/ul>\n<h4>Me\u0111unarodne olimpijade iz geografije (iGeo)<\/h4>\n<ul>\n<li>2017. Srbija &#8230;&#8230;&#8230;&#8230;&#8230;&#8230;&#8230;&#8230;&#8230;&#8230;&#8230;Leo Radalj (diploma)<\/li>\n<li>2018.Kanada&#8230;&#8230;&#8230;&#8230;&#8230;&#8230;&#8230;&#8230;&#8230;&#8230;&#8230;Leo Radalj (pohvala)<\/li>\n<\/ul>\n<h4 class=\"article-title\">International Junior Science Olympiad (IJSO):<\/h4>\n<ul>\n<li>2016. Indonezija&#8230;&#8230;&#8230;&#8230;&#8230;&#8230;&#8230;&#8230;&#8230;&#8230;&#8230;&#8230;&#8230;Darijan Gudelj (srebrna medalja), Luka Buli\u0107 Bra\u010dulj (bron\u010dana medalja), Barbara Sumi\u0107 (bron\u010dana medalja)<\/li>\n<\/ul>\n<h4 class=\"article-title\">Europska prirodoslovna olimpijada (EUSO):<\/h4>\n<ul>\n<li>2017. Danska&#8230;&#8230;&#8230;&#8230;&#8230;&#8230;&#8230;&#8230;&#8230;&#8230;&#8230;&#8230;&#8230;&#8230; Luka Buli\u0107 Bra\u010dulj (zlatna medalja), Domagoj Perkovi\u0107 (srebrna medalja) i Mislav Bari\u0107 (srebrna medalja).<\/li>\n<li>2018. Slovenija&#8230;&#8230;&#8230;&#8230;&#8230;&#8230;&#8230;&#8230;&#8230;&#8230;&#8230;&#8230;&#8230;.Barbara \u0160umi\u0107 , Darijan Gudelj\u00a0 i Mislav Bari\u0107 (ekipna srebrena medalja)<\/li>\n<\/ul>\n<h4 class=\"article-title\">Europska fizi\u010dka olimpijada (EuPhO):<\/h4>\n<ul>\n<li>2018. Rusija&#8230;&#8230;&#8230;&#8230;&#8230;&#8230;&#8230;&#8230;&#8230;&#8230;&#8230;&#8230;&#8230;&#8230; Domagoj Perkovi\u0107 (zlatna medalja)<\/li>\n<\/ul>\n<p>Zbog izuzetnih rezultata u obrazovanju svojih u\u010denika te kvalitete rada u ovoj \u0160koli, kao i njenog ugleda u sredini u kojoj djeluje, III. gimnazija je dobila niz vrijednih priznanja:<\/p>\n<ul>\n<li>Ministrovo priznanje prigodom Dana u\u010ditelja 5. listopada 2000.<\/li>\n<li>Zahvalnicu FER-a Zagreb 21. listopada 2000.<\/li>\n<li>Priznanje FER-a Zagreb 21. listopada 2001.<\/li>\n<li>Priznanje FER-a Zagreb 21. listopada 2002.<\/li>\n<li>Priznanje FER-a Zagreb 21. listopada 2003.<\/li>\n<li>Povelja Republike Hrvatske odlukom predsjednika Mesi\u0107a prigodom Dana dr\u017eavnosti 25. lipnja 2003.<\/li>\n<li>Priznanje FER-a Zagreb 19. studenog 2004.<\/li>\n<li>Priznanje FER-a Zagreb 19. listopada 2005.<\/li>\n<li>Priznanje FER-a Zagreb 18. listopada 2006.<\/li>\n<li>Priznanje FER-a Zagreb 17. listopada 2007.<\/li>\n<li>Priznanje FER-a Zagreb 15. listopada 2008.<\/li>\n<li>Priznanje FER-a Zagreb 21. listopada 2009.<\/li>\n<li>Priznanje FER-a Zagreb 13. listopada 2010.<\/li>\n<li>Zahvalnica FER-a Zagreb 16. studenog 2011.<\/li>\n<li>Zahvalnica FER-a Zagreb 17. studenog 2012.<\/li>\n<li>Zahvalnica FER-a Zagreb 16. studenog 2013.<\/li>\n<li>Zahvalnica FER-a Zagreb 31. studenog 2014.<\/li>\n<li>Zahvalnica FER-a Zagreb 21. listopad 2015.<\/li>\n<li>Zahvalnica FER-a Zagreb 19.listopad 2016.<\/li>\n<li>Zahvalnica Fakulteta elektrotehnike,strojarstva i brodogradnje u Splitu 2016.<\/li>\n<li>Zahvalnica FER-A Zagreb 2017.<\/li>\n<li>Zahvalnica FESB-a Split 2. lipnja 2017.<\/li>\n<\/ul>","protected":false},"excerpt":{"rendered":"<p>Prirodoslovno &#8211; matemati\u010dka gimnazija<br \/>\nDobrodo\u0161li na stranice III. gimnazije Split, popularno zvane MIOC.<\/p>\n","protected":false},"author":1,"featured_media":4468,"parent":84,"menu_order":0,"comment_status":"closed","ping_status":"closed","template":"","meta":{"footnotes":""},"class_list":["post-81","page","type-page","status-publish","has-post-thumbnail","hentry"],"_links":{"self":[{"href":"https:\/\/trema.hr\/index.php?rest_route=\/wp\/v2\/pages\/81","targetHints":{"allow":["GET"]}}],"collection":[{"href":"https:\/\/trema.hr\/index.php?rest_route=\/wp\/v2\/pages"}],"about":[{"href":"https:\/\/trema.hr\/index.php?rest_route=\/wp\/v2\/types\/page"}],"author":[{"embeddable":true,"href":"https:\/\/trema.hr\/index.php?rest_route=\/wp\/v2\/users\/1"}],"replies":[{"embeddable":true,"href":"https:\/\/trema.hr\/index.php?rest_route=%2Fwp%2Fv2%2Fcomments&post=81"}],"version-history":[{"count":0,"href":"https:\/\/trema.hr\/index.php?rest_route=\/wp\/v2\/pages\/81\/revisions"}],"up":[{"embeddable":true,"href":"https:\/\/trema.hr\/index.php?rest_route=\/wp\/v2\/pages\/84"}],"wp:featuredmedia":[{"embeddable":true,"href":"https:\/\/trema.hr\/index.php?rest_route=\/wp\/v2\/media\/4468"}],"wp:attachment":[{"href":"https:\/\/trema.hr\/index.php?rest_route=%2Fwp%2Fv2%2Fmedia&parent=81"}],"curies":[{"name":"wp","href":"https:\/\/api.w.org\/{rel}","templated":true}]}}