{"id":802,"date":"2020-01-24T09:48:36","date_gmt":"2020-01-24T08:48:36","guid":{"rendered":"https:\/\/trema.hr\/?page_id=802"},"modified":"2025-08-29T10:02:06","modified_gmt":"2025-08-29T08:02:06","slug":"projekti","status":"publish","type":"page","link":"https:\/\/trema.hr\/?page_id=802","title":{"rendered":"Projekti &#8211; staro"},"content":{"rendered":"\n<p class=\"has-black-color has-vivid-green-cyan-background-color has-text-color has-background has-large-font-size\"><a href=\"https:\/\/trema.hr\/?page_id=1446\"><strong>Bus znanja<\/strong><\/a><\/p>\n\n\n\n<p class=\"has-black-color has-vivid-green-cyan-background-color has-text-color has-background has-large-font-size\"><a href=\"https:\/\/trema.hr\/?page_id=1344\"><strong>Erasmus+<\/strong><\/a><\/p>\n\n\n\n<p class=\"has-black-color has-vivid-green-cyan-background-color has-text-color has-background has-large-font-size\"><a href=\"https:\/\/trema.hr\/?page_id=88\"><strong>eTwinning projekti<\/strong><\/a><\/p>\n\n\n\n<p class=\"has-black-color has-vivid-green-cyan-background-color has-text-color has-background has-large-font-size\"><a href=\"https:\/\/trema.hr\/?page_id=87\"><strong>EDIT<\/strong><\/a><\/p>\n\n\n\n<p class=\"has-black-color has-vivid-green-cyan-background-color has-text-color has-background has-large-font-size\"><a href=\"https:\/\/trema.hr\/?page_id=86\"><strong>No\u0107 karijera<\/strong><\/a><\/p>\n\n\n\n<p class=\"has-black-color has-vivid-green-cyan-background-color has-text-color has-background has-large-font-size\"><a href=\"https:\/\/trema.hr\/?page_id=4858\"><strong>Spoznaj bioraznolikost<\/strong><\/a><\/p>\n\n\n\n<p class=\"has-black-color has-vivid-green-cyan-background-color has-text-color has-background has-large-font-size\"><a href=\"https:\/\/trema.hr\/?page_id=4888\"><strong>Istra\u017eiva\u010dki projekti u\u010denika<\/strong><\/a><\/p>\n","protected":false},"excerpt":{"rendered":"<p>Bus znanja Erasmus+ eTwinning projekti EDIT No\u0107 karijera Spoznaj bioraznolikost Istra\u017eiva\u010dki projekti u\u010denika<\/p>\n","protected":false},"author":1,"featured_media":4525,"parent":0,"menu_order":0,"comment_status":"closed","ping_status":"closed","template":"","meta":{"footnotes":""},"class_list":["post-802","page","type-page","status-publish","has-post-thumbnail","hentry"],"_links":{"self":[{"href":"https:\/\/trema.hr\/index.php?rest_route=\/wp\/v2\/pages\/802","targetHints":{"allow":["GET"]}}],"collection":[{"href":"https:\/\/trema.hr\/index.php?rest_route=\/wp\/v2\/pages"}],"about":[{"href":"https:\/\/trema.hr\/index.php?rest_route=\/wp\/v2\/types\/page"}],"author":[{"embeddable":true,"href":"https:\/\/trema.hr\/index.php?rest_route=\/wp\/v2\/users\/1"}],"replies":[{"embeddable":true,"href":"https:\/\/trema.hr\/index.php?rest_route=%2Fwp%2Fv2%2Fcomments&post=802"}],"version-history":[{"count":1,"href":"https:\/\/trema.hr\/index.php?rest_route=\/wp\/v2\/pages\/802\/revisions"}],"predecessor-version":[{"id":8575,"href":"https:\/\/trema.hr\/index.php?rest_route=\/wp\/v2\/pages\/802\/revisions\/8575"}],"wp:featuredmedia":[{"embeddable":true,"href":"https:\/\/trema.hr\/index.php?rest_route=\/wp\/v2\/media\/4525"}],"wp:attachment":[{"href":"https:\/\/trema.hr\/index.php?rest_route=%2Fwp%2Fv2%2Fmedia&parent=802"}],"curies":[{"name":"wp","href":"https:\/\/api.w.org\/{rel}","templated":true}]}}