{"id":6687,"date":"2023-12-01T13:03:08","date_gmt":"2023-12-01T12:03:08","guid":{"rendered":"https:\/\/trema.hr\/?page_id=6687"},"modified":"2026-02-09T13:54:33","modified_gmt":"2026-02-09T12:54:33","slug":"erasmus-projekti-2","status":"publish","type":"page","link":"https:\/\/trema.hr\/?page_id=6687","title":{"rendered":"Erasmus+"},"content":{"rendered":"<h3>O programu Erasmus+<\/h3>\n<p>Op\u0107i je cilj programa cjelo\u017eivotnim u\u010denjem podupirati obrazovni, profesionalni i osobni razvoj u\u010denika i nastavnika u podru\u010dju obrazovanja i osposobljavanja, \u0161to doprinosi odr\u017eivom rastu, kvaliteti radnih mjesta, socijalnoj koheziji, poticanju inovacija te ja\u010danju europskog identiteta i aktivnoga gra\u0111anstva. Program je bitan instrument za izgradnju europskog prostora obrazovanja i provedbu europske strate\u0161ke suradnje.<br \/>Posebni ciljevi programa su promicanje mobilnosti, u svrhu u\u010denja za pojedince i skupine, suradnje, kvalitete, uklju\u010divosti i pravednosti, izvrsnosti, kreativnosti i inovativnosti na razini organizacija i politika u podru\u010dju obrazovanja i osposobljavanja.<br \/>Cilj je omogu\u0107iti \u0161to ve\u0107em broju nastavnika i u\u010denika sudjelovanje u razli\u010ditim projektnim aktivnostima u okviru Erasmus+ programa te na takav na\u010din unaprijediti internacionalizaciju III. gimnazije, Split.<\/p>\n<p><strong>\u0160kolski koordinator- Danica Bav\u010devi\u0107, stru\u010dni suradnik psiholog (<a href=\"mailto:bavcevicdanica@gmail.com\">bavcevicdanica@gmail.com<\/a>)<\/strong><\/p>\n\n\n<p><\/p>\n\n\n\n<h2 class=\"wp-block-heading\"><a href=\"https:\/\/trema.hr\/?page_id=1344\" data-type=\"page\" data-id=\"1344\">Zavr\u0161eni projekti <\/a><\/h2>\n\n\n\n<h2 class=\"wp-block-heading\"><\/h2>\n\n\n\n<p><\/p>\n\n\n\n<p><\/p>\n","protected":false},"excerpt":{"rendered":"<p>&#8230;<\/p>\n","protected":false},"author":1,"featured_media":6691,"parent":0,"menu_order":0,"comment_status":"closed","ping_status":"closed","template":"","meta":{"footnotes":""},"class_list":["post-6687","page","type-page","status-publish","has-post-thumbnail","hentry"],"_links":{"self":[{"href":"https:\/\/trema.hr\/index.php?rest_route=\/wp\/v2\/pages\/6687","targetHints":{"allow":["GET"]}}],"collection":[{"href":"https:\/\/trema.hr\/index.php?rest_route=\/wp\/v2\/pages"}],"about":[{"href":"https:\/\/trema.hr\/index.php?rest_route=\/wp\/v2\/types\/page"}],"author":[{"embeddable":true,"href":"https:\/\/trema.hr\/index.php?rest_route=\/wp\/v2\/users\/1"}],"replies":[{"embeddable":true,"href":"https:\/\/trema.hr\/index.php?rest_route=%2Fwp%2Fv2%2Fcomments&post=6687"}],"version-history":[{"count":12,"href":"https:\/\/trema.hr\/index.php?rest_route=\/wp\/v2\/pages\/6687\/revisions"}],"predecessor-version":[{"id":9580,"href":"https:\/\/trema.hr\/index.php?rest_route=\/wp\/v2\/pages\/6687\/revisions\/9580"}],"wp:featuredmedia":[{"embeddable":true,"href":"https:\/\/trema.hr\/index.php?rest_route=\/wp\/v2\/media\/6691"}],"wp:attachment":[{"href":"https:\/\/trema.hr\/index.php?rest_route=%2Fwp%2Fv2%2Fmedia&parent=6687"}],"curies":[{"name":"wp","href":"https:\/\/api.w.org\/{rel}","templated":true}]}}