{"id":63,"date":"2017-02-27T09:01:00","date_gmt":"2017-02-27T09:01:00","guid":{"rendered":"http:\/\/demo.acmethemes.com\/education-base-pro\/?page_id=297"},"modified":"2020-05-27T22:57:34","modified_gmt":"2020-05-27T20:57:34","slug":"learning-environment","status":"publish","type":"page","link":"https:\/\/trema.hr\/?page_id=63","title":{"rendered":"Nastavni program"},"content":{"rendered":"<div class=\"container main-content-area\">\n<div class=\"row\">\n<div class=\"main-content-inner col-sm-12 col-md-8 full-width\">\n<div id=\"primary\" class=\"content-area\"><main id=\"main\" class=\"site-main\" role=\"main\"><\/p>\n<div class=\"post-inner-content\">\n<article id=\"post-60\" class=\"post-60 page type-page status-publish hentry category-o-skoli\">\n<div class=\"entry-content\">\n<div>\n<p>Programom prirodoslovno-matemati\u010dke gimnazije u\u010denike od prvog razreda temeljito i kvalitetno pripremamo za dr\u017eavnu maturu, a istovremeno i za upis na fakultet po vlastitom izboru.<\/p>\n<p>Nastavni plan i program prirodoslovno-matemati\u010dke gimnazije naro\u010dito je usmjeren na stjecanje znanja i vje\u0161tina u podru\u010dju matematike.\u00a0 Rezultati ispita dr\u017eavne mature ukazuju na probleme u\u010denika u Republici Hrvatskoj u savladavanju sadr\u017eaja iz matemati\u010dkog podru\u010dja, stoga usmjerenost na\u0161eg programa na matemati\u010dko podru\u010dje omogu\u0107ava u\u010denicima uspje\u0161no rje\u0161avanje dr\u017eavne mature i upis na \u017eeljeni fakultet.<\/p>\n<p>Nastava informatike kroz sve \u010detiri godine tako\u0111er je prednost na\u0161eg programa u odnosu na sli\u010dne programe na tr\u017ei\u0161tu.<\/p>\n<p>Prirodoslovni dio programa pru\u017ea u\u010denicima mogu\u0107nost prakti\u010dne primjene teorijskog znanja kroz laboratorijske vje\u017ebe iz fizike, kemije i biologije. Takav pristup prirodoslovlju suhoparnu, apstraktnu i teorijsku nastavu pretvara u zanimljivo, cjelovito, iskustveno u\u010denje.<\/p>\n<\/div>\n<p>III. gimnazija je \u0161kola prirodoslovno-matemati\u010dkog usmjerenja.<\/p>\n<table width=\"630\">\n<tbody>\n<tr>\n<td rowspan=\"2\" width=\"152\"><strong>NASTAVNI PREDMET<\/strong><\/td>\n<td colspan=\"4\" width=\"194\"><strong>BROJ SATI PO RAZREDIMA TJEDNO<\/strong><\/td>\n<td colspan=\"4\" width=\"177\"><strong>BROJ SATI PO PREDMETU TJEDNO<\/strong><\/td>\n<td width=\"106\"><strong>UKUPNO<\/strong><\/p>\n<p><strong>TJEDNO<\/strong><\/td>\n<\/tr>\n<tr>\n<td width=\"53\">I.<\/td>\n<td width=\"50\">II.<\/td>\n<td width=\"43\">III.<\/td>\n<td width=\"48\">IV.<\/td>\n<td width=\"41\">I.<\/td>\n<td width=\"44\">II.<\/td>\n<td width=\"41\">III.<\/td>\n<td width=\"50\">IV.<\/td>\n<td width=\"106\"><\/td>\n<\/tr>\n<tr>\n<td width=\"152\"><a name=\"_Toc302557537\"><\/a>Hrvatski jezik<\/td>\n<td width=\"53\">4<\/td>\n<td width=\"50\">4<\/td>\n<td width=\"43\">4<\/td>\n<td width=\"48\">4<\/td>\n<td width=\"41\">24<\/td>\n<td width=\"44\">24<\/td>\n<td width=\"41\">24<\/td>\n<td width=\"50\">24<\/td>\n<td width=\"106\">96<\/td>\n<\/tr>\n<tr>\n<td width=\"152\">Engleski jezik<\/td>\n<td width=\"53\">3<\/td>\n<td width=\"50\">3<\/td>\n<td width=\"43\">3<\/td>\n<td width=\"48\">3<\/td>\n<td width=\"41\">18<\/td>\n<td width=\"44\">18<\/td>\n<td width=\"41\">18<\/td>\n<td width=\"50\">18<\/td>\n<td width=\"106\">72<\/td>\n<\/tr>\n<tr>\n<td width=\"152\">Latinski jezik<\/td>\n<td width=\"53\">2<\/td>\n<td width=\"50\">2<\/td>\n<td width=\"43\">&#8211;<\/td>\n<td width=\"48\">&#8211;<\/td>\n<td width=\"41\">12<\/td>\n<td width=\"44\">12<\/td>\n<td width=\"41\">&#8211;<\/td>\n<td width=\"50\">&#8211;<\/td>\n<td width=\"106\">24<\/td>\n<\/tr>\n<tr>\n<td width=\"152\">Glazbena umjetnost<\/td>\n<td width=\"53\">1<\/td>\n<td width=\"50\">1<\/td>\n<td width=\"43\">&#8211;<\/td>\n<td width=\"48\">&#8211;<\/td>\n<td width=\"41\">6<\/td>\n<td width=\"44\">6<\/td>\n<td width=\"41\">&#8211;<\/td>\n<td width=\"50\">&#8211;<\/td>\n<td width=\"106\">12<\/td>\n<\/tr>\n<tr>\n<td width=\"152\">Likovna umjetnost<\/td>\n<td width=\"53\">1<\/td>\n<td width=\"50\">1<\/td>\n<td width=\"43\">&#8211;<\/td>\n<td width=\"48\">&#8211;<\/td>\n<td width=\"41\">6<\/td>\n<td width=\"44\">6<\/td>\n<td width=\"41\">&#8211;<\/td>\n<td width=\"50\">&#8211;<\/td>\n<td width=\"106\">12<\/td>\n<\/tr>\n<tr>\n<td width=\"152\">Psihologija<\/td>\n<td width=\"53\">&#8211;<\/td>\n<td width=\"50\">&#8211;<\/td>\n<td width=\"43\">1<\/td>\n<td width=\"48\">&#8211;<\/td>\n<td width=\"41\">&#8211;<\/td>\n<td width=\"44\">&#8211;<\/td>\n<td width=\"41\">6<\/td>\n<td width=\"50\">&#8211;<\/td>\n<td width=\"106\">6<\/td>\n<\/tr>\n<tr>\n<td width=\"152\">Logika<\/td>\n<td width=\"53\">&#8211;<\/td>\n<td width=\"50\">&#8211;<\/td>\n<td width=\"43\">1<\/td>\n<td width=\"48\">&#8211;<\/td>\n<td width=\"41\">&#8211;<\/td>\n<td width=\"44\">&#8211;<\/td>\n<td width=\"41\">6<\/td>\n<td width=\"50\">&#8211;<\/td>\n<td width=\"106\">6<\/td>\n<\/tr>\n<tr>\n<td width=\"152\">Filozofija<\/td>\n<td width=\"53\">&#8211;<\/td>\n<td width=\"50\">&#8211;<\/td>\n<td width=\"43\">&#8211;<\/td>\n<td width=\"48\">2<\/td>\n<td width=\"41\">&#8211;<\/td>\n<td width=\"44\">&#8211;<\/td>\n<td width=\"41\">&#8211;<\/td>\n<td width=\"50\">12<\/td>\n<td width=\"106\">12<\/td>\n<\/tr>\n<tr>\n<td width=\"152\">Sociologija<\/td>\n<td width=\"53\">&#8211;<\/td>\n<td width=\"50\">&#8211;<\/td>\n<td width=\"43\">1<\/td>\n<td width=\"48\">&#8211;<\/td>\n<td width=\"41\">&#8211;<\/td>\n<td width=\"44\">&#8211;<\/td>\n<td width=\"41\">6<\/td>\n<td width=\"50\">&#8211;<\/td>\n<td width=\"106\">6<\/td>\n<\/tr>\n<tr>\n<td width=\"152\">Povijest<\/td>\n<td width=\"53\">2<\/td>\n<td width=\"50\">2<\/td>\n<td width=\"43\">2<\/td>\n<td width=\"48\">2<\/td>\n<td width=\"41\">12<\/td>\n<td width=\"44\">12<\/td>\n<td width=\"41\">12<\/td>\n<td width=\"50\">12<\/td>\n<td width=\"106\">48<\/td>\n<\/tr>\n<tr>\n<td width=\"152\">Geografija<\/td>\n<td width=\"53\">2<\/td>\n<td width=\"50\">2<\/td>\n<td width=\"43\">2<\/td>\n<td width=\"48\">2<\/td>\n<td width=\"41\">12<\/td>\n<td width=\"44\">12<\/td>\n<td width=\"41\">12<\/td>\n<td width=\"50\">12<\/td>\n<td width=\"106\">48<\/td>\n<\/tr>\n<tr>\n<td width=\"152\">Matematika<\/td>\n<td width=\"53\">5<\/td>\n<td width=\"50\">5<\/td>\n<td width=\"43\">6<\/td>\n<td width=\"48\">6<\/td>\n<td width=\"41\">30<\/td>\n<td width=\"44\">30<\/td>\n<td width=\"41\">36<\/td>\n<td width=\"50\">36<\/td>\n<td width=\"106\">132<\/td>\n<\/tr>\n<tr>\n<td width=\"152\">Fizika<\/td>\n<td width=\"53\">3<\/td>\n<td width=\"50\">3<\/td>\n<td width=\"43\">3<\/td>\n<td width=\"48\">3<\/td>\n<td width=\"41\">18<\/td>\n<td width=\"44\">18<\/td>\n<td width=\"41\">18<\/td>\n<td width=\"50\">18<\/td>\n<td width=\"106\">72<\/td>\n<\/tr>\n<tr>\n<td width=\"152\">Kemija<\/td>\n<td width=\"53\">2<\/td>\n<td width=\"50\">2<\/td>\n<td width=\"43\">2<\/td>\n<td width=\"48\">2<\/td>\n<td width=\"41\">12<\/td>\n<td width=\"44\">12<\/td>\n<td width=\"41\">12<\/td>\n<td width=\"50\">12<\/td>\n<td width=\"106\">48<\/td>\n<\/tr>\n<tr>\n<td width=\"152\">Biologija<\/td>\n<td width=\"53\">2<\/td>\n<td width=\"50\">2<\/td>\n<td width=\"43\">2<\/td>\n<td width=\"48\">2<\/td>\n<td width=\"41\">12<\/td>\n<td width=\"44\">12<\/td>\n<td width=\"41\">12<\/td>\n<td width=\"50\">12<\/td>\n<td width=\"106\">48<\/td>\n<\/tr>\n<tr>\n<td width=\"152\">Informatika<\/td>\n<td width=\"53\">4<\/td>\n<td width=\"50\">4<\/td>\n<td width=\"43\">4<\/td>\n<td width=\"48\">4<\/td>\n<td width=\"41\">24<\/td>\n<td width=\"44\">24<\/td>\n<td width=\"41\">24<\/td>\n<td width=\"50\">24<\/td>\n<td width=\"106\">96<\/td>\n<\/tr>\n<tr>\n<td width=\"152\">Politika i gospodarstvo<\/td>\n<td width=\"53\">&#8211;<\/td>\n<td width=\"50\">&#8211;<\/td>\n<td width=\"43\">&#8211;<\/td>\n<td width=\"48\">1<\/td>\n<td width=\"41\">&#8211;<\/td>\n<td width=\"44\">&#8211;<\/td>\n<td width=\"41\">&#8211;<\/td>\n<td width=\"50\">6<\/td>\n<td width=\"106\">6<\/td>\n<\/tr>\n<tr>\n<td width=\"152\">TZK<\/td>\n<td width=\"53\">2<\/td>\n<td width=\"50\">2<\/td>\n<td width=\"43\">2<\/td>\n<td width=\"48\">2<\/td>\n<td width=\"41\">12<\/td>\n<td width=\"44\">12<\/td>\n<td width=\"41\">12<\/td>\n<td width=\"50\">12<\/td>\n<td width=\"106\">48<\/td>\n<\/tr>\n<tr>\n<td width=\"152\">UKUPNO<\/td>\n<td width=\"53\">33<\/td>\n<td width=\"50\">33<\/td>\n<td width=\"43\">33<\/td>\n<td width=\"48\">33<\/td>\n<td width=\"41\">198<\/td>\n<td width=\"44\">198<\/td>\n<td width=\"41\">198<\/td>\n<td width=\"50\">198<\/td>\n<td width=\"106\">792<\/td>\n<\/tr>\n<\/tbody>\n<\/table>\n<p>Predmeti koji se u\u010de kroz sve \u010detiri godine obrazovanja su: hrvatski jezik, 1. strani jezik (engleski), 2. strani jezik (ovisno o programu), povijest, geografija, matematika, fizika, kemija, biologija, informatika, tjelesna i zdravstvena kultura, i etika, odnosno vjeronauk, ovisno o odabiru u\u010denika. U prva dva razreda tim predmetima dodaju se: glazbena i likovna umjetnost te latinski jezik. U tre\u0107em razredu to su sociologija, psihologija i logika, dok su u \u010detvrtom to filozofija te politika i gospodarstvo. Tjedna satnica je kroz sve \u010detiri godine jednaka, te iznosi 33 nastavna sata.<\/p>\n<\/div>\n<\/article>\n<\/div>\n<p><\/main><\/div>\n<\/div>\n<\/div>\n<\/div>\n","protected":false},"excerpt":{"rendered":"<p>Nastavni plan i program prirodoslovno-matemati\u010dke gimnazije naro\u010dito je usmjeren na stjecanje znanja i vje\u0161tina u podru\u010dju matematike.\u00a0<\/p>\n","protected":false},"author":1,"featured_media":218,"parent":70,"menu_order":0,"comment_status":"closed","ping_status":"closed","template":"","meta":{"footnotes":""},"class_list":["post-63","page","type-page","status-publish","has-post-thumbnail","hentry"],"_links":{"self":[{"href":"https:\/\/trema.hr\/index.php?rest_route=\/wp\/v2\/pages\/63","targetHints":{"allow":["GET"]}}],"collection":[{"href":"https:\/\/trema.hr\/index.php?rest_route=\/wp\/v2\/pages"}],"about":[{"href":"https:\/\/trema.hr\/index.php?rest_route=\/wp\/v2\/types\/page"}],"author":[{"embeddable":true,"href":"https:\/\/trema.hr\/index.php?rest_route=\/wp\/v2\/users\/1"}],"replies":[{"embeddable":true,"href":"https:\/\/trema.hr\/index.php?rest_route=%2Fwp%2Fv2%2Fcomments&post=63"}],"version-history":[{"count":0,"href":"https:\/\/trema.hr\/index.php?rest_route=\/wp\/v2\/pages\/63\/revisions"}],"up":[{"embeddable":true,"href":"https:\/\/trema.hr\/index.php?rest_route=\/wp\/v2\/pages\/70"}],"wp:featuredmedia":[{"embeddable":true,"href":"https:\/\/trema.hr\/index.php?rest_route=\/wp\/v2\/media\/218"}],"wp:attachment":[{"href":"https:\/\/trema.hr\/index.php?rest_route=%2Fwp%2Fv2%2Fmedia&parent=63"}],"curies":[{"name":"wp","href":"https:\/\/api.w.org\/{rel}","templated":true}]}}