{"id":61,"date":"2017-02-27T09:04:37","date_gmt":"2017-02-27T09:04:37","guid":{"rendered":"http:\/\/demo.acmethemes.com\/education-base-pro\/?page_id=303"},"modified":"2025-05-16T12:01:07","modified_gmt":"2025-05-16T10:01:07","slug":"friendly-environment","status":"publish","type":"page","link":"https:\/\/trema.hr\/?page_id=61","title":{"rendered":"Vizija i misija \u0161kole"},"content":{"rendered":"<p>Na\u0161a je misija pridonijeti razvoju dru\u0161tva stvaraju\u0107i znati\u017eeljne, otvorene, odgovorne i sposobne mlade ljude koji \u0107e razvijati razumijevanje i toleranciju prema razli\u010ditostima te pozitivno utjecati na \u017eivot drugih. \u017delimo poticati sve u\u010denike da ostvare svoj puni intelektualni i ljudski potencijal pru\u017eaju\u0107i im zahtjevne programe i na\u010dine vrednovanja te educiraju\u0107i ih suvremenim metodama u ugodnom radnom ozra\u010dju uz kvalitetnu me\u0111usobnu komunikaciju u\u010denika i nastavnika. Cilj nam je stvoriti budu\u0107e gra\u0111ane svijeta koji \u0107e znati prihvatiti izazove, u\u010dinkovito djelovati u globalnoj stvarnosti, biti aktivni cjelo\u017eivotni u\u010denici i konkurentni suradnici u me\u0111unarodnom dru\u0161tvu.<\/p>\n<p>Vizija &#8211; III. gimnazija je odgojno-obrazovna ustanova koja pru\u017ea vrhunsko obrazovanje i poti\u010de razvoj klju\u010dnih kompetencija kod u\u010denika. Na\u0161a \u0161kola osigurat \u0107e obrazovanje u poticajnoj sredini kako bismo svim na\u0161im u\u010denicima omogu\u0107ili ostvarenje svojih potencijala u osobnom i profesionalnom razvoju te ih pripremili da budu odgovorni sudionici suvremenog globalnog dru\u0161tva.<\/p>\n<p>Ve\u0107ina profesora oblikuje svoj stil rada kako bi u\u010denicima dali istovremeno op\u0107u kulturu, visoku razinu stru\u010dnih znanja i unaprijedili njihove ljudske kvalitete. Ti visoko postavljeni ciljevi zahtijevaju i dodatne napore, izvannastavni rad, rad subotom. U odgojno-obrazovnom procesu nastojimo napraviti zaokret od tradicionalnog preno\u0161enja znanja i spoznaja prema razvoju specifi\u010dnih znanja, vje\u0161tina i kompetencija kod u\u010denika koja \u0107e im omogu\u0107iti \u017eivot i rad u suvremenom dru\u0161tvu koje podrazumijeva cjelo\u017eivotno<br \/>\nu\u010denje. Vrijednosti koje njegujemo u svome radu su : odgovornost, dosljednost, rad, zalaganje, znanje, profesionalnost, kriti\u010dnost, komunikacija, tolerancija, razumijevanje, empatija, iskrenost, po\u0161tenje.<\/p>\n<p>ENG<\/p>\n<p>Our mission is to contribute to the development of the society by creating open-minded, responsible,curious and capable young people who will develop tolerance towards diversity and have a positive impact on the lives of other people. We want to encourage them to fulfil their potential using contemporary methods in a pleasant working environment and good communication. Our goal is to create future citizens of the world who will accept challenges and efficiently work in the global real world, whilst being active lifelong learners.<\/p>\n<p>Vision &#8211; III.gimnazija Split is an educational institution that provides first-class education and encourages the development of key competences among students. Our school will provide education in a supportive environment to enable all our students to realize their potential in personal and professional development and to prepare them to be responsible participants in today&#8217;s global society.<\/p>\n<p>Most teachers design their style of work to give students general culture, a high level of professional knowledge, and enhance their human qualities. These high goals also require extra effort, extracurricular work, work on Saturdays. In the educational process, we strive to make a shift from the traditional transfer of knowledge and cognition towards the development of specific knowledge, skills and competences in students that will enable them to live and work in a modern society that entails lifelong learning.<br \/>\nThe values we cherish in our work are: responsibility, consistency, work, commitment, knowledge, professionalism, critical thinking, communication, tolerance, understanding, empathy, honesty, fairness.<\/p>\n","protected":false},"excerpt":{"rendered":"<p>Poti\u010demo znati\u017eelju, razumijevanje i toleranciju kod mladih te pozitivno utje\u010demo na dru\u0161tvo kroz vrhunsko obrazovanje.<\/p>\n","protected":false},"author":1,"featured_media":0,"parent":0,"menu_order":0,"comment_status":"closed","ping_status":"closed","template":"","meta":{"footnotes":""},"class_list":["post-61","page","type-page","status-publish","hentry"],"_links":{"self":[{"href":"https:\/\/trema.hr\/index.php?rest_route=\/wp\/v2\/pages\/61","targetHints":{"allow":["GET"]}}],"collection":[{"href":"https:\/\/trema.hr\/index.php?rest_route=\/wp\/v2\/pages"}],"about":[{"href":"https:\/\/trema.hr\/index.php?rest_route=\/wp\/v2\/types\/page"}],"author":[{"embeddable":true,"href":"https:\/\/trema.hr\/index.php?rest_route=\/wp\/v2\/users\/1"}],"replies":[{"embeddable":true,"href":"https:\/\/trema.hr\/index.php?rest_route=%2Fwp%2Fv2%2Fcomments&post=61"}],"version-history":[{"count":1,"href":"https:\/\/trema.hr\/index.php?rest_route=\/wp\/v2\/pages\/61\/revisions"}],"predecessor-version":[{"id":8330,"href":"https:\/\/trema.hr\/index.php?rest_route=\/wp\/v2\/pages\/61\/revisions\/8330"}],"wp:attachment":[{"href":"https:\/\/trema.hr\/index.php?rest_route=%2Fwp%2Fv2%2Fmedia&parent=61"}],"curies":[{"name":"wp","href":"https:\/\/api.w.org\/{rel}","templated":true}]}}