{"id":5893,"date":"2023-04-24T10:23:11","date_gmt":"2023-04-24T08:23:11","guid":{"rendered":"https:\/\/trema.hr\/?page_id=5893"},"modified":"2023-12-05T17:48:26","modified_gmt":"2023-12-05T16:48:26","slug":"project-let-us-sail-together","status":"publish","type":"page","link":"https:\/\/trema.hr\/?page_id=5893","title":{"rendered":"<strong>Project \u00a0\u201eLet us sail together\u201c<\/strong>"},"content":{"rendered":"\n<p><strong>Project \u00a0\u201eLet us sail together\u201c<\/strong><\/p>\n\n\n\n<p><br>LET US SAIL TOGETHER<\/p>\n\n\n\n<p>2020-1-SE01-KA229-078017_5<\/p>\n\n\n\n<p><strong>Teachers\u2019 Meeting in Split<\/strong><\/p>\n\n\n\n<p><em>18-22\/10\/ 2021<\/em><\/p>\n\n\n\n<p>As part of the Erasmus+ project&nbsp;<em>Let us sail together<\/em>&nbsp;from October 18 to 22 in III. gimnazija, Split, teachers&#8217; meeting was held. After the principal&#8217;s welcome speech and a small reception, the participants toured the host school. Project coordinators from all six partner schools (from Greece, Iceland, Portugal, Sweeden, Turkey, and Croatia) were present. They described previous project activities in their schools and cooperation with teachers, students and parents. Coordinators also shared their thoughts on future events concerning the project.<\/p>\n\n\n\n<p>The central part of the meeting was to agree on the direction in which the project should go considering the restrictions of the Covid-19 situation.<\/p>\n\n\n\n<p>After the discussion, representatives from all schools in the project agreed that the project coordinator would request an extension of the project for another school year. In that case, the project would last until 31st August 2023.<\/p>\n\n\n\n<p>An agreement among the participants was that all planned Learning, Teaching, Training activities in the project should be held according to the following schedule:<\/p>\n\n\n\n<p>The 1st mobility: Sweden 13-18\/2\/2022<\/p>\n\n\n\n<p>The 2nd mobility: Croatia 27\/3 &#8211; 1\/4\/2022<\/p>\n\n\n\n<p>The 3rd mobility: Iceland 8-13\/5\/2022<\/p>\n\n\n\n<p>The 4th mobility: Greece 9-14\/10\/2022<\/p>\n\n\n\n<p>The 5th mobility: Portugal, March or April 2023<\/p>\n\n\n\n<p>The 6th mobility: Turkey, April or May 2023.<\/p>\n\n\n\n<p>The project coordinators agreed that each school would bear the costs of accommodation, meals, tickets, excursions, transportation for its students and teachers. The procedures regarding the Covid-19 situation and possible travel and mobility cancellations were established, as well as an agreement on the dissemination of the project in the future (website, social network, etc.).<\/p>\n\n\n\n<p>Each hosting country will give the details of the LTT activities and instructions to the other partners six weeks before the mobilities.<\/p>\n\n\n\n<p>Project coordinator<\/p>\n\n\n\n<p>Danica Bav\u010devi\u0107<\/p>\n\n\n\n<figure class=\"wp-block-image size-full is-resized\"><img loading=\"lazy\" decoding=\"async\" src=\"https:\/\/trema.hr\/wp-content\/uploads\/2023\/12\/Slika2-300x300-1.jpg\" alt=\"\" class=\"wp-image-6737\" width=\"300\" height=\"300\" srcset=\"https:\/\/trema.hr\/wp-content\/uploads\/2023\/12\/Slika2-300x300-1.jpg 300w, https:\/\/trema.hr\/wp-content\/uploads\/2023\/12\/Slika2-300x300-1-150x150.jpg 150w\" sizes=\"auto, (max-width: 300px) 100vw, 300px\" \/><\/figure>\n\n\n\n<figure class=\"wp-block-image size-full\"><img loading=\"lazy\" decoding=\"async\" width=\"300\" height=\"300\" src=\"https:\/\/trema.hr\/wp-content\/uploads\/2023\/12\/Slika1-300x300-1.jpg\" alt=\"\" class=\"wp-image-6736\" srcset=\"https:\/\/trema.hr\/wp-content\/uploads\/2023\/12\/Slika1-300x300-1.jpg 300w, https:\/\/trema.hr\/wp-content\/uploads\/2023\/12\/Slika1-300x300-1-150x150.jpg 150w\" sizes=\"auto, (max-width: 300px) 100vw, 300px\" \/><\/figure>\n\n\n\n<figure class=\"wp-block-gallery has-nested-images columns-default is-cropped wp-block-gallery-1 is-layout-flex wp-block-gallery-is-layout-flex\"><\/figure>\n\n\n\n<p>1. LTTA &nbsp;&#8211;&nbsp; <strong>Sweden<\/strong><\/p>\n\n\n\n<p>1st &nbsp;LTTA &nbsp;UME\u00c5, SWEDEN &nbsp;13 -18&nbsp; FEBRUARY 2022<\/p>\n\n\n\n<p><a href=\"https:\/\/trema.hr\/wp-content\/uploads\/2023\/04\/1st-LTTA-UMEA-SWEDEN-13-18-FEBRUARY-2022.pdf\">https:\/\/trema.hr\/wp-content\/uploads\/2023\/04\/1st-LTTA-UMEA-SWEDEN-13-18-FEBRUARY-2022.pdf<\/a><br>Global warming, Croatia<\/p>\n\n\n\n<p><a href=\"https:\/\/trema.hr\/wp-content\/uploads\/2023\/04\/Global-warming-Croatia.pdf\">https:\/\/trema.hr\/wp-content\/uploads\/2023\/04\/Global-warming-Croatia.pdf<\/a><\/p>\n\n\n\n<p><\/p>\n\n\n\n<p><\/p>\n\n\n\n<p>2.LTTA &nbsp;&#8211;&nbsp; <strong>Croatia<\/strong><\/p>\n\n\n\n<p>2nd LTTA Split, Croatia 27 March &#8211; 1 April 2022<\/p>\n\n\n\n<p><a href=\"https:\/\/trema.hr\/wp-content\/uploads\/2023\/04\/2nd-LTTA-Split-Croatia-27-March-1-April-2022.pdf\">https:\/\/trema.hr\/wp-content\/uploads\/2023\/04\/2nd-LTTA-Split-Croatia-27-March-1-April-2022.pdf<\/a><\/p>\n\n\n\n<p>CO2 emissions and greenhouse gasses, Croatia<\/p>\n\n\n\n<p><a href=\"https:\/\/trema.hr\/wp-content\/uploads\/2023\/04\/CO2-emissions-and-greenhouse-gasses-Croatia.pdf\">https:\/\/trema.hr\/wp-content\/uploads\/2023\/04\/CO2-emissions-and-greenhouse-gasses-Croatia.pdf<\/a><\/p>\n\n\n\n<p>Physical and chemical properties of Adriatic sea, Croatia<\/p>\n\n\n\n<p><a href=\"https:\/\/trema.hr\/wp-content\/uploads\/2023\/04\/Physical-and-chemical-properties-of-Adriatic-sea-Croatia.pdf\">https:\/\/trema.hr\/wp-content\/uploads\/2023\/04\/Physical-and-chemical-properties-of-Adriatic-sea-Croatia.pdf<\/a><\/p>\n\n\n\n<p>3. LTTA &#8211;<strong> Iceland<\/strong><\/p>\n\n\n\n<p>3th LTTA K\u00f3pavogur ,Iceland&nbsp;&nbsp; 8&nbsp; &#8211; 13 May 2022<\/p>\n\n\n\n<p><a href=\"https:\/\/trema.hr\/wp-content\/uploads\/2023\/04\/3th-LTTA-Kopavogur-Iceland-8-13-May-2022-1.pdf\">https:\/\/trema.hr\/wp-content\/uploads\/2023\/04\/3th-LTTA-Kopavogur-Iceland-8-13-May-2022-1.pdf<\/a><\/p>\n\n\n\n<p>UN Sustainable Development Goals, Croatia<\/p>\n\n\n\n<p><a href=\"https:\/\/trema.hr\/wp-content\/uploads\/2023\/04\/UN-Sustainable-Development-Goals-Croatia.pdf\">https:\/\/trema.hr\/wp-content\/uploads\/2023\/04\/UN-Sustainable-Development-Goals-Croatia.pdf<\/a><\/p>\n\n\n\n<p>Fishing industry, Croatia<\/p>\n\n\n\n<p><a href=\"https:\/\/trema.hr\/wp-content\/uploads\/2023\/04\/Fishing-industry-Croatia.pdf\">https:\/\/trema.hr\/wp-content\/uploads\/2023\/04\/Fishing-industry-Croatia.pdf<\/a><\/p>\n\n\n\n<p>4.LTTA &#8211; <strong>Greece-Crete<\/strong><\/p>\n\n\n\n<p>4th LTTA Rethymno, Crete, Greece 10 -15 October 2022<\/p>\n\n\n\n<p><a href=\"https:\/\/trema.hr\/wp-content\/uploads\/2023\/04\/4th-LTTA-Rethymno-Crete-Greece-10-15-October-2022.pdf\">https:\/\/trema.hr\/wp-content\/uploads\/2023\/04\/4th-LTTA-Rethymno-Crete-Greece-10-15-October-2022.pdf<\/a><\/p>\n\n\n\n<p>Maritime safety and pollution, Croatia<\/p>\n\n\n\n<p><a href=\"https:\/\/trema.hr\/wp-content\/uploads\/2023\/04\/Maritime-safety-and-pollution-Croatia.pdf\">https:\/\/trema.hr\/wp-content\/uploads\/2023\/04\/Maritime-safety-and-pollution-Croatia.pdf<\/a><\/p>\n\n\n\n<p>5. LTTA &nbsp;&#8211; <strong>Portugal<\/strong>, Izvje\u0161taj pripremila Danica Bav\u010devi\u0107, koordinator projekta<\/p>\n\n\n\n<p>5 th LTTA&nbsp; Aveiro, Portugal&nbsp; 13-18&nbsp; March 2023 <a href=\"https:\/\/trema.hr\/wp-content\/uploads\/2023\/04\/5-th-LTTA-Aveiro-Portugal-13-18-March-2023-1.pdf\">https:\/\/trema.hr\/wp-content\/uploads\/2023\/04\/5-th-LTTA-Aveiro-Portugal-13-18-March-2023-1.pdf<\/a><\/p>\n\n\n\n<p>Marine protected areas and marine tourism, Croatia<a href=\"https:\/\/trema.hr\/wp-content\/uploads\/2023\/04\/Marine-protected-areas-and-marine-tourism-Croatia.pdf\">https:\/\/trema.hr\/wp-content\/uploads\/2023\/04\/Marine-protected-areas-and-marine-tourism-Croatia.pdf<\/a><\/p>\n\n\n\n<p>6. LTTA &#8211; <a rel=\"noreferrer noopener\" href=\"https:\/\/trema.hr\/wp-content\/uploads\/2023\/06\/FINAL-EVENT-ISTANBUL.pdf\" target=\"_blank\">FINAL-EVENT-ISTANBUL<\/a>, Izvje\u0161taj pripremila Danica Bav\u010devi\u0107, koordinator projekta<\/p>\n\n\n<p><a href=\"https:\/\/trema.hr\/wp-content\/uploads\/2023\/05\/Plakat-Erasmus-50-70.pdf\" target=\"_blank\" rel=\"noopener\">Evaluation of the project- Survey for students, <\/a>Anketu napisala, provela i pripremila za objavljivanje Danica Bav\u010devi\u0107, koordinator projekta<\/p>","protected":false},"excerpt":{"rendered":"<p>Project \u00a0\u201eLet us sail together\u201c LET US SAIL TOGETHER 2020-1-SE01-KA229-078017_5 Teachers\u2019 Meeting in Split 18-22\/10\/ 2021 As part of the Erasmus+ project&nbsp;Let us sail together&nbsp;from October 18 to 22 in III. gimnazija, Split, teachers&#8217; meeting was held. After the principal&#8217;s welcome speech and a small reception, the participants toured the host school. Project coordinators from&hellip;<\/p>\n","protected":false},"author":1,"featured_media":0,"parent":0,"menu_order":0,"comment_status":"closed","ping_status":"closed","template":"","meta":{"footnotes":""},"class_list":["post-5893","page","type-page","status-publish","hentry"],"_links":{"self":[{"href":"https:\/\/trema.hr\/index.php?rest_route=\/wp\/v2\/pages\/5893","targetHints":{"allow":["GET"]}}],"collection":[{"href":"https:\/\/trema.hr\/index.php?rest_route=\/wp\/v2\/pages"}],"about":[{"href":"https:\/\/trema.hr\/index.php?rest_route=\/wp\/v2\/types\/page"}],"author":[{"embeddable":true,"href":"https:\/\/trema.hr\/index.php?rest_route=\/wp\/v2\/users\/1"}],"replies":[{"embeddable":true,"href":"https:\/\/trema.hr\/index.php?rest_route=%2Fwp%2Fv2%2Fcomments&post=5893"}],"version-history":[{"count":20,"href":"https:\/\/trema.hr\/index.php?rest_route=\/wp\/v2\/pages\/5893\/revisions"}],"predecessor-version":[{"id":6740,"href":"https:\/\/trema.hr\/index.php?rest_route=\/wp\/v2\/pages\/5893\/revisions\/6740"}],"wp:attachment":[{"href":"https:\/\/trema.hr\/index.php?rest_route=%2Fwp%2Fv2%2Fmedia&parent=5893"}],"curies":[{"name":"wp","href":"https:\/\/api.w.org\/{rel}","templated":true}]}}