{"id":580,"date":"2019-12-18T08:55:51","date_gmt":"2019-12-18T07:55:51","guid":{"rendered":"http:\/\/localhost\/wordpress\/?page_id=580"},"modified":"2025-11-10T08:50:11","modified_gmt":"2025-11-10T07:50:11","slug":"informatika","status":"publish","type":"page","link":"https:\/\/trema.hr\/?page_id=580","title":{"rendered":"Informatika"},"content":{"rendered":"\n<p>Nastava u \u0161koli obiluje brojnim i raznolikim inovacijama u procesu u\u010denja i pou\u010davanja, a posebno se isti\u010de inovativnim primjenama uporabe informacijsko komunikacijskih tehnologija u odgojno-obrazovnom procesu.Na\u0161i u\u010denici su generacija koja je odrasla uz novu tehnologiju, igra\u010dke i alate digitalnog doba. Za razliku od nas koji smo u djetinjstvu sva prijateljstva stvorila u direktnim dru\u0161tvenim kontaktima, oni danas tra\u017ee prijatelje po profilima izlistanim na brojnim dru\u0161tvenim mre\u017eama.U\u010denici koriste razne izvore znanja, samostalno pronalaze odgovore na mnoga pitanja kako bi \u0161to bolje prezentirali svoje radove. Interes u\u010denika za takav rad generacijski je velik, a nastava interesantnija.U na\u0161oj se \u0161koli nastava Informatike odvija tri sata tjedno, dakle 105 sati godi\u0161nje u prvom, drugom i tre\u0107em razredu te 96 sati u \u010detvrtom razredu. Organizirana je tako da u\u010denici imaju svaki tjedan dva sata teorije i svaki drugi tjedan dva sata praktikuma u kabinetu informatike.U radu se slu\u017eimo ud\u017ebenicima koji su odobreni od strane ministarstva, ali i mno\u0161tvom dodatnih materijala koje pripremaju nastavnici.<\/p>\n\n\n\n<p>Uz redovnu nastavu organizirana je i dodatna nastava koja obuhva\u0107a izradu i odr\u017eavanje mre\u017enih stranica \u0161kole, kao i izradu u\u010deni\u010dkih projekata. Te\u017ei\u0161te programa dodatne nastave je usmjereno na razvijanje samostalnosti u radu te poticanje kreativnosti, ali i inicijative u\u010denika. U\u010denici na taj na\u010din stje\u010du znanja potrebna za rad u modernim informati\u010dkim tvrtkama.<\/p>\n\n\n\n<p>Na\u0161i u\u010denici redovito sudjeluju na Natjecanju iz informatike gdje ve\u0107 godinama ostvaruju zapa\u017eene rezultate na \u017eupanijskoj, dr\u017eavnoj i me\u0111unarodnoj razini.<\/p>\n\n\n\n<p>&nbsp;&nbsp;&nbsp;&nbsp;&nbsp;&nbsp;&nbsp;&nbsp;&nbsp;&nbsp;&nbsp; Redovito sudjelujemo i&nbsp; na sljede\u0107im doga\u0111anjima:<\/p>\n\n\n\n<ul class=\"wp-block-list\">\n<li>HONI-a, natjecanja u programiranju putem Interneta na koje se mogu prijaviti svi zainteresirani u\u010denici iz Hrvatske i cijelog svijeta<\/li>\n\n\n\n<li>Dabra, me\u0111unarodno natjecanje iz informatike i ra\u010dunalnog razmi\u0161ljanja<\/li>\n\n\n\n<li>EDIT-a besplatne \u0161kole programiranja u kojoj se u\u010denike osnovnih i srednjih \u0161kola podu\u010dava osnovama programiranja i izradi web stranica u tri razli\u010dita programa poha\u0111anja.<\/li>\n<\/ul>\n\n\n\n<p>Podr\u017eavamo i pratimo sva IT doga\u0111anja koja se odvijaju u Splitu. Zainteresirani u\u010denici mogu poslu\u0161ati zanimljiva predavanja stru\u010dnjaka iz raznih IT podru\u010dja kao \u0161to su DUMP days, Shift Conference. Na ovaj na\u010din u\u010denici imaju priliku ste\u0107i uvid u najnovije tehnologije kroz prakti\u010dan rad na radionicama koje vode stru\u010dnjaci iz industrije.<\/p>\n","protected":false},"excerpt":{"rendered":"<p>Nastava u \u0161koli obiluje brojnim i raznolikim inovacijama u procesu u\u010denja i pou\u010davanja, a posebno se isti\u010de inovativnim primjenama uporabe informacijsko komunikacijskih tehnologija u odgojno-obrazovnom procesu.<\/p>\n","protected":false},"author":1,"featured_media":0,"parent":99,"menu_order":0,"comment_status":"closed","ping_status":"closed","template":"","meta":{"footnotes":""},"class_list":["post-580","page","type-page","status-publish","hentry"],"_links":{"self":[{"href":"https:\/\/trema.hr\/index.php?rest_route=\/wp\/v2\/pages\/580","targetHints":{"allow":["GET"]}}],"collection":[{"href":"https:\/\/trema.hr\/index.php?rest_route=\/wp\/v2\/pages"}],"about":[{"href":"https:\/\/trema.hr\/index.php?rest_route=\/wp\/v2\/types\/page"}],"author":[{"embeddable":true,"href":"https:\/\/trema.hr\/index.php?rest_route=\/wp\/v2\/users\/1"}],"replies":[{"embeddable":true,"href":"https:\/\/trema.hr\/index.php?rest_route=%2Fwp%2Fv2%2Fcomments&post=580"}],"version-history":[{"count":4,"href":"https:\/\/trema.hr\/index.php?rest_route=\/wp\/v2\/pages\/580\/revisions"}],"predecessor-version":[{"id":9169,"href":"https:\/\/trema.hr\/index.php?rest_route=\/wp\/v2\/pages\/580\/revisions\/9169"}],"up":[{"embeddable":true,"href":"https:\/\/trema.hr\/index.php?rest_route=\/wp\/v2\/pages\/99"}],"wp:attachment":[{"href":"https:\/\/trema.hr\/index.php?rest_route=%2Fwp%2Fv2%2Fmedia&parent=580"}],"curies":[{"name":"wp","href":"https:\/\/api.w.org\/{rel}","templated":true}]}}