{"id":56,"date":"2017-03-06T05:57:20","date_gmt":"2017-03-06T05:57:20","guid":{"rendered":"http:\/\/demo.acmethemes.com\/education-base-pro\/?page_id=394"},"modified":"2025-12-12T08:35:47","modified_gmt":"2025-12-12T07:35:47","slug":"nastava","status":"publish","type":"page","link":"https:\/\/trema.hr\/?page_id=56","title":{"rendered":"Informacije za u\u010denike i roditelje"},"content":{"rendered":"<h4>SIGURNOST NA INTERNETU \u2013 SAFETY NET i RED BUTTON<\/h4>\n<p><img loading=\"lazy\" decoding=\"async\" class=\"alignnone size-full wp-image-8959\" src=\"https:\/\/trema.hr\/wp-content\/uploads\/2025\/10\/RB.jpg\" alt=\"\" width=\"945\" height=\"300\" srcset=\"https:\/\/trema.hr\/wp-content\/uploads\/2025\/10\/RB.jpg 945w, https:\/\/trema.hr\/wp-content\/uploads\/2025\/10\/RB-768x244.jpg 768w\" sizes=\"auto, (max-width: 945px) 100vw, 945px\" \/><\/p>\n<p>Aplikacija <strong>SafetyNet<\/strong>, aktivna je od 2015. godine i razvijena je s ciljem podizanja razine znanja i svijesti djece i roditelja te prevencije rizi\u010dnih pona\u0161anja na internetu. Unato\u010d kontinuiranim edukacijama, bilje\u017ei se nastavak negativnih trendova u kojima su djeca \u017ertve neprimjerenih i opasnih sadr\u017eaja, \u0161to dodatno nagla\u0161ava va\u017enost zajedni\u010dkog djelovanja u za\u0161titi najmla\u0111ih korisnika digitalnog prostora.<\/p>\n<ol>\n<li>Zabrinutost za sebe ili dobrobit drugog prijavi policiji\u00a0klikom na poveznicu\u00a0<a href=\"https:\/\/redbutton.gov.hr\/online-prijava\/7\">https:\/\/redbutton.gov.hr\/online-prijava\/7<\/a><\/li>\n<li>Kako bi saznali vi\u0161e o mogu\u0107nostima pomo\u0107i i za\u0161tite od spolnog iskori\u0161tavanja putem Interneta i drugim va\u017eim stvarima za sigurnost tebe ili tvog kolege oti\u0111ite na poveznicu\u00a0<a href=\"https:\/\/mup.gov.hr\/online-prijave\/online-prijava-zlostavljanja-djeteta-red-button\/sigurnost-djece-savjeti\/281674\">https:\/\/mup.gov.hr\/online-prijave\/online-prijava-zlostavljanja-djeteta-red-button\/sigurnost-djece-savjeti\/281674<\/a><\/li>\n<li>Zlostavljanje putem interneta mo\u017ee\u0161 prijaviti putem poveznice\u00a0\u00a0<a href=\"https:\/\/mup.gov.hr\/online-prijave\/online-prijava-zlostavljanja-djeteta-red-button\/zlostavljanje-putem-interneta\/281672\">https:\/\/mup.gov.hr\/online-prijave\/online-prijava-zlostavljanja-djeteta-red-button\/zlostavljanje-putem-interneta\/281672<\/a><\/li>\n<\/ol>\n<ol start=\"4\">\n<li>Seksualno zlostavljanje mo\u017ee\u0161 prijaviti putem poveznice \u00a0<a href=\"https:\/\/mup.gov.hr\/online-prijave\/zastita-djece-i-obitelji\/kriminalitet-na-stetu-djece\/seksualno-zlostavljanje-djece\/281720\">https:\/\/mup.gov.hr\/online-prijave\/zastita-djece-i-obitelji\/kriminalitet-na-stetu-djece\/seksualno-zlostavljanje-djece\/281720<\/a><\/li>\n<li>Kviz uz pomo\u0107 kojega mo\u017eete saznati vi\u0161e o sigurnosti na internetu prona\u0111ite klikom na poveznicu <a href=\"https:\/\/safetynet-kviz.skole.hr\/\">https:\/\/safetynet-kviz.skole.hr\/<\/a><\/li>\n<\/ol>\n<p>\u00a0<\/p>\n<h1><a href=\"https:\/\/trema.hr\/?page_id=2570\">Popis ud\u017ebenika za \u0161.g. 2025.\/26.<\/a><\/h1>\n<h3><a href=\"https:\/\/trema.hr\/wp-content\/uploads\/2019\/12\/tlocrt_skole.pdf\">Tlocrt \u0161kole<\/a><\/h3>\n<h3><strong>\u0160kolski lije\u010dnik:<\/strong><\/h3>\n<p>Dr. Andrea Vrdoljak<\/p>\n<p>Ambulanta Lu\u010dac, tel. 483-177<\/p>\n<p>Rad s korisnicima:<\/p>\n<ul>\n<li>jutarnja smjena: 8:00 &#8211; 14:00<\/li>\n<li>popodnevna smjena: 14:00 &#8211; 20:00<\/li>\n<li>PONEDJELJAK, UTORAK &#8211; u B smjeni<\/li>\n<li>SRIJEDA, \u010cETVRTAK I PETAK &#8211; u A smjeni<\/li>\n<\/ul>\n<h4 class=\"wp-block-heading\">OBAVIJEST ZA U\u010cENIKE KOJI OSTVARUJU PRAVO NA SUBVENCIJU MZOM TE U\u010cENIKE\u00a0 S PREBIVALI\u0160TEM\/BORAVI\u0160TEM IZVAN SPLITA<\/h4>\n<p><a href=\"https:\/\/www.promet-split.hr\/obavijesti\/obavijest-za-sve-ucenike-koji-ostvaruju-pravo-na-subvenciju-mzom-te-ucenike-i-redovne-studente-s-prebivalistemboravistem-izvan-splita\">https:\/\/www.promet-split.hr\/obavijesti\/obavijest-za-sve-ucenike-koji-ostvaruju-pravo-na-subvenciju-mzom-te-ucenike-i-redovne-studente-s-prebivalistemboravistem-izvan-splita<\/a><\/p>\n<h4 class=\"entry-title\">OBAVIJEST O BESPLATNOM PRIJEVOZU ZA U\u010cENIKE\u00a0 S PREBIVALI\u0160TEM\/BORAVI\u0160TEM NA PODRU\u010cJU GRADA SPLIT<\/h4>\n<p><a href=\"_wp_link_placeholder\" data-wplink-edit=\"true\">https:\/\/www.promet-split.hr\/obavijesti\/obavijest-o-besplatnom-prijevozu-za-ucenike-i-redovne-studente-s-prebivalistemboravistem-na-podrucju-grada-splita<\/a><\/p>\n\n\n<p><\/p>\n","protected":false},"excerpt":{"rendered":"<p>Sredi\u0161nje mjesto za pristup va\u017enim informacijama za u\u010denike i roditelje.<\/p>\n","protected":false},"author":1,"featured_media":0,"parent":60,"menu_order":0,"comment_status":"closed","ping_status":"closed","template":"","meta":{"footnotes":""},"class_list":["post-56","page","type-page","status-publish","hentry"],"_links":{"self":[{"href":"https:\/\/trema.hr\/index.php?rest_route=\/wp\/v2\/pages\/56","targetHints":{"allow":["GET"]}}],"collection":[{"href":"https:\/\/trema.hr\/index.php?rest_route=\/wp\/v2\/pages"}],"about":[{"href":"https:\/\/trema.hr\/index.php?rest_route=\/wp\/v2\/types\/page"}],"author":[{"embeddable":true,"href":"https:\/\/trema.hr\/index.php?rest_route=\/wp\/v2\/users\/1"}],"replies":[{"embeddable":true,"href":"https:\/\/trema.hr\/index.php?rest_route=%2Fwp%2Fv2%2Fcomments&post=56"}],"version-history":[{"count":27,"href":"https:\/\/trema.hr\/index.php?rest_route=\/wp\/v2\/pages\/56\/revisions"}],"predecessor-version":[{"id":9025,"href":"https:\/\/trema.hr\/index.php?rest_route=\/wp\/v2\/pages\/56\/revisions\/9025"}],"up":[{"embeddable":true,"href":"https:\/\/trema.hr\/index.php?rest_route=\/wp\/v2\/pages\/60"}],"wp:attachment":[{"href":"https:\/\/trema.hr\/index.php?rest_route=%2Fwp%2Fv2%2Fmedia&parent=56"}],"curies":[{"name":"wp","href":"https:\/\/api.w.org\/{rel}","templated":true}]}}