{"id":548,"date":"2019-12-18T08:17:08","date_gmt":"2019-12-18T07:17:08","guid":{"rendered":"http:\/\/localhost\/wordpress\/?page_id=548"},"modified":"2025-12-23T10:22:13","modified_gmt":"2025-12-23T09:22:13","slug":"kemija","status":"publish","type":"page","link":"https:\/\/trema.hr\/?page_id=548","title":{"rendered":"Digitalni repozitorij nastave kemije"},"content":{"rendered":"\n<figure class=\"wp-block-video\"><video controls src=\"https:\/\/trema.hr\/wp-content\/uploads\/2025\/12\/WhatsApp-Video-2025-12-23-at-10.11.54-AM.mp4\"><\/video><\/figure>\n\n\n\n<h2 class=\"wp-block-heading\"><\/h2>\n\n\n\n<figure class=\"wp-block-embed is-type-video is-provider-youtube wp-block-embed-youtube wp-embed-aspect-16-9 wp-has-aspect-ratio\"><div class=\"wp-block-embed__wrapper\">\n<iframe loading=\"lazy\" title=\"Pokus\" width=\"640\" height=\"360\" src=\"https:\/\/www.youtube.com\/embed\/UXxVCacNRNM?feature=oembed\" frameborder=\"0\" allow=\"accelerometer; autoplay; clipboard-write; encrypted-media; gyroscope; picture-in-picture; web-share\" referrerpolicy=\"strict-origin-when-cross-origin\" allowfullscreen><\/iframe>\n<\/div><\/figure>\n\n\n\n<p><\/p>\n","protected":false},"excerpt":{"rendered":"<p>U\u010denici  su na razli\u010dite na\u010dine uklju\u010deni u nastavu kemije. Teorijska znanja usvajaju kroz predavanja, samostalne prezentacije i  seminarske radove, a prakti\u010dnu primjenu usvojenih znanja ostvaruju   kroz vje\u017ebe, izvo\u0111enje pokusa. . <\/p>\n","protected":false},"author":1,"featured_media":0,"parent":99,"menu_order":0,"comment_status":"closed","ping_status":"closed","template":"","meta":{"footnotes":""},"class_list":["post-548","page","type-page","status-publish","hentry"],"_links":{"self":[{"href":"https:\/\/trema.hr\/index.php?rest_route=\/wp\/v2\/pages\/548","targetHints":{"allow":["GET"]}}],"collection":[{"href":"https:\/\/trema.hr\/index.php?rest_route=\/wp\/v2\/pages"}],"about":[{"href":"https:\/\/trema.hr\/index.php?rest_route=\/wp\/v2\/types\/page"}],"author":[{"embeddable":true,"href":"https:\/\/trema.hr\/index.php?rest_route=\/wp\/v2\/users\/1"}],"replies":[{"embeddable":true,"href":"https:\/\/trema.hr\/index.php?rest_route=%2Fwp%2Fv2%2Fcomments&post=548"}],"version-history":[{"count":6,"href":"https:\/\/trema.hr\/index.php?rest_route=\/wp\/v2\/pages\/548\/revisions"}],"predecessor-version":[{"id":9462,"href":"https:\/\/trema.hr\/index.php?rest_route=\/wp\/v2\/pages\/548\/revisions\/9462"}],"up":[{"embeddable":true,"href":"https:\/\/trema.hr\/index.php?rest_route=\/wp\/v2\/pages\/99"}],"wp:attachment":[{"href":"https:\/\/trema.hr\/index.php?rest_route=%2Fwp%2Fv2%2Fmedia&parent=548"}],"curies":[{"name":"wp","href":"https:\/\/api.w.org\/{rel}","templated":true}]}}