{"id":4888,"date":"2021-11-25T20:47:25","date_gmt":"2021-11-25T19:47:25","guid":{"rendered":"https:\/\/trema.hr\/?page_id=4888"},"modified":"2021-11-25T20:49:37","modified_gmt":"2021-11-25T19:49:37","slug":"istrazivacki-projekti-ucenika","status":"publish","type":"page","link":"https:\/\/trema.hr\/?page_id=4888","title":{"rendered":"Istra\u017eiva\u010dki projekti u\u010denika"},"content":{"rendered":"\n<p>Va\u017eno je ne prestati pitati se i ma\u0161tati. Otvoren i radoznao um poti\u010de nas na istra\u017eiva\u010dke pohode kojima poku\u0161avamo objasniti svijet oko sebe i smisao postojanja. Na\u0161i u\u010denici propitkuju, analiziraju, uspore\u0111uju i bilje\u017ee, a potom hrabro stupaju u nepoznato &#8211; avanturu izrade istra\u017eiva\u010dkog projekta. Pridr\u017eavaju se pravila struke, ali njihova saznanja i na\u010dini pristupanja otvaraju svima nama nove spoznaje o u\u010denju i prirodoslovlju. Ponosno predstavljamo projekte u\u010denika koji zasigurno mogu poslu\u017eiti kao inspiracija.<\/p>\n\n\n\n<p>Poveznica na istra\u017eiva\u010dke projekte: <a href=\"http:\/\/zbirka.trema.hr\/istrazivacki-projekti\/\" target=\"_blank\" rel=\"noreferrer noopener\">http:\/\/zbirka.trema.hr\/istrazivacki-projekti\/<\/a><\/p>\n","protected":false},"excerpt":{"rendered":"<p>Va\u017eno je ne prestati pitati se i ma\u0161tati. Otvoren i radoznao um poti\u010de nas na istra\u017eiva\u010dke pohode kojima poku\u0161avamo objasniti svijet oko sebe i smisao postojanja. Na\u0161i u\u010denici propitkuju, analiziraju, uspore\u0111uju i bilje\u017ee, a potom hrabro stupaju u nepoznato &#8211; avanturu izrade istra\u017eiva\u010dkog projekta. Pridr\u017eavaju se pravila struke, ali njihova saznanja i na\u010dini pristupanja otvaraju&hellip;<\/p>\n","protected":false},"author":3,"featured_media":4890,"parent":89,"menu_order":0,"comment_status":"closed","ping_status":"closed","template":"","meta":{"footnotes":""},"class_list":["post-4888","page","type-page","status-publish","has-post-thumbnail","hentry"],"_links":{"self":[{"href":"https:\/\/trema.hr\/index.php?rest_route=\/wp\/v2\/pages\/4888","targetHints":{"allow":["GET"]}}],"collection":[{"href":"https:\/\/trema.hr\/index.php?rest_route=\/wp\/v2\/pages"}],"about":[{"href":"https:\/\/trema.hr\/index.php?rest_route=\/wp\/v2\/types\/page"}],"author":[{"embeddable":true,"href":"https:\/\/trema.hr\/index.php?rest_route=\/wp\/v2\/users\/3"}],"replies":[{"embeddable":true,"href":"https:\/\/trema.hr\/index.php?rest_route=%2Fwp%2Fv2%2Fcomments&post=4888"}],"version-history":[{"count":0,"href":"https:\/\/trema.hr\/index.php?rest_route=\/wp\/v2\/pages\/4888\/revisions"}],"up":[{"embeddable":true,"href":"https:\/\/trema.hr\/index.php?rest_route=\/wp\/v2\/pages\/89"}],"wp:featuredmedia":[{"embeddable":true,"href":"https:\/\/trema.hr\/index.php?rest_route=\/wp\/v2\/media\/4890"}],"wp:attachment":[{"href":"https:\/\/trema.hr\/index.php?rest_route=%2Fwp%2Fv2%2Fmedia&parent=4888"}],"curies":[{"name":"wp","href":"https:\/\/api.w.org\/{rel}","templated":true}]}}