{"id":4858,"date":"2021-11-18T12:39:29","date_gmt":"2021-11-18T11:39:29","guid":{"rendered":"https:\/\/trema.hr\/?page_id=4858"},"modified":"2025-09-23T18:30:47","modified_gmt":"2025-09-23T16:30:47","slug":"spoznaj-bioraznolikost","status":"publish","type":"page","link":"https:\/\/trema.hr\/?page_id=4858","title":{"rendered":"Spoznaj bioraznolikost"},"content":{"rendered":"\n<p><strong><a rel=\"noreferrer noopener\" href=\"http:\/\/zbirka.trema.hr\/\" target=\"_blank\">e-Prirodoslovna zbirka<\/a><\/strong><\/p>\n\n\n\n<p>Svjesnost o unikatnom, krhkom prirodnom bogatstvu koje na\u0161a dr\u017eava posjeduje mo\u017eemo posti\u0107i pobu\u0111ivanjem interesa mladih za promatranje i istra\u017eivanje prirodnih stani\u0161ta u njihovom okru\u017eju. Na nivou \u0161kole pokrenut je projekt \u201eSpoznaj bioraznolikost\u201c, e-prirodoslovna zbirka. koji objedinjuje znanja i vje\u0161tine u\u010denika iz podru\u010dja informatike, biologije i kemije. Projektom se provodi informatizacija i determinacija prirodoslovne zbirke III. gimnazije, Split. Tijekom godina prikupljen je veliki broj eksponata koji su projektom imenovani, opisani i izlo\u017eeni u prikladno opremljenoj vitrini za kvalitetno pohranjivanje eksponata kako bi ostali trajno sa\u010duvani, a istovremeno slu\u017eili kao izvorna stvarnost i osnova za stvaranje Virtualne prirodoslovne zbirke koja \u0107e u svakom trenutku biti dostupna u\u010denicima i svim zainteresiranim posjetiteljima na\u0161e web aplikacije. Bu\u0111enjem znati\u017eelje i istra\u017eiva\u010dkog potencijala poti\u010de se kriti\u010dko promi\u0161ljanje kod najproduktivnijih dobnih skupina koje su potencijal u promicanju Hrvatske kao dr\u017eave velike bioraznolikosti. Snaga i korisnost ovog projekta je trajno sudjelovanje u\u010denika u njegovom osmi\u0161ljavanju, provo\u0111enju i nadogra\u0111ivanju. Projektom su se postavili temelji za povezivanje zbirki svih \u0161kola i javnih ustanova na platformi koja bi svim sudionicima povezanim u mre\u017ei omogu\u0107ila autonomnost (\u201eMre\u017ea \u0161kolskih prirodoslovnih zbirki\u201c). Va\u017enost zbirke je i kontinuirani doprinos projektu inventarizacije prirodoslovnog bogatstva s ciljem o\u010duvanja i u\u010dvr\u0161\u0107ivanja nacionalnog identiteta Republike Hrvatske. Ova zbirka je me\u0111u prvim takvima na na\u0161em podru\u010dju.<\/p>\n\n\n\n<figure class=\"wp-block-image size-large is-resized\"><img loading=\"lazy\" decoding=\"async\" width=\"578\" height=\"901\" src=\"https:\/\/trema.hr\/wp-content\/uploads\/2021\/11\/Screenshot-411.png\" alt=\"\" class=\"wp-image-4901\" style=\"width:268px;height:auto\"\/><\/figure>\n\n\n\n<h2 class=\"wp-block-heading\"><strong>Aktivnosti mladih prirodoslovaca <\/strong><\/h2>\n\n\n<ul class=\"wp-block-latest-posts__list wp-block-latest-posts\"><li><a class=\"wp-block-latest-posts__post-title\" href=\"https:\/\/trema.hr\/?p=7758\">Projekt Blue Connect<\/a><\/li>\n<\/ul>\n\n\n<p><\/p>\n","protected":false},"excerpt":{"rendered":"<p>e-Prirodoslovna zbirka Svjesnost o unikatnom, krhkom prirodnom bogatstvu koje na\u0161a dr\u017eava posjeduje mo\u017eemo posti\u0107i pobu\u0111ivanjem interesa mladih za promatranje i istra\u017eivanje prirodnih stani\u0161ta u njihovom okru\u017eju. Na nivou \u0161kole pokrenut je projekt \u201eSpoznaj bioraznolikost\u201c, e-prirodoslovna zbirka. koji objedinjuje znanja i vje\u0161tine u\u010denika iz podru\u010dja informatike, biologije i kemije. Projektom se provodi informatizacija i determinacija prirodoslovne&hellip;<\/p>\n","protected":false},"author":3,"featured_media":4868,"parent":1629,"menu_order":0,"comment_status":"closed","ping_status":"closed","template":"","meta":{"footnotes":""},"class_list":["post-4858","page","type-page","status-publish","has-post-thumbnail","hentry"],"_links":{"self":[{"href":"https:\/\/trema.hr\/index.php?rest_route=\/wp\/v2\/pages\/4858","targetHints":{"allow":["GET"]}}],"collection":[{"href":"https:\/\/trema.hr\/index.php?rest_route=\/wp\/v2\/pages"}],"about":[{"href":"https:\/\/trema.hr\/index.php?rest_route=\/wp\/v2\/types\/page"}],"author":[{"embeddable":true,"href":"https:\/\/trema.hr\/index.php?rest_route=\/wp\/v2\/users\/3"}],"replies":[{"embeddable":true,"href":"https:\/\/trema.hr\/index.php?rest_route=%2Fwp%2Fv2%2Fcomments&post=4858"}],"version-history":[{"count":4,"href":"https:\/\/trema.hr\/index.php?rest_route=\/wp\/v2\/pages\/4858\/revisions"}],"predecessor-version":[{"id":8662,"href":"https:\/\/trema.hr\/index.php?rest_route=\/wp\/v2\/pages\/4858\/revisions\/8662"}],"up":[{"embeddable":true,"href":"https:\/\/trema.hr\/index.php?rest_route=\/wp\/v2\/pages\/1629"}],"wp:featuredmedia":[{"embeddable":true,"href":"https:\/\/trema.hr\/index.php?rest_route=\/wp\/v2\/media\/4868"}],"wp:attachment":[{"href":"https:\/\/trema.hr\/index.php?rest_route=%2Fwp%2Fv2%2Fmedia&parent=4858"}],"curies":[{"name":"wp","href":"https:\/\/api.w.org\/{rel}","templated":true}]}}