{"id":3178,"date":"2020-12-04T08:24:03","date_gmt":"2020-12-04T07:24:03","guid":{"rendered":"https:\/\/trema.hr\/?page_id=3178"},"modified":"2020-12-05T12:59:11","modified_gmt":"2020-12-05T11:59:11","slug":"ucimo-stvaramo-i-iscekujemo-bozic-u-skoli","status":"publish","type":"page","link":"https:\/\/trema.hr\/?page_id=3178","title":{"rendered":"U\u010dimo, stvaramo i i\u0161\u010dekujemo Bo\u017ei\u0107 u \u0161koli"},"content":{"rendered":"\n<section id=\"section-0f3d3731-7907-436a-b40f-3e83af1cff48\" class=\"wp-block-gutentor-gallery gutentor-section gutentor-gallery gutentor-gallery-wrapper enable-masonry gallery-template1\"><div class=\"grid-container\"><div class=\"gutentor-block-header\"><div class=\"gutentor-section-title enable-title-design seperator-bottom text-center\"><h2 class=\"gutentor-title\"><\/h2><\/div><\/div><div class=\"grid-row gutentor-grid-item-wrap full-width-row\"><div class=\"gutentor-gallery-item grid-lg-4 grid-md-4 grid-12\"><div class=\"gutentor-single-item gutentor-image gutentor-single-item-0\"><div class=\"gutentor-gallery-item-wrap\"><div class=\"gutentor-single-item-image-box\"><div class=\"gutentor-image-thumb\"><img decoding=\"async\" class=\"normal-image\" src=\"https:\/\/trema.hr\/wp-content\/uploads\/2020\/12\/zz.jpeg\" alt=\"\"\/><\/div><\/div><div class=\"gutentor-single-item-content\"><div class=\"gutentor-gallery-item-header\"><h3 class=\"gutentor-single-item-title\"><\/h3><a href=\"https:\/\/trema.hr\/wp-content\/uploads\/2020\/12\/zz.jpeg\" class=\"image-gallery\"><i class=\"gallery-icon fas fa-search\"><\/i><\/a><\/div><div class=\"gutentor-gallery-item-desc\"><p class=\"gutentor-single-item-desc\"><\/p><\/div><\/div><\/div><\/div><\/div><div class=\"gutentor-gallery-item grid-lg-4 grid-md-4 grid-12\"><div class=\"gutentor-single-item gutentor-image gutentor-single-item-1\"><div class=\"gutentor-gallery-item-wrap\"><div class=\"gutentor-single-item-image-box\"><div class=\"gutentor-image-thumb\"><img decoding=\"async\" class=\"normal-image\" src=\"https:\/\/trema.hr\/wp-content\/uploads\/2020\/12\/WhatsApp-Image-2020-12-03-at-d.jpeg\" alt=\"\"\/><\/div><\/div><div class=\"gutentor-single-item-content\"><div class=\"gutentor-gallery-item-header\"><h3 class=\"gutentor-single-item-title\"><\/h3><a href=\"https:\/\/trema.hr\/wp-content\/uploads\/2020\/12\/WhatsApp-Image-2020-12-03-at-d.jpeg\" class=\"image-gallery\"><i class=\"gallery-icon fas fa-search\"><\/i><\/a><\/div><div class=\"gutentor-gallery-item-desc\"><p class=\"gutentor-single-item-desc\"><\/p><\/div><\/div><\/div><\/div><\/div><div class=\"gutentor-gallery-item grid-lg-4 grid-md-4 grid-12\"><div class=\"gutentor-single-item gutentor-image gutentor-single-item-2\"><div class=\"gutentor-gallery-item-wrap\"><div class=\"gutentor-single-item-image-box\"><div class=\"gutentor-image-thumb\"><img decoding=\"async\" class=\"normal-image\" src=\"https:\/\/trema.hr\/wp-content\/uploads\/2020\/12\/WhatsApp-Image-2020-12-03-at-s.jpeg\" alt=\"\"\/><\/div><\/div><div class=\"gutentor-single-item-content\"><div class=\"gutentor-gallery-item-header\"><h3 class=\"gutentor-single-item-title\"><\/h3><a href=\"https:\/\/trema.hr\/wp-content\/uploads\/2020\/12\/WhatsApp-Image-2020-12-03-at-s.jpeg\" class=\"image-gallery\"><i class=\"gallery-icon fas fa-search\"><\/i><\/a><\/div><div class=\"gutentor-gallery-item-desc\"><p class=\"gutentor-single-item-desc\"><\/p><\/div><\/div><\/div><\/div><\/div><div class=\"gutentor-gallery-item grid-lg-4 grid-md-4 grid-12\"><div class=\"gutentor-single-item gutentor-image gutentor-single-item-3\"><div class=\"gutentor-gallery-item-wrap\"><div class=\"gutentor-single-item-image-box\"><div class=\"gutentor-image-thumb\"><img decoding=\"async\" class=\"normal-image\" src=\"https:\/\/trema.hr\/wp-content\/uploads\/2020\/12\/WhatsApp-Image-2020-12-03-at-Ana.jpeg\" alt=\"\"\/><\/div><\/div><div class=\"gutentor-single-item-content\"><div class=\"gutentor-gallery-item-header\"><h3 class=\"gutentor-single-item-title\"><\/h3><a href=\"https:\/\/trema.hr\/wp-content\/uploads\/2020\/12\/WhatsApp-Image-2020-12-03-at-Ana.jpeg\" class=\"image-gallery\"><i class=\"gallery-icon fas fa-search\"><\/i><\/a><\/div><div class=\"gutentor-gallery-item-desc\"><p class=\"gutentor-single-item-desc\"><\/p><\/div><\/div><\/div><\/div><\/div><div class=\"gutentor-gallery-item grid-lg-4 grid-md-4 grid-12\"><div class=\"gutentor-single-item gutentor-image gutentor-single-item-4\"><div class=\"gutentor-gallery-item-wrap\"><div class=\"gutentor-single-item-image-box\"><div class=\"gutentor-image-thumb\"><img decoding=\"async\" class=\"normal-image\" src=\"https:\/\/trema.hr\/wp-content\/uploads\/2020\/12\/WhatsApp-Image-2020-12-03-at-1qa.jpeg\" alt=\"\"\/><\/div><\/div><div class=\"gutentor-single-item-content\"><div class=\"gutentor-gallery-item-header\"><h3 class=\"gutentor-single-item-title\"><\/h3><a href=\"https:\/\/trema.hr\/wp-content\/uploads\/2020\/12\/WhatsApp-Image-2020-12-03-at-1qa.jpeg\" class=\"image-gallery\"><i class=\"gallery-icon fas fa-search\"><\/i><\/a><\/div><div class=\"gutentor-gallery-item-desc\"><p class=\"gutentor-single-item-desc\"><\/p><\/div><\/div><\/div><\/div><\/div><div class=\"gutentor-gallery-item grid-lg-4 grid-md-4 grid-12\"><div class=\"gutentor-single-item gutentor-image gutentor-single-item-5\"><div class=\"gutentor-gallery-item-wrap\"><div class=\"gutentor-single-item-image-box\"><div class=\"gutentor-image-thumb\"><img decoding=\"async\" class=\"normal-image\" src=\"https:\/\/trema.hr\/wp-content\/uploads\/2020\/12\/we.jpeg\" alt=\"\"\/><\/div><\/div><div class=\"gutentor-single-item-content\"><div class=\"gutentor-gallery-item-header\"><h3 class=\"gutentor-single-item-title\"><\/h3><a href=\"https:\/\/trema.hr\/wp-content\/uploads\/2020\/12\/we.jpeg\" class=\"image-gallery\"><i class=\"gallery-icon fas fa-search\"><\/i><\/a><\/div><div class=\"gutentor-gallery-item-desc\"><p class=\"gutentor-single-item-desc\"><\/p><\/div><\/div><\/div><\/div><\/div><div class=\"gutentor-gallery-item grid-lg-4 grid-md-4 grid-12\"><div class=\"gutentor-single-item gutentor-image gutentor-single-item-6\"><div class=\"gutentor-gallery-item-wrap\"><div class=\"gutentor-single-item-image-box\"><div class=\"gutentor-image-thumb\"><img decoding=\"async\" class=\"normal-image\" src=\"https:\/\/trema.hr\/wp-content\/uploads\/2020\/12\/ttt.jpeg\" alt=\"\"\/><\/div><\/div><div class=\"gutentor-single-item-content\"><div class=\"gutentor-gallery-item-header\"><h3 class=\"gutentor-single-item-title\"><\/h3><a href=\"https:\/\/trema.hr\/wp-content\/uploads\/2020\/12\/ttt.jpeg\" class=\"image-gallery\"><i class=\"gallery-icon fas fa-search\"><\/i><\/a><\/div><div class=\"gutentor-gallery-item-desc\"><p class=\"gutentor-single-item-desc\"><\/p><\/div><\/div><\/div><\/div><\/div><div class=\"gutentor-gallery-item grid-lg-4 grid-md-4 grid-12\"><div class=\"gutentor-single-item gutentor-image gutentor-single-item-7\"><div class=\"gutentor-gallery-item-wrap\"><div class=\"gutentor-single-item-image-box\"><div class=\"gutentor-image-thumb\"><img decoding=\"async\" class=\"normal-image\" src=\"https:\/\/trema.hr\/wp-content\/uploads\/2020\/12\/t.jpeg\" alt=\"\"\/><\/div><\/div><div class=\"gutentor-single-item-content\"><div class=\"gutentor-gallery-item-header\"><h3 class=\"gutentor-single-item-title\"><\/h3><a href=\"https:\/\/trema.hr\/wp-content\/uploads\/2020\/12\/t.jpeg\" class=\"image-gallery\"><i class=\"gallery-icon fas fa-search\"><\/i><\/a><\/div><div class=\"gutentor-gallery-item-desc\"><p class=\"gutentor-single-item-desc\"><\/p><\/div><\/div><\/div><\/div><\/div><div class=\"gutentor-gallery-item grid-lg-4 grid-md-4 grid-12\"><div class=\"gutentor-single-item gutentor-image gutentor-single-item-8\"><div class=\"gutentor-gallery-item-wrap\"><div class=\"gutentor-single-item-image-box\"><div class=\"gutentor-image-thumb\"><img decoding=\"async\" class=\"normal-image\" src=\"https:\/\/trema.hr\/wp-content\/uploads\/2020\/12\/sds.jpeg\" alt=\"\"\/><\/div><\/div><div class=\"gutentor-single-item-content\"><div class=\"gutentor-gallery-item-header\"><h3 class=\"gutentor-single-item-title\"><\/h3><a href=\"https:\/\/trema.hr\/wp-content\/uploads\/2020\/12\/sds.jpeg\" class=\"image-gallery\"><i class=\"gallery-icon fas fa-search\"><\/i><\/a><\/div><div class=\"gutentor-gallery-item-desc\"><p class=\"gutentor-single-item-desc\"><\/p><\/div><\/div><\/div><\/div><\/div><div class=\"gutentor-gallery-item grid-lg-4 grid-md-4 grid-12\"><div class=\"gutentor-single-item gutentor-image gutentor-single-item-9\"><div class=\"gutentor-gallery-item-wrap\"><div class=\"gutentor-single-item-image-box\"><div class=\"gutentor-image-thumb\"><img decoding=\"async\" class=\"normal-image\" src=\"https:\/\/trema.hr\/wp-content\/uploads\/2020\/12\/dew.jpeg\" alt=\"\"\/><\/div><\/div><div class=\"gutentor-single-item-content\"><div class=\"gutentor-gallery-item-header\"><h3 class=\"gutentor-single-item-title\"><\/h3><a href=\"https:\/\/trema.hr\/wp-content\/uploads\/2020\/12\/dew.jpeg\" class=\"image-gallery\"><i class=\"gallery-icon fas fa-search\"><\/i><\/a><\/div><div class=\"gutentor-gallery-item-desc\"><p class=\"gutentor-single-item-desc\"><\/p><\/div><\/div><\/div><\/div><\/div><div class=\"gutentor-gallery-item grid-lg-4 grid-md-4 grid-12\"><div class=\"gutentor-single-item gutentor-image gutentor-single-item-10\"><div class=\"gutentor-gallery-item-wrap\"><div class=\"gutentor-single-item-image-box\"><div class=\"gutentor-image-thumb\"><img decoding=\"async\" class=\"normal-image\" src=\"https:\/\/trema.hr\/wp-content\/uploads\/2020\/12\/793b2b1f-f7c0-484a-af4a-cd09bf3ecd20-1.jpg\" alt=\"\"\/><\/div><\/div><div class=\"gutentor-single-item-content\"><div class=\"gutentor-gallery-item-header\"><h3 class=\"gutentor-single-item-title\"><\/h3><a href=\"https:\/\/trema.hr\/wp-content\/uploads\/2020\/12\/793b2b1f-f7c0-484a-af4a-cd09bf3ecd20-1.jpg\" class=\"image-gallery\"><i class=\"gallery-icon fas fa-search\"><\/i><\/a><\/div><div class=\"gutentor-gallery-item-desc\"><p class=\"gutentor-single-item-desc\"><\/p><\/div><\/div><\/div><\/div><\/div><div class=\"gutentor-gallery-item grid-lg-4 grid-md-4 grid-12\"><div class=\"gutentor-single-item gutentor-image gutentor-single-item-11\"><div class=\"gutentor-gallery-item-wrap\"><div class=\"gutentor-single-item-image-box\"><div class=\"gutentor-image-thumb\"><img decoding=\"async\" class=\"normal-image\" src=\"https:\/\/trema.hr\/wp-content\/uploads\/2020\/12\/IMG_1995-scaled.jpg\" alt=\"\"\/><\/div><\/div><div class=\"gutentor-single-item-content\"><div class=\"gutentor-gallery-item-header\"><h3 class=\"gutentor-single-item-title\"><\/h3><a href=\"https:\/\/trema.hr\/wp-content\/uploads\/2020\/12\/IMG_1995-scaled.jpg\" class=\"image-gallery\"><i class=\"gallery-icon fas fa-search\"><\/i><\/a><\/div><div class=\"gutentor-gallery-item-desc\"><p class=\"gutentor-single-item-desc\"><\/p><\/div><\/div><\/div><\/div><\/div><div class=\"gutentor-gallery-item grid-lg-4 grid-md-4 grid-12\"><div class=\"gutentor-single-item gutentor-image gutentor-single-item-12\"><div class=\"gutentor-gallery-item-wrap\"><div class=\"gutentor-single-item-image-box\"><div class=\"gutentor-image-thumb\"><img decoding=\"async\" class=\"normal-image\" src=\"https:\/\/trema.hr\/wp-content\/uploads\/2020\/12\/IMG_1945-scaled.jpg\" alt=\"\"\/><\/div><\/div><div class=\"gutentor-single-item-content\"><div class=\"gutentor-gallery-item-header\"><h3 class=\"gutentor-single-item-title\"><\/h3><a href=\"https:\/\/trema.hr\/wp-content\/uploads\/2020\/12\/IMG_1945-scaled.jpg\" class=\"image-gallery\"><i class=\"gallery-icon fas fa-search\"><\/i><\/a><\/div><div class=\"gutentor-gallery-item-desc\"><p class=\"gutentor-single-item-desc\"><\/p><\/div><\/div><\/div><\/div><\/div><div class=\"gutentor-gallery-item grid-lg-4 grid-md-4 grid-12\"><div class=\"gutentor-single-item gutentor-image gutentor-single-item-13\"><div class=\"gutentor-gallery-item-wrap\"><div class=\"gutentor-single-item-image-box\"><div class=\"gutentor-image-thumb\"><img decoding=\"async\" class=\"normal-image\" src=\"https:\/\/trema.hr\/wp-content\/uploads\/2020\/12\/IMG_1883-scaled.jpg\" alt=\"\"\/><\/div><\/div><div class=\"gutentor-single-item-content\"><div class=\"gutentor-gallery-item-header\"><h3 class=\"gutentor-single-item-title\"><\/h3><a href=\"https:\/\/trema.hr\/wp-content\/uploads\/2020\/12\/IMG_1883-scaled.jpg\" class=\"image-gallery\"><i class=\"gallery-icon fas fa-search\"><\/i><\/a><\/div><div class=\"gutentor-gallery-item-desc\"><p class=\"gutentor-single-item-desc\"><\/p><\/div><\/div><\/div><\/div><\/div><div class=\"gutentor-gallery-item grid-lg-4 grid-md-4 grid-12\"><div class=\"gutentor-single-item gutentor-image gutentor-single-item-14\"><div class=\"gutentor-gallery-item-wrap\"><div class=\"gutentor-single-item-image-box\"><div class=\"gutentor-image-thumb\"><img decoding=\"async\" class=\"normal-image\" src=\"https:\/\/trema.hr\/wp-content\/uploads\/2020\/12\/IMG_1881-scaled.jpg\" alt=\"\"\/><\/div><\/div><div class=\"gutentor-single-item-content\"><div class=\"gutentor-gallery-item-header\"><h3 class=\"gutentor-single-item-title\"><\/h3><a href=\"https:\/\/trema.hr\/wp-content\/uploads\/2020\/12\/IMG_1881-scaled.jpg\" class=\"image-gallery\"><i class=\"gallery-icon fas fa-search\"><\/i><\/a><\/div><div class=\"gutentor-gallery-item-desc\"><p class=\"gutentor-single-item-desc\"><\/p><\/div><\/div><\/div><\/div><\/div><div class=\"gutentor-gallery-item grid-lg-4 grid-md-4 grid-12\"><div class=\"gutentor-single-item gutentor-image gutentor-single-item-15\"><div class=\"gutentor-gallery-item-wrap\"><div class=\"gutentor-single-item-image-box\"><div class=\"gutentor-image-thumb\"><img decoding=\"async\" class=\"normal-image\" src=\"https:\/\/trema.hr\/wp-content\/uploads\/2020\/12\/793b2b1f-f7c0-484a-af4a-cd09bf3ecd20.jpg\" alt=\"\"\/><\/div><\/div><div class=\"gutentor-single-item-content\"><div class=\"gutentor-gallery-item-header\"><h3 class=\"gutentor-single-item-title\"><\/h3><a href=\"https:\/\/trema.hr\/wp-content\/uploads\/2020\/12\/793b2b1f-f7c0-484a-af4a-cd09bf3ecd20.jpg\" class=\"image-gallery\"><i class=\"gallery-icon fas fa-search\"><\/i><\/a><\/div><div class=\"gutentor-gallery-item-desc\"><p class=\"gutentor-single-item-desc\"><\/p><\/div><\/div><\/div><\/div><\/div><div class=\"gutentor-gallery-item grid-lg-4 grid-md-4 grid-12\"><div class=\"gutentor-single-item gutentor-image gutentor-single-item-16\"><div class=\"gutentor-gallery-item-wrap\"><div class=\"gutentor-single-item-image-box\"><div class=\"gutentor-image-thumb\"><img decoding=\"async\" class=\"normal-image\" src=\"https:\/\/trema.hr\/wp-content\/uploads\/2020\/12\/WhatsApp-Image-2020-12-05-at-09.45.19.jpeg\" alt=\"\"\/><\/div><\/div><div class=\"gutentor-single-item-content\"><div class=\"gutentor-gallery-item-header\"><h3 class=\"gutentor-single-item-title\"><\/h3><a href=\"https:\/\/trema.hr\/wp-content\/uploads\/2020\/12\/WhatsApp-Image-2020-12-05-at-09.45.19.jpeg\" class=\"image-gallery\"><i class=\"gallery-icon fas fa-search\"><\/i><\/a><\/div><div class=\"gutentor-gallery-item-desc\"><p class=\"gutentor-single-item-desc\"><\/p><\/div><\/div><\/div><\/div><\/div><\/div><\/div><\/section>\n","protected":false},"excerpt":{"rendered":"","protected":false},"author":1,"featured_media":3162,"parent":0,"menu_order":0,"comment_status":"closed","ping_status":"closed","template":"","meta":{"footnotes":""},"class_list":["post-3178","page","type-page","status-publish","has-post-thumbnail","hentry"],"_links":{"self":[{"href":"https:\/\/trema.hr\/index.php?rest_route=\/wp\/v2\/pages\/3178","targetHints":{"allow":["GET"]}}],"collection":[{"href":"https:\/\/trema.hr\/index.php?rest_route=\/wp\/v2\/pages"}],"about":[{"href":"https:\/\/trema.hr\/index.php?rest_route=\/wp\/v2\/types\/page"}],"author":[{"embeddable":true,"href":"https:\/\/trema.hr\/index.php?rest_route=\/wp\/v2\/users\/1"}],"replies":[{"embeddable":true,"href":"https:\/\/trema.hr\/index.php?rest_route=%2Fwp%2Fv2%2Fcomments&post=3178"}],"version-history":[{"count":0,"href":"https:\/\/trema.hr\/index.php?rest_route=\/wp\/v2\/pages\/3178\/revisions"}],"wp:featuredmedia":[{"embeddable":true,"href":"https:\/\/trema.hr\/index.php?rest_route=\/wp\/v2\/media\/3162"}],"wp:attachment":[{"href":"https:\/\/trema.hr\/index.php?rest_route=%2Fwp%2Fv2%2Fmedia&parent=3178"}],"curies":[{"name":"wp","href":"https:\/\/api.w.org\/{rel}","templated":true}]}}