{"id":3118,"date":"2020-11-17T12:21:50","date_gmt":"2020-11-17T11:21:50","guid":{"rendered":"https:\/\/trema.hr\/?page_id=3118"},"modified":"2022-03-21T13:19:42","modified_gmt":"2022-03-21T12:19:42","slug":"ka229-projekt-let-us-sail-together","status":"publish","type":"page","link":"https:\/\/trema.hr\/?page_id=3118","title":{"rendered":"KA229 projekt\u00a0 &#8220;LET US SAIL TOGETHER&#8221;"},"content":{"rendered":"\n<h1 class=\"has-text-align-center wp-block-heading\"><strong>Erasmus+ projekt<\/strong><\/h1>\n\n\n\n<h1 class=\"has-text-align-center wp-block-heading\"><strong>K229 projekt \u201eLet us sail together\u201c<\/strong><\/h1>\n\n\n\n<p><\/p>\n\n\n\n<p><\/p>\n\n\n\n<h3 class=\"wp-block-heading\"><a href=\"https:\/\/trema.hr\/?page_id=5287\">Teachers\u2019 Meeting in Split (Croatia)&nbsp; &nbsp; &nbsp; &nbsp;18-22nd October 2021<\/a><\/h3>\n\n\n\n<h3 class=\"wp-block-heading\"><b><i><span lang=\"CA\"><a href=\"https:\/\/trema.hr\/wp-content\/uploads\/2022\/03\/Svedska-1.pdf\" data-type=\"URL\" data-id=\"https:\/\/trema.hr\/wp-content\/uploads\/2022\/03\/Svedska-1.pdf\">Prva mobilnost u\u010denika i nastavnika od 13.-18.velja\u010de 2022.- Umea, \u0160vedska<\/a><\/span><\/i><\/b><\/h3>\n\n\n\n<p><strong>Od 1. rujna 2020. do 31. kolovoza 2022. na\u0161a \u0161kola sudjeluje u Erasmus+ K229 projektu <\/strong><strong><em>Let us sail together<\/em><\/strong><strong>. <\/strong><strong>Uz na\u0161u <em>III. gimnaziju<\/em> u \u0161kolskom partnerstvu sudjeluje jo\u0161 pet \u0161kola iz razli\u010ditih zemalja: \u0161kola koordinator <\/strong><em>Grubbeskolan<\/em> (Ume\u00e5, \u0160vedska) te \u0161kole partneri <em>Hayrullah Kefoglu Anadolu Lisesi<\/em>&nbsp; (Istanbul, Turska),&nbsp; <em>Agrupamento de Escolas de Aveiro<\/em> (Aveiro, Portugal),<em> Horduvallaskoli<\/em> (K\u00f3pavogur, Island) i <em>5th Piramatiko Geniko Likio Rethimnou Panepistimiou Kristis<\/em> (Kreta, Gr\u010dka).<\/p>\n\n\n\n<p>Sudionici projekta, koji \u017eive uz more, plovit \u0107e zami\u0161ljenom digitalnom rutom i istra\u017eivati razli\u010dite obale partnerskih \u0161kola: Balti\u010dko more, Egejsko more, Sredozemno more, Mramorno more, Jadransko more i Atlantski ocean te tra\u017eiti rje\u0161enja za za\u0161titu morskog okoli\u0161a, produciraju\u0107i konkretne prijedloge i rezultate na temelju znanstvenih istra\u017eivanja, kori\u0161tenjem vje\u0161tina 21. stolje\u0107a i digitalnih kompetencija.<\/p>\n\n\n\n<p>Na\u0161a mora ugro\u017eena su zbog zaga\u0111enja, morskog otpada, nezakonitog ribolova i klimatskih promjena. Projektne aktivnosti usmjerene su na pronalazak i primjenu konkretnih postupaka i rezultata za za\u0161titu na\u0161ih mora i oceana, ekosustava i njihove biolo\u0161ke raznolikosti, slijede\u0107i EU strategiju <em>Marine Strategy Framework Directive.<\/em><\/p>\n\n\n\n<p>Zajedni\u010dki je cilj podi\u0107i svijest sudionika o morskom okoli\u0161u, promicati razvoj razli\u010ditih klju\u010dnih vje\u0161tina, promijeniti pona\u0161anje prema okoli\u0161u te motivirati sudionike da svoje znanje podijele sa \u0161irom zajednicom.<\/p>\n\n\n\n<p>U\u010denje na prmjerima iz prakse, prakti\u010dne i me\u0111upredmetne aktivnosti, vr\u0161nja\u010dko u\u010denje, treninzi u vanjskim uvjetima, timske radionice, laboratorijske analize, terenske studije, prezentacije, stru\u010dna predavanja i suradnja sa sveu\u010dili\u0161tima me\u0111u na\u0161im su temeljnim aktivnostima.<\/p>\n\n\n\n<p>Kona\u010dni rezultati projekta bit \u0107e predstavljeni \u0161iroj zajednici zajedni\u010dkim proizvodima kao \u0161to su pro\u0161irena multimedijalna knjiga s digitalnim pristupom sadr\u017eaju pomo\u0107u QR kodova, digitalna izlo\u017eba te tematski javni oglasi. Promocija za\u0161tite morskog okoli\u0161a u budu\u0107nosti koristiti \u0107e se kao odr\u017eivi materijal za nastavnike, a mo\u0107i \u0107e se prilagoditi i nastavi kao nastavni materijal.<\/p>\n\n\n\n<p>Naposljetku, na\u0161i \u0107e u\u010denici biti senzibilizirani gra\u0111ani Europe koji \u0107e osvijestiti va\u017enost brige za o\u010duvanje okoli\u0161a i borbe protiv zaga\u0111enja mora i oceana.<\/p>\n\n\n\n<p>Watch this video about our presentation on the Erasmus&nbsp;+ project Let us sail together.<\/p>\n\n\n\n<figure class=\"wp-block-embed is-type-video is-provider-youtube wp-block-embed-youtube wp-embed-aspect-16-9 wp-has-aspect-ratio\"><div class=\"wp-block-embed__wrapper\">\n<iframe loading=\"lazy\" title=\"Erasmus + project Let us sail together.\" width=\"640\" height=\"360\" src=\"https:\/\/www.youtube.com\/embed\/wLAvZBdz0aQ?feature=oembed\" frameborder=\"0\" allow=\"accelerometer; autoplay; clipboard-write; encrypted-media; gyroscope; picture-in-picture; web-share\" referrerpolicy=\"strict-origin-when-cross-origin\" allowfullscreen><\/iframe>\n<\/div><\/figure>\n","protected":false},"excerpt":{"rendered":"<p>Erasmus+ projekt K229 projekt \u201eLet us sail together\u201c Teachers\u2019 Meeting in Split (Croatia)&nbsp; &nbsp; &nbsp; &nbsp;18-22nd October 2021 Prva mobilnost u\u010denika i nastavnika od 13.-18.velja\u010de 2022.- Umea, \u0160vedska Od 1. rujna 2020. do 31. kolovoza 2022. na\u0161a \u0161kola sudjeluje u Erasmus+ K229 projektu Let us sail together. Uz na\u0161u III. gimnaziju u \u0161kolskom partnerstvu sudjeluje&hellip;<\/p>\n","protected":false},"author":1,"featured_media":0,"parent":0,"menu_order":0,"comment_status":"closed","ping_status":"closed","template":"","meta":{"footnotes":""},"class_list":["post-3118","page","type-page","status-publish","hentry"],"_links":{"self":[{"href":"https:\/\/trema.hr\/index.php?rest_route=\/wp\/v2\/pages\/3118","targetHints":{"allow":["GET"]}}],"collection":[{"href":"https:\/\/trema.hr\/index.php?rest_route=\/wp\/v2\/pages"}],"about":[{"href":"https:\/\/trema.hr\/index.php?rest_route=\/wp\/v2\/types\/page"}],"author":[{"embeddable":true,"href":"https:\/\/trema.hr\/index.php?rest_route=\/wp\/v2\/users\/1"}],"replies":[{"embeddable":true,"href":"https:\/\/trema.hr\/index.php?rest_route=%2Fwp%2Fv2%2Fcomments&post=3118"}],"version-history":[{"count":0,"href":"https:\/\/trema.hr\/index.php?rest_route=\/wp\/v2\/pages\/3118\/revisions"}],"wp:attachment":[{"href":"https:\/\/trema.hr\/index.php?rest_route=%2Fwp%2Fv2%2Fmedia&parent=3118"}],"curies":[{"name":"wp","href":"https:\/\/api.w.org\/{rel}","templated":true}]}}