{"id":1872,"date":"2020-05-02T16:21:30","date_gmt":"2020-05-02T14:21:30","guid":{"rendered":"https:\/\/trema.hr\/?page_id=1872"},"modified":"2025-06-10T10:39:08","modified_gmt":"2025-06-10T08:39:08","slug":"oskari-znanja","status":"publish","type":"page","link":"https:\/\/trema.hr\/?page_id=1872","title":{"rendered":"Oskari znanja"},"content":{"rendered":"<hr>\n<h2>Oskari znanja<\/h2>\n<h3>OSKARI ZNANJA ZA DR\u017dAVNA I ME\u0110UNARODNA<\/h3>\n<h4>Na\u0161a \u0161kola mo\u017ee se pohvaliti nizom vi\u0161estruko nagra\u0111ivanih u\u010denika koji su svoje medalje osvajali na dr\u017eavnim i me\u0111unarodnim natjecanjima, a najbolji me\u0111u njima osvojili su i vi\u0161e Oskara znanja. U tablici mo\u017eete vidjeti popis u\u010denika koji su nagra\u0111eni Oskarima u zadnje \u010detiri \u0161kolske godine.<\/h4>\n\n\n<figure class=\"wp-block-table\"><table><tbody><tr><td>\u0160k.godina<\/td><td>Ime<\/td><td>Prezime<\/td><td>Vrsta medalje<\/td><td>Razred<\/td><td>Vrsta natjecanja<\/td><td>Broj osvojenih Oskara znanja<\/td><\/tr><tr><td>2024.\/2025.<\/td><td>Celina<\/td><td>Mar\u010di\u0107<\/td><td>1. mjesto na 5. Europskom RoboCup-u<\/td><td><\/td><td>1. mjesto na 5. Europskom RoboCup-u Junior Hannover, lipanj 2024. Njema\u010dka<\/td><td>1<\/td><\/tr><tr><td>2024.\/2025.<\/td><td>Luka<\/td><td>Ran\u010di\u0107<\/td><td>bron\u010dana medalja<\/td><td>2.razred<\/td><td>bron\u010dana medalja na Europskoj juniorskoj informati\u010dkoj olimpijadi<\/td><td>1<\/td><\/tr><tr><td>2024.\/2025.<\/td><td>Klara<\/td><td>Tabak<\/td><td>1. mjesto na DN iz biologije<\/td><td>2.rzred<\/td><td>1. mjesto na dr\u017eavnom Natjecanju iz biologije \u0161kolske godine 2024.\/25. u kategoriji&nbsp;<em>Samostalni istra\u017eiva\u010dki projekt<\/em><\/td><td>1<\/td><\/tr><tr><td>2024.\/2025.<\/td><td>Petra<\/td><td>Cvitkovi\u0107<\/td><td>1.mjesto na DN iz biologije<\/td><td>2.razred<\/td><td>1. mjesto na dr\u017eavnom Natjecanju iz biologije \u0161kolske godine 2024.\/25. u kategoriji&nbsp;<em>Samostalni istra\u017eiva\u010dki projekt<\/em><\/td><td>1<\/td><\/tr><tr><td>2024.\/2025.<\/td><td>Emanuel<\/td><td>Bajamni\u0107<\/td><td>1. mjesto na DN iz matematike<\/td><td>4.razred<\/td><td>Dr\u017eavno natjecanje iz matematike<\/td><td>1<\/td><\/tr><tr><td>2024.\/2025.<\/td><td>Emanuel<\/td><td>Bajami\u0107<\/td><td>srebrna medalja<\/td><td>4.razred<\/td><td>srebrna medalja na 18. Srednjoeuropskoj matemati\u010dkoj olimpijadi (MEMO) (kolovoz 2024., Ma\u0111arska)<\/td><td>1<\/td><\/tr><tr><td>2024.\/2025.<\/td><td>Mario<\/td><td>Vrdoljak<\/td><td>bron\u010dana medalja<\/td><td><\/td><td>&nbsp;bron\u010dana medalja na 35. Me\u0111unarodnoj biolo\u0161koj olimpijadi (IBO) (srpanj 2024., Kazahstan)&nbsp;<\/td><td>1<\/td><\/tr><tr><td>2022.\/2023.<\/td><td>Mario<\/td><td>Vrdoljak<\/td><td>1. mjesto na DN iz biologije, 3. razred&nbsp;.&nbsp;<\/td><td><\/td><td>Dr\u017eavno natjecanje iz biologije<\/td><td>1<\/td><\/tr><tr><td>2022.\/2023.<\/td><td>Lovre<\/td><td>Pazinovi\u0107<\/td><td>1. mjesto na DN iz logike, 4. razred&nbsp;<\/td><td>4.razred<\/td><td>Dr\u017eavno natjecanje iz logike<\/td><td>1<\/td><\/tr><tr><td>2022.\/2023.<\/td><td>Borna<\/td><td>Perkovi\u0107<\/td><td>srebrna medalja, <br>bron\u010dana medalja, 1.mjesto<\/td><td>4.razred<\/td><td>1. mjesto na DN iz fizike, 4. razred&nbsp;<br><strong>Me\u0111unarodna fizi\u010dka olimpijada (IPhO),&nbsp;<\/strong>srpanj 2022., doma\u0107in \u0160vicarska \u2013 srebrna medalja<br><br><strong>Me\u0111unarodna olimpijada iz astronomije i astrofizike (IOAA),&nbsp;<\/strong>kolovoz 2022. \u2013bron\u010dana medalja<\/td><td>3<\/td><\/tr><tr><td>2020.\/2021.<\/td><td>Borna<\/td><td>Perkovi\u0107<\/td><td>Zlatna medalja<\/td><td>2. razred<\/td><td>Prirodoslovna olimpijada Europske unije 2021.<\/td><td>1<\/td><\/tr><tr><td>2020.\/2021.<\/td><td>Borna<\/td><td>Perkovi\u0107<\/td><td>Srebrna medalja<\/td><td>2. razred<\/td><td>Me\u0111unarodna fizi\u010dka olimpijada (IPhO)<\/td><td>1<\/td><\/tr><tr><td>2020.\/2021.<\/td><td>Borna<\/td><td>Perkovi\u0107<\/td><td>Srebrna medalja<\/td><td>2. razred<\/td><td>Europska fizi\u010dka olimpijada (EuPhO)<\/td><td>1<\/td><\/tr><tr><td>2020.\/2021.<\/td><td>\u0110ur\u0111ica<\/td><td>Kova\u010di\u0107<\/td><td>1. mjesto<\/td><td>2. razred<\/td><td>Dr\u017eavno natjecanje iz biologije<\/td><td>1<\/td><\/tr><tr><td>2020.\/2021.<\/td><td>Mario<\/td><td>Vrdoljak<\/td><td>1. mjesto<\/td><td>1. razred<\/td><td>Dr\u017eavno natjecanje iz biologije<\/td><td>1<\/td><\/tr><tr><td>2020.\/2021.<\/td><td>Mario <\/td><td>Rubi\u0107<\/td><td>1. mjesto<\/td><td>2. razred<\/td><td>Dr\u017eavno natjecanje iz geografije<\/td><td>1<\/td><\/tr><tr><td>2020.\/2021.<\/td><td>Petra<\/td><td>Kocei\u0107-Bilan<\/td><td>1. mjesto<\/td><td>2. razred<\/td><td>Dr\u017eavno natjecanje iz latinskog jezika<\/td><td>1<\/td><\/tr><tr><td>2020.\/2021.<\/td><td>Petra<\/td><td>Kocei\u0107-Bilan<\/td><td>1. mjesto<\/td><td>2. razred<\/td><td>Dr\u017eavno natjecanje iz hrvatskog jezika<\/td><td>1<\/td><\/tr><tr><td>2019.\/2020.<\/td><td>Luka<\/td><td>Buli\u0107 Bra\u010dulj<\/td><td>3.mjesto<\/td><td>4.razred<\/td><td>Me\u0111unarodna matemati\u010dka olimpijada (IMO)<\/td><td>1<\/td><\/tr><tr><td>2019.\/2020.<\/td><td>Luka<\/td><td>Buli\u0107 Bra\u010dulj<\/td><td>3.mjesto<\/td><td>4.razred<\/td><td>Kiberprostorno matemati\u010dko natjecanje (CMC)<\/td><td>1<\/td><\/tr><tr><td>2019.\/2020.<\/td><td>Frane<\/td><td>Doljanin<\/td><td>1.mjesto ekipno<\/td><td>&nbsp;<\/td><td>Dr\u017eavno natjecanje iz debate<\/td><td>1<\/td><\/tr><tr><td>2019.\/2020.<\/td><td>Ivana<\/td><td>D\u017eaja<\/td><td>1.mjesto ekipno<\/td><td>&nbsp;<\/td><td>Dr\u017eavno natjecanje iz debate<\/td><td>1<\/td><\/tr><tr><td>2019.\/2020.<\/td><td>Klara<\/td><td>Klanac<\/td><td>1.mjesto ekipno<\/td><td>&nbsp;<\/td><td>Dr\u017eavno natjecanje iz debate<\/td><td>1<\/td><\/tr><tr><td>2019.\/2020.<\/td><td>Mirko<\/td><td>Armanda<\/td><td>1.mjesto<\/td><td>3.razred<\/td><td>Dr\u017eavno natjecanje iz kemije<\/td><td>1<\/td><\/tr><tr><td>2019.\/2020.<\/td><td>Antonio<\/td><td>Vetma<\/td><td>1.mjesto<\/td><td>3.razred<\/td><td>Dr\u017eavno natjecanje iz hrvatskog jezika<\/td><td>1<\/td><\/tr><tr><td>2019.\/2020.<\/td><td>Luka<\/td><td>Buli\u0107 Bra\u010dulj<\/td><td>1.mjesto<\/td><td>4.razred<\/td><td>Dr\u017eavno natjecanje iz biologije<\/td><td>1<\/td><\/tr><tr><td>2019.\/2020.<\/td><td>Petra<\/td><td>Kocei\u0107-Bilan<\/td><td>1.mjesto<\/td><td>1.razred<\/td><td>Dr\u017eavno natjecanje iz hrvatskog jezika<\/td><td>1<\/td><\/tr><tr><td>2019.\/2020.<\/td><td>Barbara<\/td><td>Sumi\u0107<\/td><td>Bron\u010dana medalja<\/td><td>4.razred<\/td><td>51. Me\u0111unarodna kemijska olimpijada 21.-30. srpnja 2019. u Parizu<\/td><td>1<\/td><\/tr><tr><td>2019.\/2020.<\/td><td>Mislav<\/td><td>Bari\u0107<\/td><td>Bron\u010dana medalja<\/td><td>4.razred<\/td><td>51. Me\u0111unarodna kemijska olimpijada 21.-30. srpnja 2019. u Parizu<\/td><td>1<\/td><\/tr><tr><td>2019.\/2020.<\/td><td>Luka<\/td><td>Buli\u0107 Bra\u010dulj<\/td><td>1.mjesto<\/td><td>4.razred<\/td><td>Dr\u017eavno natjecanje iz matematike<\/td><td>1<\/td><\/tr><tr><td>2018.\/2019.<\/td><td>Mislav<\/td><td>Bari\u0107<\/td><td>Bron\u010dana medalja<\/td><td>4. razred<\/td><td>53. ME\u0110UNARODNA MENDELJEVA OLIMPIJADA (IMChO), St. Petersburg, Rusija, travanj 2019.<\/td><td>1<\/td><\/tr><tr><td>2018.\/2019.<\/td><td>Mislav<\/td><td>Bari\u0107<\/td><td>Srebrna medalja<\/td><td>4. razred<\/td><td>Dr\u017eavno natjecanje iz kemije<\/td><td>1<\/td><\/tr><tr><td>2018.\/2019.<\/td><td>Bartol<\/td><td>Bu\u0107an<\/td><td>1. mjesto<\/td><td>1. razred<\/td><td>Dr\u017eavno natjecanje iz fizike<\/td><td>1<\/td><\/tr><tr><td>2018.\/2019.<\/td><td>Bartol<\/td><td>Bu\u0107an<\/td><td>Bron\u010dana medalja<\/td><td>1. razred<\/td><td>ME\u0110UNARODNA PRIRODOSLOVNA OLIMPIJADA MLADIH (International Junior Science Olympiad&gt; IJSO),Gaborone, Botswana, prosinac 2018.<\/td><td>1<\/td><\/tr><tr><td>2018.\/2019.<\/td><td>Bartol<\/td><td>Bu\u0107an<\/td><td>Srebrna medalja<\/td><td>1. razred<\/td><td>PRIRODOSLOVNA OLIMPIJADA EUROPSKE UNIJE (EUSO) 2019., Almada, Portugal, svibanj 2019.(ekipno)<\/td><td>1<\/td><\/tr><tr><td>2018.\/2019.<\/td><td>Luka&nbsp;<\/td><td>Buli\u0107 Bra\u010dulj&nbsp;<\/td><td>1. mjesto<\/td><td>3. razred<\/td><td>Dr\u017eavno natjecanje iz logike<\/td><td>1<\/td><\/tr><tr><td>2018.\/2019.<\/td><td>Luka&nbsp;<\/td><td>Buli\u0107 Bra\u010dulj&nbsp;<\/td><td>Bron\u010dana medalja<\/td><td>3. razred<\/td><td>12. srednjeeuropska matemati\u010dka OLIMPIJADA, Bielsko&gt;Bia\u0142i, Poljska, rujan 2018. (pojedina\u010dno)<\/td><td>1<\/td><\/tr><tr><td>2018.\/2019.<\/td><td>Luka&nbsp;<\/td><td>Buli\u0107 Bra\u010dulj&nbsp;<\/td><td>Srebrna medalja<\/td><td>3. razred<\/td><td>12. srednjeeuropska matemati\u010dka OLIMPIJADA, Bielsko&gt;Bia\u0142i, Poljska, rujan 2018. (ekipno)<\/td><td>1<\/td><\/tr><tr><td>2018.\/2019.<\/td><td>Luka&nbsp;<\/td><td>Buli\u0107 Bra\u010dulj&nbsp;<\/td><td>Srebrna medalja<\/td><td>3. razred<\/td><td>ME\u0110UNARODNA BIOLO\u0160KA OLIMPIJADA (International BiologyOlympiad&gt; IBO), Teheran, Iran, srpanj 2018.<\/td><td>1<\/td><\/tr><tr><td>2018.\/2019.<\/td><td>Darijan&nbsp;<\/td><td>Gudelj&nbsp;<\/td><td>1. mjesto<\/td><td>3. razred<\/td><td>Me\u0111unarodno natjecanje RoboCup Austrija Open 2019.<\/td><td>1<\/td><\/tr><tr><td>2018.\/2019.<\/td><td>Darijan&nbsp;<\/td><td>Gudelj&nbsp;<\/td><td>1. mjesto<\/td><td>3. razred<\/td><td>Me\u0111unarodno natjecanje RoboFinist Sankt Petersburg 2018.<\/td><td>1<\/td><\/tr><tr><td>2018.\/2019.<\/td><td>Antonio<\/td><td>Nikoli\u0107<\/td><td>1. mjesto<\/td><td>2. razred<\/td><td>Me\u0111unarodno natjecanje RoboFinist Sankt Petersburg 2018.<\/td><td>1<\/td><\/tr><tr><td>2018.\/2019.<\/td><td>Domagoj<\/td><td>Perkovi\u0107<\/td><td>Srebrna medalja<\/td><td>3. razred<\/td><td>49. ME\u0110UNARODNA FIZI\u010cKA OLIMPIJADA, Lisabon, Portugal, srpanj 2018.<\/td><td>1<\/td><\/tr><tr><td>2018.\/2019.<\/td><td>Barbara<\/td><td>Sumi\u0107<\/td><td>Srebrna medalja<\/td><td>3. razred<\/td><td>&nbsp;53. ME\u0110UNARODNA MENDELJEVA OLIMPIJADA (IMChO), St. Petersburg, Rusija, travanj 2019.<\/td><td>1<\/td><\/tr><tr><td>2017.\/2018.<\/td><td>Mirko<\/td><td>Armanda<\/td><td>Bron\u010dana medalja<\/td><td>1. razred<\/td><td>Me\u0111unarodna prirodoslovna olimpijada mladih, Arnhem&gt;Nijmegen, Nizozemska, 2. &#8211; 12. prosinca 2017.<\/td><td>1<\/td><\/tr><tr><td>2017.\/2018.<\/td><td>Mislav<\/td><td>Bari\u0107<\/td><td>Srebrna medalja<\/td><td>3. razred<\/td><td>PRIRODOSLOVNA OLIMPIJADA EUROPSKE UNIJE (EUSO) 2018., Ljubljana, 28. 4. &#8211; 5. 5. 2018. (ekipno)<\/td><td>1<\/td><\/tr><tr><td>2017.\/2018.<\/td><td>Antonio<\/td><td>Nikoli\u0107<\/td><td>2. mjesto<\/td><td>1. razred<\/td><td>Soccer Open &gt;RoboCup Austrija Open, travanj 2018.<\/td><td>1<\/td><\/tr><tr><td>2017.\/2018.<\/td><td>Domagoj<\/td><td>Perkovi\u0107<\/td><td>1. mjesto<\/td><td>3. razred<\/td><td>Dr\u017eavno natjecanje iz fizike<\/td><td>1<\/td><\/tr><tr><td>2017.\/2018.<\/td><td>Domagoj<\/td><td>Perkovi\u0107<\/td><td>Srebrna medalja<\/td><td>3. razred<\/td><td>48. Me\u0111unarodna fizi\u010dka olimpijada, srpanj 2017.<\/td><td>1<\/td><\/tr><tr><td>2017.\/2018.<\/td><td>Domagoj<\/td><td>Perkovi\u0107<\/td><td>Zlatna medalja<\/td><td>3. razred<\/td><td>2. Europska fizi\u010dka olimpijada, 28. svibnja \u2013 1. lipnja 2018.<\/td><td>1<\/td><\/tr><tr><td>2017.\/2018.<\/td><td>Barbara<\/td><td>Sumi\u0107<\/td><td>Srebrna medalja<\/td><td>2. razred<\/td><td>PRIRODOSLOVNA OLIMPIJADA EUROPSKE UNIJE (EUSO) 2018., Ljubljana, 28. 4. &#8211; 5. 5. 2018. (ekipno)<\/td><td>1<\/td><\/tr><tr><td>2016.\/2017.<\/td><td>Mislav<\/td><td>Bari\u0107<\/td><td>Srebrna medalja<\/td><td>2. razred<\/td><td>Prirodoslovna olimpijada Europske unije (EUSO)<\/td><td>1<\/td><\/tr><tr><td>2016.\/2017.<\/td><td>Luka&nbsp;<\/td><td>Buli\u0107 Bra\u010dulj&nbsp;<\/td><td>Bron\u010dana medalja<\/td><td>1. razred<\/td><td>Me\u0111unarodna prirodoslovna olimpijada mladih [International Junior Science Olympiad], Denpasar, Bali, prosinac 2016<\/td><td>1<\/td><\/tr><tr><td>2016.\/2017.<\/td><td>Luka&nbsp;<\/td><td>Buli\u0107 Bra\u010dulj&nbsp;<\/td><td>Zlatna medalja<\/td><td>1. razred<\/td><td>Prirodoslovna olimpijada Europske unije (EUSO)<\/td><td>1<\/td><\/tr><tr><td>2016.\/2017.<\/td><td>Darijan&nbsp;<\/td><td>Gudelj&nbsp;<\/td><td>Srebrna medalja<\/td><td>1. razred<\/td><td>Me\u0111unarodna prirodoslovna olimpijada mladih [International Junior Science Olympiad], Denpasar, Bali, prosinac 2016.<\/td><td>1<\/td><\/tr><tr><td>2016.\/2017.<\/td><td>Ivan&nbsp;<\/td><td>Jer\u010di\u0107&nbsp;<\/td><td>Bron\u010dana medalja<\/td><td>4. razred<\/td><td>Me\u0111unarodna fizi\u010dka olimpijada (IPHO), Zurich i Kne\u017eevina Lihten\u0161tajn, srpanj 2016.<\/td><td>1<\/td><\/tr><tr><td>2016.\/2017.<\/td><td>Domagoj<\/td><td>Perkovi\u0107&nbsp;<\/td><td>Srebrna medalja<\/td><td>2. razred<\/td><td>Prirodoslovna olimpijada Europske unije (EUSO)<\/td><td>1<\/td><\/tr><tr><td>2016.\/2017.<\/td><td>Barbara<\/td><td>Sumi\u0107<\/td><td>Bron\u010dana medalja<\/td><td>1. razred<\/td><td>Me\u0111unarodna prirodoslovna olimpijada mladih [International Junior Science Olympiad], Denpasar, Bali, prosinac 2016.<\/td><td>1<\/td><\/tr><\/tbody><\/table><\/figure>\n","protected":false},"excerpt":{"rendered":"<p>Oskari znanja OSKARI ZNANJA ZA DR\u017dAVNA I ME\u0110UNARODNA Na\u0161a \u0161kola mo\u017ee se pohvaliti nizom vi\u0161estruko nagra\u0111ivanih u\u010denika koji su svoje medalje osvajali na dr\u017eavnim i me\u0111unarodnim natjecanjima, a najbolji me\u0111u njima osvojili su i vi\u0161e Oskara znanja. U tablici mo\u017eete vidjeti popis u\u010denika koji su nagra\u0111eni Oskarima u zadnje \u010detiri \u0161kolske godine. \u0160k.godina Ime Prezime&hellip;<\/p>\n","protected":false},"author":1,"featured_media":0,"parent":60,"menu_order":0,"comment_status":"closed","ping_status":"closed","template":"","meta":{"footnotes":""},"class_list":["post-1872","page","type-page","status-publish","hentry"],"_links":{"self":[{"href":"https:\/\/trema.hr\/index.php?rest_route=\/wp\/v2\/pages\/1872","targetHints":{"allow":["GET"]}}],"collection":[{"href":"https:\/\/trema.hr\/index.php?rest_route=\/wp\/v2\/pages"}],"about":[{"href":"https:\/\/trema.hr\/index.php?rest_route=\/wp\/v2\/types\/page"}],"author":[{"embeddable":true,"href":"https:\/\/trema.hr\/index.php?rest_route=\/wp\/v2\/users\/1"}],"replies":[{"embeddable":true,"href":"https:\/\/trema.hr\/index.php?rest_route=%2Fwp%2Fv2%2Fcomments&post=1872"}],"version-history":[{"count":5,"href":"https:\/\/trema.hr\/index.php?rest_route=\/wp\/v2\/pages\/1872\/revisions"}],"predecessor-version":[{"id":8400,"href":"https:\/\/trema.hr\/index.php?rest_route=\/wp\/v2\/pages\/1872\/revisions\/8400"}],"up":[{"embeddable":true,"href":"https:\/\/trema.hr\/index.php?rest_route=\/wp\/v2\/pages\/60"}],"wp:attachment":[{"href":"https:\/\/trema.hr\/index.php?rest_route=%2Fwp%2Fv2%2Fmedia&parent=1872"}],"curies":[{"name":"wp","href":"https:\/\/api.w.org\/{rel}","templated":true}]}}