{"id":1812,"date":"2020-05-01T12:04:21","date_gmt":"2020-05-01T10:04:21","guid":{"rendered":"https:\/\/trema.hr\/?page_id=1812"},"modified":"2020-05-01T12:13:05","modified_gmt":"2020-05-01T10:13:05","slug":"o-nama","status":"publish","type":"page","link":"https:\/\/trema.hr\/?page_id=1812","title":{"rendered":"O nama"},"content":{"rendered":"<p>Tre\u0107a gimanzija, Split \u0161kola je koja ve\u0107 neko vrijeme nosi epitet jedne od najboljih gimnazija u Republici Hrvatskoj. Na\u0161a \u0161kola, popularno zvana MIOC, je gimnazija prirodoslovno-matemati\u010dkog smjera. Tradicionalno odr\u017eavamo visoku razinu rada, a na\u0161i u\u010denici osvajaju brojne nagrade na dr\u017eavnim natjecanjima i me\u0111unarodnim olimpijadama. Protekla godina bila je izuzetno uspje\u0161na. S ponosom isti\u010demo da su na\u0161i u\u010denici ovjen\u010dani pohvalama i medaljama s me\u0111unarodnih natjecanja i olimpijada iz kemije, matematike, fizike, prirodoslovlja i robotike.<\/p>\n<p>Premda je u sredi\u0161tu na\u0161eg rada prirodoslovno-matemati\u010dka znanost, velikih uspjeha imamo i u natjecanjima iz dru\u0161tvenih i humanisti\u010dkih predmeta, a ostvarujemo i zapa\u017eene sportske rezultate. Sudjelovanjem u brojnim projektima (Erasmus+, eTwinning), \u0161irimo poznanstva i znanja u\u010denika te razvijamo njihovu ma\u0161tu i umjetni\u010dko izra\u017eavanje. Programski sadr\u017eaji prilago\u0111avaju se u\u010denicima tako da oni svoje interese mogu iskazati ne samo poha\u0111anjem dodatne nastave. Naime, raznovrsne grupe koje \u0161kola nudi prilika su za dodatna upoznavanja, dru\u017eenja, ali i u\u010denja. Inzistiramo na visokim odgojnim standardima, stoga ne zanemarujemo ni volonterski rad. Rado se odazovemo i pridru\u017eujemo brojnim humanitarnim akcijama.<\/p>\n<p>Po rezultatima dr\u017eavne mature, jedna smo od najboljih \u0161kola u Hrvatskoj. Pro\u0161lu \u0161kolsku godinu na\u0161li smo se na izvrsnom tre\u0107em mjestu, prema broju najuspje\u0161nijih u\u010denika na dr\u017eavnoj maturi. Nagrada Solja\u010di\u0107 za ostvareni najbolji rezultat na maturi iz matematike i fizike pripala je ve\u0107 drugi put zaredom u\u010denici na\u0161e \u0161kole.<\/p>\n<p>Izdvojeni smo me\u0111u deset srednjih \u0161kola \u010diji su u\u010denici gimnazijskog programa na maturi 2018. godine ostvarili najvi\u0161u prosje\u010dnu ocjenu u RH. Rezultati dr\u017eavne mature iz obaveznih predmeta A razine: Hrvatski jezik &#8211; 1. mjesto (prosje\u010dna ocjena 4.16), Matematika &#8211; 2. mjesto (prosje\u010dna ocjena 4.07) i Engleski jezik &#8211; 5. mjesto (prosje\u010dna ocjena 4.44).<\/p>\n<p>Poznata je \u010dinjenica da se maturanti ove gimnazije uspje\u0161no upisuju na najpresti\u017enije fakultete u Hrvatskoj i inozemstvu. Ve\u0107 dugi niz godina, za izuzetna postignu\u0107a u radu s u\u010denicima, dobivamo presti\u017ena priznanja od zagreba\u010dkog FER-a i splitskog FESB-a. \u00a0Radujemo se uspjesima na\u0161ih \u0111aka. Vjerujemo da \u0107ete i vi postati dio na\u0161e pri\u010de.<\/p>\n","protected":false},"excerpt":{"rendered":"<p>Na\u0161a \u0161kola, popularno zvana MIOC ve\u0107 neko vrijeme nosi epitet jedne od najboljih gimnazija u Republici Hrvatskoj. Protekla godina bila je izuzetno uspje\u0161na.<\/p>\n","protected":false},"author":1,"featured_media":0,"parent":60,"menu_order":0,"comment_status":"closed","ping_status":"closed","template":"","meta":{"footnotes":""},"class_list":["post-1812","page","type-page","status-publish","hentry"],"_links":{"self":[{"href":"https:\/\/trema.hr\/index.php?rest_route=\/wp\/v2\/pages\/1812","targetHints":{"allow":["GET"]}}],"collection":[{"href":"https:\/\/trema.hr\/index.php?rest_route=\/wp\/v2\/pages"}],"about":[{"href":"https:\/\/trema.hr\/index.php?rest_route=\/wp\/v2\/types\/page"}],"author":[{"embeddable":true,"href":"https:\/\/trema.hr\/index.php?rest_route=\/wp\/v2\/users\/1"}],"replies":[{"embeddable":true,"href":"https:\/\/trema.hr\/index.php?rest_route=%2Fwp%2Fv2%2Fcomments&post=1812"}],"version-history":[{"count":0,"href":"https:\/\/trema.hr\/index.php?rest_route=\/wp\/v2\/pages\/1812\/revisions"}],"up":[{"embeddable":true,"href":"https:\/\/trema.hr\/index.php?rest_route=\/wp\/v2\/pages\/60"}],"wp:attachment":[{"href":"https:\/\/trema.hr\/index.php?rest_route=%2Fwp%2Fv2%2Fmedia&parent=1812"}],"curies":[{"name":"wp","href":"https:\/\/api.w.org\/{rel}","templated":true}]}}