{"id":1476,"date":"2020-04-29T09:59:20","date_gmt":"2020-04-29T07:59:20","guid":{"rendered":"https:\/\/trema.hr\/?page_id=1476"},"modified":"2021-04-12T15:23:29","modified_gmt":"2021-04-12T13:23:29","slug":"prikupljanje-novcane-pomoci-caritasu-grada-knina","status":"publish","type":"page","link":"https:\/\/trema.hr\/?page_id=1476","title":{"rendered":"Prikupljanje nov\u010dane pomo\u0107i Caritasu grada Knina"},"content":{"rendered":"<p>Prikupljena nov\u010dana sredstva upla\u0107uju se na ra\u010dun Caritasa.<\/p>\n\n<section class=\"gutentor-section gutentor-blog-post-wrapper blog-template1 wp-block-gutentor-blog-post\" id=\"section-a10e78a6-d040-4e36-8bcf-9f9a6fe8a75a\" >\n<div class='grid-container'><div class=\"gutentor-block-header\"><div class=\"gutentor-section-title enable-title-design seperator-bottom text-center \"  >\n<h2 class=\"gutentor-title\">\n<\/h2>\n<\/div>\n<\/div><div class='gutentor-grid-item-wrap '  ><div class='grid-row ' ><article class='gutentor-post-no-thumb  grid-lg-12 grid-md-4 grid-12 blog-grid'><div class=\"gutentor-single-item\"><div class=\"gutentor-single-item-image-box\"><\/div><div class=\"gutentor-post-content\"><h3 class=\"gutentor-single-item-title\"><a href=\"https:\/\/trema.hr\/?p=9677\" rel=\"bookmark\">GRADSKO NATJECANJE CRVENOG KRI\u017dA<\/a><\/h3><div class=\"entry-meta\"><div class=\"posted-on\"><i class=\"far fa-calendar-alt\"><\/i><a href=\"https:\/\/trema.hr\/?p=9677\" rel=\"bookmark\">18 o\u017eujka, 2026<\/a><\/div><div class=\"author vcard\"><i class=\"far fa-user\"><\/i><a href=\"https:\/\/trema.hr\/?p=9677\" rel=\"bookmark\">administrator<\/a><\/div><div class=\"cat-links\"><i class=\"fas fa-tags\"><\/i><a href=\"https:\/\/trema.hr\/?cat=46\" rel=\"category\">Akcije Crvenog kriza<\/a>, <a href=\"https:\/\/trema.hr\/?cat=94\" rel=\"category\">Vi\u0161e o natjecanjima<\/a><\/div><\/div><div class=\"gutentor-post-excerpt gutentor-single-item-desc\"><p class='gutentor-single-item-desc'>Gradsko natjecanje mladih Crvenog kri\u017ea odr\u017ealo se 14. o\u017eujka 2026. godine udvorani O\u0160 Ravne njive \u2013&hellip;<\/p><\/div><a class=\"gutentor-button gutentor-single-item-button gutentor-icon-hide\"  href=\"https:\/\/trema.hr\/?p=9677\" href=\"https:\/\/trema.hr\/?p=9677\"><i class=\"gutentor-button-icon fas fa-book\" ><\/i><span>Read More<\/span><\/a><\/div><\/div><\/article><article class='gutentor-post-no-thumb  grid-lg-12 grid-md-4 grid-12 blog-grid'><div class=\"gutentor-single-item\"><div class=\"gutentor-single-item-image-box\"><\/div><div class=\"gutentor-post-content\"><h3 class=\"gutentor-single-item-title\"><a href=\"https:\/\/trema.hr\/?p=9338\" rel=\"bookmark\">Slatko i veselo Do\u0161a\u0161\u0107e uz goste iz Centra Slava Ra\u0161kaj<\/a><\/h3><div class=\"entry-meta\"><div class=\"posted-on\"><i class=\"far fa-calendar-alt\"><\/i><a href=\"https:\/\/trema.hr\/?p=9338\" rel=\"bookmark\">11 prosinca, 2025<\/a><\/div><div class=\"author vcard\"><i class=\"far fa-user\"><\/i><a href=\"https:\/\/trema.hr\/?p=9338\" rel=\"bookmark\">administrator<\/a><\/div><div class=\"cat-links\"><i class=\"fas fa-tags\"><\/i><a href=\"https:\/\/trema.hr\/?cat=62\" rel=\"category\">Humanitarne aktivnosti<\/a><\/div><\/div><div class=\"gutentor-post-excerpt gutentor-single-item-desc\"><p class='gutentor-single-item-desc'>Danas su nas posjetili na\u0161i prijatelji iz Centra Slava Ra\u0161kaj. Uz tradicionalno dru\u017eenje u Do\u0161a\u0161\u0107u, &hellip;<\/p><\/div><a class=\"gutentor-button gutentor-single-item-button gutentor-icon-hide\"  href=\"https:\/\/trema.hr\/?p=9338\" href=\"https:\/\/trema.hr\/?p=9338\"><i class=\"gutentor-button-icon fas fa-book\" ><\/i><span>Read More<\/span><\/a><\/div><\/div><\/article><article class='gutentor-post-no-thumb  grid-lg-12 grid-md-4 grid-12 blog-grid'><div class=\"gutentor-single-item\"><div class=\"gutentor-single-item-image-box\"><\/div><div class=\"gutentor-post-content\"><h3 class=\"gutentor-single-item-title\"><a href=\"https:\/\/trema.hr\/?p=9148\" rel=\"bookmark\">Mladi koji mijenjaju svijet: na\u0161i u\u010denici u akciji \u201e72 sata bez kompromisa\u201c<\/a><\/h3><div class=\"entry-meta\"><div class=\"posted-on\"><i class=\"far fa-calendar-alt\"><\/i><a href=\"https:\/\/trema.hr\/?p=9148\" rel=\"bookmark\">4 studenoga, 2025<\/a><\/div><div class=\"author vcard\"><i class=\"far fa-user\"><\/i><a href=\"https:\/\/trema.hr\/?p=9148\" rel=\"bookmark\">administrator<\/a><\/div><div class=\"cat-links\"><i class=\"fas fa-tags\"><\/i><a href=\"https:\/\/trema.hr\/?cat=62\" rel=\"category\">Humanitarne aktivnosti<\/a><\/div><\/div><div class=\"gutentor-post-excerpt gutentor-single-item-desc\"><p class='gutentor-single-item-desc'>I ove godine na\u0161i su u\u010denici-volonteri, pod vodstvom profesorice Ane Gelo, sudjelovali u nacionalnom&hellip;<\/p><\/div><a class=\"gutentor-button gutentor-single-item-button gutentor-icon-hide\"  href=\"https:\/\/trema.hr\/?p=9148\" href=\"https:\/\/trema.hr\/?p=9148\"><i class=\"gutentor-button-icon fas fa-book\" ><\/i><span>Read More<\/span><\/a><\/div><\/div><\/article><article class='gutentor-post-no-thumb  grid-lg-12 grid-md-4 grid-12 blog-grid'><div class=\"gutentor-single-item\"><div class=\"gutentor-single-item-image-box\"><\/div><div class=\"gutentor-post-content\"><h3 class=\"gutentor-single-item-title\"><a href=\"https:\/\/trema.hr\/?p=8961\" rel=\"bookmark\">Obilje\u017eavanje 10 godina kuhanja za besku\u0107nike u MIOC-u<\/a><\/h3><div class=\"entry-meta\"><div class=\"posted-on\"><i class=\"far fa-calendar-alt\"><\/i><a href=\"https:\/\/trema.hr\/?p=8961\" rel=\"bookmark\">27 listopada, 2025<\/a><\/div><div class=\"author vcard\"><i class=\"far fa-user\"><\/i><a href=\"https:\/\/trema.hr\/?p=8961\" rel=\"bookmark\">administrator<\/a><\/div><div class=\"cat-links\"><i class=\"fas fa-tags\"><\/i><a href=\"https:\/\/trema.hr\/?cat=62\" rel=\"category\">Humanitarne aktivnosti<\/a>, <a href=\"https:\/\/trema.hr\/?cat=20\" rel=\"category\">Obavijesti<\/a><\/div><\/div><div class=\"gutentor-post-excerpt gutentor-single-item-desc\"><p class='gutentor-single-item-desc'>U petak, 24. listopada 2025., obilje\u017eili smo deset godina kuhanja za besku\u0107nike te dvadeset godina p&hellip;<\/p><\/div><a class=\"gutentor-button gutentor-single-item-button gutentor-icon-hide\"  href=\"https:\/\/trema.hr\/?p=8961\" href=\"https:\/\/trema.hr\/?p=8961\"><i class=\"gutentor-button-icon fas fa-book\" ><\/i><span>Read More<\/span><\/a><\/div><\/div><\/article><article class='gutentor-post-no-thumb  grid-lg-12 grid-md-4 grid-12 blog-grid'><div class=\"gutentor-single-item\"><div class=\"gutentor-single-item-image-box\"><\/div><div class=\"gutentor-post-content\"><h3 class=\"gutentor-single-item-title\"><a href=\"https:\/\/trema.hr\/?p=8825\" rel=\"bookmark\">Dani kruha i zahvalnosti za plodove zemlje<\/a><\/h3><div class=\"entry-meta\"><div class=\"posted-on\"><i class=\"far fa-calendar-alt\"><\/i><a href=\"https:\/\/trema.hr\/?p=8825\" rel=\"bookmark\">16 listopada, 2025<\/a><\/div><div class=\"author vcard\"><i class=\"far fa-user\"><\/i><a href=\"https:\/\/trema.hr\/?p=8825\" rel=\"bookmark\">administrator<\/a><\/div><div class=\"cat-links\"><i class=\"fas fa-tags\"><\/i><a href=\"https:\/\/trema.hr\/?cat=62\" rel=\"category\">Humanitarne aktivnosti<\/a>, <a href=\"https:\/\/trema.hr\/?cat=20\" rel=\"category\">Obavijesti<\/a><\/div><\/div><div class=\"gutentor-post-excerpt gutentor-single-item-desc\"><p class='gutentor-single-item-desc'>Zahvaljujemo roditeljima i u\u010denicima na podr\u0161ci.&hellip;<\/p><\/div><a class=\"gutentor-button gutentor-single-item-button gutentor-icon-hide\"  href=\"https:\/\/trema.hr\/?p=8825\" href=\"https:\/\/trema.hr\/?p=8825\"><i class=\"gutentor-button-icon fas fa-book\" ><\/i><span>Read More<\/span><\/a><\/div><\/div><\/article><article class='gutentor-post-no-thumb  grid-lg-12 grid-md-4 grid-12 blog-grid'><div class=\"gutentor-single-item\"><div class=\"gutentor-single-item-image-box\"><\/div><div class=\"gutentor-post-content\"><h3 class=\"gutentor-single-item-title\"><a href=\"https:\/\/trema.hr\/?p=8812\" rel=\"bookmark\">48. Boranka, Lozovac 11. 10. 2025.<\/a><\/h3><div class=\"entry-meta\"><div class=\"posted-on\"><i class=\"far fa-calendar-alt\"><\/i><a href=\"https:\/\/trema.hr\/?p=8812\" rel=\"bookmark\">15 listopada, 2025<\/a><\/div><div class=\"author vcard\"><i class=\"far fa-user\"><\/i><a href=\"https:\/\/trema.hr\/?p=8812\" rel=\"bookmark\">administrator<\/a><\/div><div class=\"cat-links\"><i class=\"fas fa-tags\"><\/i><a href=\"https:\/\/trema.hr\/?cat=72\" rel=\"category\">Boranka<\/a>, <a href=\"https:\/\/trema.hr\/?cat=20\" rel=\"category\">Obavijesti<\/a><\/div><\/div><div class=\"gutentor-post-excerpt gutentor-single-item-desc\"><p class='gutentor-single-item-desc'>U\u010denici na\u0161e \u0161kole jo\u0161 jednom su pokazali koliko im je stalo do prirode i zajedni\u0161tva. Ovoga puta su&hellip;<\/p><\/div><a class=\"gutentor-button gutentor-single-item-button gutentor-icon-hide\"  href=\"https:\/\/trema.hr\/?p=8812\" href=\"https:\/\/trema.hr\/?p=8812\"><i class=\"gutentor-button-icon fas fa-book\" ><\/i><span>Read More<\/span><\/a><\/div><\/div><\/article><\/div><\/div><\/div><\/section>","protected":false},"excerpt":{"rendered":"<p>Prikupljena nov\u010dana sredstva upla\u0107uju se na ra\u010dun Caritasa.<\/p>\n","protected":false},"author":1,"featured_media":0,"parent":0,"menu_order":0,"comment_status":"closed","ping_status":"closed","template":"","meta":{"footnotes":""},"class_list":["post-1476","page","type-page","status-publish","hentry"],"_links":{"self":[{"href":"https:\/\/trema.hr\/index.php?rest_route=\/wp\/v2\/pages\/1476","targetHints":{"allow":["GET"]}}],"collection":[{"href":"https:\/\/trema.hr\/index.php?rest_route=\/wp\/v2\/pages"}],"about":[{"href":"https:\/\/trema.hr\/index.php?rest_route=\/wp\/v2\/types\/page"}],"author":[{"embeddable":true,"href":"https:\/\/trema.hr\/index.php?rest_route=\/wp\/v2\/users\/1"}],"replies":[{"embeddable":true,"href":"https:\/\/trema.hr\/index.php?rest_route=%2Fwp%2Fv2%2Fcomments&post=1476"}],"version-history":[{"count":0,"href":"https:\/\/trema.hr\/index.php?rest_route=\/wp\/v2\/pages\/1476\/revisions"}],"wp:attachment":[{"href":"https:\/\/trema.hr\/index.php?rest_route=%2Fwp%2Fv2%2Fmedia&parent=1476"}],"curies":[{"name":"wp","href":"https:\/\/api.w.org\/{rel}","templated":true}]}}