{"id":1465,"date":"2020-04-29T09:34:48","date_gmt":"2020-04-29T07:34:48","guid":{"rendered":"https:\/\/trema.hr\/?page_id=1465"},"modified":"2020-05-12T17:32:31","modified_gmt":"2020-05-12T15:32:31","slug":"humanitarna-marenda-za-sticenike-centra-slava-raskaj","status":"publish","type":"page","link":"https:\/\/trema.hr\/?page_id=1465","title":{"rendered":"Humanitarna marenda za \u0161ti\u0107enike centra Slava Ra\u0161kaj"},"content":{"rendered":"<p>U blagdansko vrijeme u posjet nam dolaze na\u0161i prijatelji, \u0161ti\u0107enici centra Slava Ra\u0161kaj. Organiziramo marende u\u010denicima na\u0161e \u0161kole koju su pripremili profesori. Prikupljena nov\u010dana sredstva doniraju se centru Slava Ra\u0161kaj.<\/p>\n<p>&nbsp;<\/p>\n\n\n<section id=\"section-c39f90e9-0a18-46fb-959a-db4ff6f6ff7e\" class=\"wp-block-gutentor-gallery gutentor-section gutentor-gallery gutentor-gallery-wrapper enable-masonry gallery-template1\"><div class=\"grid-container\"><div class=\"gutentor-block-header\"><div class=\"gutentor-section-title enable-title-design seperator-bottom text-center\"><h2 class=\"gutentor-title\"><\/h2><\/div><\/div><div class=\"grid-row gutentor-grid-item-wrap full-width-row\"><div class=\"gutentor-gallery-item grid-lg-4 grid-md-4 grid-12\"><div class=\"gutentor-single-item gutentor-image gutentor-single-item-0\"><div class=\"gutentor-gallery-item-wrap\"><div class=\"gutentor-single-item-image-box\"><div class=\"gutentor-image-thumb\"><img decoding=\"async\" class=\"normal-image\" src=\"https:\/\/trema.hr\/wp-content\/uploads\/2020\/05\/z8-e1589296298796.jpg\" alt=\"\"\/><\/div><\/div><div class=\"gutentor-single-item-content\"><div class=\"gutentor-gallery-item-header\"><h3 class=\"gutentor-single-item-title\"><\/h3><a href=\"https:\/\/trema.hr\/wp-content\/uploads\/2020\/05\/z8-e1589296298796.jpg\" class=\"image-gallery\"><i class=\"gallery-icon fas fa-search\"><\/i><\/a><\/div><div class=\"gutentor-gallery-item-desc\"><p class=\"gutentor-single-item-desc\"><\/p><\/div><\/div><\/div><\/div><\/div><\/div><\/div><\/section>\n","protected":false},"excerpt":{"rendered":"<p>U blagdansko vrijeme u posjet nam dolaze na\u0161i prijatelji, \u0161ti\u0107enici centra Slava Ra\u0161kaj. Organiziramo marende u\u010denicima na\u0161e \u0161kole koju su pripremili profesori. Prikupljena nov\u010dana sredstva doniraju se centru Slava Ra\u0161kaj. &nbsp;<\/p>\n","protected":false},"author":1,"featured_media":1466,"parent":0,"menu_order":0,"comment_status":"closed","ping_status":"closed","template":"","meta":{"footnotes":""},"class_list":["post-1465","page","type-page","status-publish","has-post-thumbnail","hentry"],"_links":{"self":[{"href":"https:\/\/trema.hr\/index.php?rest_route=\/wp\/v2\/pages\/1465","targetHints":{"allow":["GET"]}}],"collection":[{"href":"https:\/\/trema.hr\/index.php?rest_route=\/wp\/v2\/pages"}],"about":[{"href":"https:\/\/trema.hr\/index.php?rest_route=\/wp\/v2\/types\/page"}],"author":[{"embeddable":true,"href":"https:\/\/trema.hr\/index.php?rest_route=\/wp\/v2\/users\/1"}],"replies":[{"embeddable":true,"href":"https:\/\/trema.hr\/index.php?rest_route=%2Fwp%2Fv2%2Fcomments&post=1465"}],"version-history":[{"count":0,"href":"https:\/\/trema.hr\/index.php?rest_route=\/wp\/v2\/pages\/1465\/revisions"}],"wp:featuredmedia":[{"embeddable":true,"href":"https:\/\/trema.hr\/index.php?rest_route=\/wp\/v2\/media\/1466"}],"wp:attachment":[{"href":"https:\/\/trema.hr\/index.php?rest_route=%2Fwp%2Fv2%2Fmedia&parent=1465"}],"curies":[{"name":"wp","href":"https:\/\/api.w.org\/{rel}","templated":true}]}}