{"id":1446,"date":"2020-04-29T07:15:19","date_gmt":"2020-04-29T05:15:19","guid":{"rendered":"https:\/\/trema.hr\/?page_id=1446"},"modified":"2021-10-05T09:42:44","modified_gmt":"2021-10-05T07:42:44","slug":"projekt-bus-znanja","status":"publish","type":"page","link":"https:\/\/trema.hr\/?page_id=1446","title":{"rendered":"Projekt &#8220;Bus znanja&#8221;"},"content":{"rendered":"<p>Projekt &#8216;Bus znanja&#8217; zapo\u010deo je u rujnu pro\u0161le godine i traje cijelu \u0161kolsku godinu 2019.\/2020. Osmislile su ga profesorice matematike II. gimnazije iz Splita, III. gimnazije iz Splita i Srednje \u0161kole Ivana Me\u0161trovi\u0107a Drni\u0161, a provode ga u\u010denici tih \u0161kola.&nbsp;<\/p>\n<p>Pokreta\u010dka motivacija cijelog projekta le\u017ei u ideji da nikada nije kasno nau\u010diti i saznati ne\u0161to novo te da te nove spoznaje mo\u017eemo ste\u0107i i u najobi\u010dnijoj svakodnevnoj \u017eivotnoj situaciji kao \u0161to je vo\u017enja autobusom. Naime, u\u010denici ovih \u0161kola odlu\u010dili su svojim sugra\u0111anima (a i \u0161ire, jer se radi o autobusnim linijama koje voze od Trogira do Omi\u0161a) pokazati aktualnost matematike u svakodnevnom \u017eivotu i to izra\u0111uju\u0107i plakate zanimljivih tema, a ti se plakati onda voze u Prometovim autobusima na oglasnom prostoru.<\/p>\n<p>Osim \u0161to sami odabiru zanimljive i pou\u010dne teme, u\u010denici potpuno samostalno, bez uplitanja mentora, osmi\u0161ljavaju plakate, a posebno su kreativni prilikom zavr\u0161nog grafi\u010dkog oblikovanja. U grupnom radu razvijaju &nbsp;i timski duh, povezuju znanja iz razli\u010ditih predmeta te su puni ideja koje onda na svima razumljiv na\u010din, ali ne oduzimaju\u0107i na preciznosti, izra\u017eavaju na svojim plakatima.&nbsp;<\/p>\n<p>Evo nekoliko njihovih radova\u2026.<\/p>\n\n\n<section id=\"section-2405332b-92bd-451d-9bfa-8b49778fbb5d\" class=\"wp-block-gutentor-gallery gutentor-section gutentor-gallery gutentor-gallery-wrapper enable-masonry gallery-template1\"><div class=\"grid-container\"><div class=\"gutentor-block-header\"><div class=\"gutentor-section-title enable-title-design seperator-bottom text-center\"><h2 class=\"gutentor-title\">Plakati<\/h2><\/div><\/div><div class=\"grid-row gutentor-grid-item-wrap full-width-row\"><div class=\"gutentor-gallery-item grid-lg-4 grid-md-4 grid-12\"><div class=\"gutentor-single-item gutentor-image gutentor-single-item-0\"><div class=\"gutentor-gallery-item-wrap\"><div class=\"gutentor-single-item-image-box\"><div class=\"gutentor-image-thumb\"><img decoding=\"async\" class=\"normal-image\" src=\"https:\/\/trema.hr\/wp-content\/uploads\/2020\/05\/Pb10.png\" alt=\"\"\/><\/div><\/div><div class=\"gutentor-single-item-content\"><div class=\"gutentor-gallery-item-header\"><h3 class=\"gutentor-single-item-title\">Plakat<\/h3><a href=\"https:\/\/trema.hr\/wp-content\/uploads\/2020\/05\/Pb10.png\" class=\"image-gallery\"><i class=\"gallery-icon fas fa-search\"><\/i><\/a><\/div><div class=\"gutentor-gallery-item-desc\"><p class=\"gutentor-single-item-desc\">Obujam nepravilnog tijela<\/p><\/div><\/div><\/div><\/div><\/div><div class=\"gutentor-gallery-item grid-lg-4 grid-md-4 grid-12\"><div class=\"gutentor-single-item gutentor-image gutentor-single-item-1\"><div class=\"gutentor-gallery-item-wrap\"><div class=\"gutentor-single-item-image-box\"><div class=\"gutentor-image-thumb\"><img decoding=\"async\" class=\"normal-image\" src=\"https:\/\/trema.hr\/wp-content\/uploads\/2020\/05\/Pb9.png\" alt=\"\"\/><\/div><\/div><div class=\"gutentor-single-item-content\"><div class=\"gutentor-gallery-item-header\"><h3 class=\"gutentor-single-item-title\">Plakat<\/h3><a href=\"https:\/\/trema.hr\/wp-content\/uploads\/2020\/05\/Pb9.png\" class=\"image-gallery\"><i class=\"gallery-icon fas fa-search\"><\/i><\/a><\/div><div class=\"gutentor-gallery-item-desc\"><p class=\"gutentor-single-item-desc\">Matemati\u010dki instrumenti<\/p><\/div><\/div><\/div><\/div><\/div><div class=\"gutentor-gallery-item grid-lg-4 grid-md-4 grid-12\"><div class=\"gutentor-single-item gutentor-image gutentor-single-item-2\"><div class=\"gutentor-gallery-item-wrap\"><div class=\"gutentor-single-item-image-box\"><div class=\"gutentor-image-thumb\"><img decoding=\"async\" class=\"normal-image\" src=\"https:\/\/trema.hr\/wp-content\/uploads\/2020\/05\/Pb8.png\" alt=\"\"\/><\/div><\/div><div class=\"gutentor-single-item-content\"><div class=\"gutentor-gallery-item-header\"><h3 class=\"gutentor-single-item-title\">Plakat<\/h3><a href=\"https:\/\/trema.hr\/wp-content\/uploads\/2020\/05\/Pb8.png\" class=\"image-gallery\"><i class=\"gallery-icon fas fa-search\"><\/i><\/a><\/div><div class=\"gutentor-gallery-item-desc\"><p class=\"gutentor-single-item-desc\">Kako je Tales izmjerio visinu piramide<\/p><\/div><\/div><\/div><\/div><\/div><div class=\"gutentor-gallery-item grid-lg-4 grid-md-4 grid-12\"><div class=\"gutentor-single-item gutentor-image gutentor-single-item-3\"><div class=\"gutentor-gallery-item-wrap\"><div class=\"gutentor-single-item-image-box\"><div class=\"gutentor-image-thumb\"><img decoding=\"async\" class=\"normal-image\" src=\"https:\/\/trema.hr\/wp-content\/uploads\/2020\/05\/Pb7.png\" alt=\"\"\/><\/div><\/div><div class=\"gutentor-single-item-content\"><div class=\"gutentor-gallery-item-header\"><h3 class=\"gutentor-single-item-title\">Plakat<\/h3><a href=\"https:\/\/trema.hr\/wp-content\/uploads\/2020\/05\/Pb7.png\" class=\"image-gallery\"><i class=\"gallery-icon fas fa-search\"><\/i><\/a><\/div><div class=\"gutentor-gallery-item-desc\"><p class=\"gutentor-single-item-desc\">Mobiusova traka<\/p><\/div><\/div><\/div><\/div><\/div><div class=\"gutentor-gallery-item grid-lg-4 grid-md-4 grid-12\"><div class=\"gutentor-single-item gutentor-image gutentor-single-item-4\"><div class=\"gutentor-gallery-item-wrap\"><div class=\"gutentor-single-item-image-box\"><div class=\"gutentor-image-thumb\"><img decoding=\"async\" class=\"normal-image\" src=\"https:\/\/trema.hr\/wp-content\/uploads\/2020\/05\/Pb6.png\" alt=\"\"\/><\/div><\/div><div class=\"gutentor-single-item-content\"><div class=\"gutentor-gallery-item-header\"><h3 class=\"gutentor-single-item-title\">Plakat<\/h3><a href=\"https:\/\/trema.hr\/wp-content\/uploads\/2020\/05\/Pb6.png\" class=\"image-gallery\"><i class=\"gallery-icon fas fa-search\"><\/i><\/a><\/div><div class=\"gutentor-gallery-item-desc\"><p class=\"gutentor-single-item-desc\">Emocionalna matematike<\/p><\/div><\/div><\/div><\/div><\/div><div class=\"gutentor-gallery-item grid-lg-4 grid-md-4 grid-12\"><div class=\"gutentor-single-item gutentor-image gutentor-single-item-5\"><div class=\"gutentor-gallery-item-wrap\"><div class=\"gutentor-single-item-image-box\"><div class=\"gutentor-image-thumb\"><img decoding=\"async\" class=\"normal-image\" src=\"https:\/\/trema.hr\/wp-content\/uploads\/2020\/05\/Pb5.png\" alt=\"\"\/><\/div><\/div><div class=\"gutentor-single-item-content\"><div class=\"gutentor-gallery-item-header\"><h3 class=\"gutentor-single-item-title\">Plakat<\/h3><a href=\"https:\/\/trema.hr\/wp-content\/uploads\/2020\/05\/Pb5.png\" class=\"image-gallery\"><i class=\"gallery-icon fas fa-search\"><\/i><\/a><\/div><div class=\"gutentor-gallery-item-desc\"><p class=\"gutentor-single-item-desc\">Vrijedni matemati\u010dari<\/p><\/div><\/div><\/div><\/div><\/div><div class=\"gutentor-gallery-item grid-lg-4 grid-md-4 grid-12\"><div class=\"gutentor-single-item gutentor-image gutentor-single-item-6\"><div class=\"gutentor-gallery-item-wrap\"><div class=\"gutentor-single-item-image-box\"><div class=\"gutentor-image-thumb\"><img decoding=\"async\" class=\"normal-image\" src=\"https:\/\/trema.hr\/wp-content\/uploads\/2020\/05\/Pb4.png\" alt=\"\"\/><\/div><\/div><div class=\"gutentor-single-item-content\"><div class=\"gutentor-gallery-item-header\"><h3 class=\"gutentor-single-item-title\">Plakat<\/h3><a href=\"https:\/\/trema.hr\/wp-content\/uploads\/2020\/05\/Pb4.png\" class=\"image-gallery\"><i class=\"gallery-icon fas fa-search\"><\/i><\/a><\/div><div class=\"gutentor-gallery-item-desc\"><p class=\"gutentor-single-item-desc\">Loto<\/p><\/div><\/div><\/div><\/div><\/div><div class=\"gutentor-gallery-item grid-lg-4 grid-md-4 grid-12\"><div class=\"gutentor-single-item gutentor-image gutentor-single-item-7\"><div class=\"gutentor-gallery-item-wrap\"><div class=\"gutentor-single-item-image-box\"><div class=\"gutentor-image-thumb\"><img decoding=\"async\" class=\"normal-image\" src=\"https:\/\/trema.hr\/wp-content\/uploads\/2020\/05\/Pb3-scaled.gif\" alt=\"\"\/><\/div><\/div><div class=\"gutentor-single-item-content\"><div class=\"gutentor-gallery-item-header\"><h3 class=\"gutentor-single-item-title\">Plakat<\/h3><a href=\"https:\/\/trema.hr\/wp-content\/uploads\/2020\/05\/Pb3-scaled.gif\" class=\"image-gallery\"><i class=\"gallery-icon fas fa-search\"><\/i><\/a><\/div><div class=\"gutentor-gallery-item-desc\"><p class=\"gutentor-single-item-desc\">Postotak<\/p><\/div><\/div><\/div><\/div><\/div><div class=\"gutentor-gallery-item grid-lg-4 grid-md-4 grid-12\"><div class=\"gutentor-single-item gutentor-image gutentor-single-item-8\"><div class=\"gutentor-gallery-item-wrap\"><div class=\"gutentor-single-item-image-box\"><div class=\"gutentor-image-thumb\"><img decoding=\"async\" class=\"normal-image\" src=\"https:\/\/trema.hr\/wp-content\/uploads\/2020\/05\/Pb2.jpg\" alt=\"\"\/><\/div><\/div><div class=\"gutentor-single-item-content\"><div class=\"gutentor-gallery-item-header\"><h3 class=\"gutentor-single-item-title\">Plakat<\/h3><a href=\"https:\/\/trema.hr\/wp-content\/uploads\/2020\/05\/Pb2.jpg\" class=\"image-gallery\"><i class=\"gallery-icon fas fa-search\"><\/i><\/a><\/div><div class=\"gutentor-gallery-item-desc\"><p class=\"gutentor-single-item-desc\">Fraktali<\/p><\/div><\/div><\/div><\/div><\/div><div class=\"gutentor-gallery-item grid-lg-4 grid-md-4 grid-12\"><div class=\"gutentor-single-item gutentor-image gutentor-single-item-9\"><div class=\"gutentor-gallery-item-wrap\"><div class=\"gutentor-single-item-image-box\"><div class=\"gutentor-image-thumb\"><img decoding=\"async\" class=\"normal-image\" src=\"https:\/\/trema.hr\/wp-content\/uploads\/2020\/05\/ProjektBus-e1588764393426.jpeg\" alt=\"\"\/><\/div><\/div><div class=\"gutentor-single-item-content\"><div class=\"gutentor-gallery-item-header\"><h3 class=\"gutentor-single-item-title\">Gaussovadosjetka<\/h3><a href=\"https:\/\/trema.hr\/wp-content\/uploads\/2020\/05\/ProjektBus-e1588764393426.jpeg\" class=\"image-gallery\"><i class=\"gallery-icon fas fa-search\"><\/i><\/a><\/div><div class=\"gutentor-gallery-item-desc\"><p class=\"gutentor-single-item-desc\">Kako je do\u0161lo do Gaussove dosjetke<\/p><\/div><\/div><\/div><\/div><\/div><\/div><\/div><\/section>\n","protected":false},"excerpt":{"rendered":"<p>Projekt \u201eBus znanja\u201c radi se o suradnji triju \u0161kola, II. gimnazije i III. gimnazije iz Splita te Srednje \u0161kole Ivana Me\u0161trovi\u0107a Drni\u0161 na projektu kojim se promovira matematika i popularizira njezina korisnost u svakodnevnom \u017eivotu.<\/p>\n","protected":false},"author":1,"featured_media":4524,"parent":802,"menu_order":0,"comment_status":"closed","ping_status":"closed","template":"","meta":{"footnotes":""},"class_list":["post-1446","page","type-page","status-publish","has-post-thumbnail","hentry"],"_links":{"self":[{"href":"https:\/\/trema.hr\/index.php?rest_route=\/wp\/v2\/pages\/1446","targetHints":{"allow":["GET"]}}],"collection":[{"href":"https:\/\/trema.hr\/index.php?rest_route=\/wp\/v2\/pages"}],"about":[{"href":"https:\/\/trema.hr\/index.php?rest_route=\/wp\/v2\/types\/page"}],"author":[{"embeddable":true,"href":"https:\/\/trema.hr\/index.php?rest_route=\/wp\/v2\/users\/1"}],"replies":[{"embeddable":true,"href":"https:\/\/trema.hr\/index.php?rest_route=%2Fwp%2Fv2%2Fcomments&post=1446"}],"version-history":[{"count":0,"href":"https:\/\/trema.hr\/index.php?rest_route=\/wp\/v2\/pages\/1446\/revisions"}],"up":[{"embeddable":true,"href":"https:\/\/trema.hr\/index.php?rest_route=\/wp\/v2\/pages\/802"}],"wp:featuredmedia":[{"embeddable":true,"href":"https:\/\/trema.hr\/index.php?rest_route=\/wp\/v2\/media\/4524"}],"wp:attachment":[{"href":"https:\/\/trema.hr\/index.php?rest_route=%2Fwp%2Fv2%2Fmedia&parent=1446"}],"curies":[{"name":"wp","href":"https:\/\/api.w.org\/{rel}","templated":true}]}}