{"id":1346,"date":"2020-04-23T17:43:54","date_gmt":"2020-04-23T15:43:54","guid":{"rendered":"https:\/\/trema.hr\/?page_id=1346"},"modified":"2026-05-08T18:09:51","modified_gmt":"2026-05-08T16:09:51","slug":"humanitarne-aktivnosti","status":"publish","type":"page","link":"https:\/\/trema.hr\/?page_id=1346","title":{"rendered":"VOLONTERSKA GRUPA MIO\u010cI\u0106I"},"content":{"rendered":"<h3 data-start=\"207\" data-end=\"390\">Kroz cijelu godinu sudjelujemo u brojnim humanitarnim i volonterskim akcijama kojima nastojimo pomo\u0107i potrebitima, zahvaliti na darovima prirode i potaknuti solidarnost u zajednici.<\/h3>\n<h3 data-start=\"1682\" data-end=\"1814\">Sve ove aktivnosti povezuje <strong data-start=\"1710\" data-end=\"1776\">solidarnost, empatija i \u017eelja da svijet u\u010dinimo boljim mjestom<\/strong> \u2013 korak po korak, akciju po akciju.<\/h3>\n<p data-start=\"392\" data-end=\"484\">Na\u0161i u\u010denici i djelatnici uklju\u010duju se u razli\u010dite projekte i inicijative, me\u0111u kojima su:<\/p>\n<ul data-start=\"485\" data-end=\"1680\">\n<li data-start=\"485\" data-end=\"612\">\n<p data-start=\"487\" data-end=\"612\"><strong data-start=\"487\" data-end=\"533\">Dani kruha i zahvalnosti za plodove zemlje<\/strong> \u2013 obilje\u017eavanje zahvalnosti za darove prirode i zajedni\u010dko dijeljenje hrane.<\/p>\n<\/li>\n<li data-start=\"613\" data-end=\"721\">\n<p data-start=\"615\" data-end=\"721\"><strong data-start=\"615\" data-end=\"641\">72 sata bez kompromisa<\/strong> \u2013 volonterski projekt kojim darujemo svoje vrijeme i trud za dobrobit drugih.<\/p>\n<\/li>\n<li data-start=\"722\" data-end=\"907\">\n<p data-start=\"724\" data-end=\"907\"><strong data-start=\"724\" data-end=\"784\">Prikupljanje pomo\u0107i za socijalnu samoposlugu udruge Most<\/strong> te <strong data-start=\"788\" data-end=\"844\">humanitarna marenda za \u0161ti\u0107enike centra Slava Ra\u0161kaj<\/strong> \u2013 Humanitarna marenda za \u0161ti\u0107enike centra Slava Ra\u0161kaj<\/p>\n<\/li>\n<li data-start=\"908\" data-end=\"1035\">\n<p data-start=\"910\" data-end=\"1035\"><strong data-start=\"910\" data-end=\"946\">Humanitarna akcija \u201cA di si ti?\u201d<\/strong> i <strong data-start=\"949\" data-end=\"987\">Bo\u017ei\u0107ni Caritas: \u201cZa 1000 radosti\u201d<\/strong> \u2013 Na tradicionalnoj prodajno- humanitarnoj akcija organiziranoj ispred HNK Split u predbo\u017ei\u0107no vrijeme sudjelujemo ve\u0107 niz godina. Nastavnici doniraju osobne stvari kao \u0161to su knjige, igra\u010dke, nakit i sl., a u\u010denici ih prodaju na buvljaku. Prikupljena sredstva doniraju se udruzi Most i tako poma\u017eemo besku\u0107nicima grada Splita.<br \/>Hvala u\u010denicima i profesorima koji sudjeluju u ovoj akciji prikupljanja donacija.<\/p>\n<\/li>\n<li data-start=\"1036\" data-end=\"1225\">\n<p data-start=\"1038\" data-end=\"1225\"><strong data-start=\"1038\" data-end=\"1094\">Donacija za Crveni kri\u017e \u201cNe dvoji za druge, izdvoji\u201d<\/strong>, <strong data-start=\"1096\" data-end=\"1120\">akcije Crvenog kri\u017ea<\/strong> te <strong data-start=\"1124\" data-end=\"1176\">prikupljanje nov\u010dane pomo\u0107i Caritasu grada Knina<\/strong> \u2013 podr\u0161ka onima kojima je pomo\u0107 najpotrebnija.<\/p>\n<\/li>\n<li data-start=\"1226\" data-end=\"1419\">\n<p data-start=\"1228\" data-end=\"1419\"><strong data-start=\"1228\" data-end=\"1286\">Maturanti prikupljaju hranu za besku\u0107nike grada Splita<\/strong>, <strong data-start=\"1288\" data-end=\"1332\">prikupljanje pomo\u0107i za \u201cMarijine obroke\u201d<\/strong> i <strong data-start=\"1335\" data-end=\"1373\">kuhanje za besku\u0107nike grada Splita<\/strong> \u2013 briga za gladne i besku\u0107nike na\u0161eg grada.<\/p>\n<\/li>\n<li data-start=\"1420\" data-end=\"1515\">\n<p data-start=\"1422\" data-end=\"1515\"><strong data-start=\"1422\" data-end=\"1454\">Pomo\u0107 azilu u Ka\u0161tel Su\u0107urcu<\/strong> \u2013 ljubav prema \u017eivotinjama i skrb o napu\u0161tenim ljubimcima.<\/p>\n<\/li>\n<li data-start=\"1516\" data-end=\"1587\">\n<p data-start=\"1518\" data-end=\"1587\"><strong data-start=\"1518\" data-end=\"1542\">Za Petrinju zajedno!<\/strong> \u2013 zajedni\u010dka podr\u0161ka stradalima u potresu.<\/p>\n<\/li>\n<li data-start=\"1588\" data-end=\"1680\">\n<p data-start=\"1590\" data-end=\"1680\"><strong data-start=\"1590\" data-end=\"1608\">Akcija Boranka<\/strong> \u2013 sudjelovanje u po\u0161umljavanju opo\u017earenih podru\u010dja i briga za okoli\u0161.<\/p>\n<\/li>\n<\/ul>\n<h3 data-start=\"1682\" data-end=\"1814\">\u00a0<\/h3>\n\n\n<p><\/p>\n\n\n<section class=\"gutentor-section gutentor-blog-post-wrapper blog-template1 wp-block-gutentor-blog-post\" id=\"section-g-7pzc7zw\" >\n<div class='grid-container'><div class=\"gutentor-block-header\"><div class=\"gutentor-section-title enable-title-design seperator-top text-left \"  >\n<h2 class=\"gutentor-title\">\n<a href=\"#obavijesti-humanitarne-akcije\">Sve akcije i doga\u0111anja na jednom mjestu<\/a><\/h2>\n<\/div>\n<\/div><div class='gutentor-grid-item-wrap '  ><div class='grid-row ' ><article class='gutentor-post-no-thumb blog-list'><div class=\"gutentor-single-item\"><div class=\"gutentor-single-item-image-box\"><\/div><div class=\"gutentor-post-content\"><h3 class=\"gutentor-single-item-title\"><a href=\"https:\/\/trema.hr\/?p=9876\" rel=\"bookmark\">\u010cuvajmo na\u0161 planet: galerija povodom Dana planeta Zemlje<\/a><\/h3><div class=\"entry-meta\"><div class=\"posted-on\"><i class=\"far fa-calendar-alt\"><\/i><a href=\"https:\/\/trema.hr\/?p=9876\" rel=\"bookmark\">22 travnja, 2026<\/a><\/div><\/div><div class=\"gutentor-post-excerpt gutentor-single-item-desc\"><p class='gutentor-single-item-desc'>Povodom Dan planeta Zemlje, profesori i u\u010denici na\u0161e \u0161kole sudjelovali su u posebnoj aktivnosti posv&hellip;<\/p><\/div><a class=\"gutentor-button gutentor-single-item-button gutentor-icon-before\"  href=\"https:\/\/trema.hr\/?p=9876\" href=\"https:\/\/trema.hr\/?p=9876\"><i class=\"gutentor-button-icon fas fa-book\" ><\/i><span>Vi\u0161e<\/span><\/a><\/div><\/div><\/article><article class='gutentor-post-no-thumb blog-list'><div class=\"gutentor-single-item\"><div class=\"gutentor-single-item-image-box\"><\/div><div class=\"gutentor-post-content\"><h3 class=\"gutentor-single-item-title\"><a href=\"https:\/\/trema.hr\/?p=9834\" rel=\"bookmark\">Jo\u0161 jedna uspje\u0161na humanitarna akcija: \u201eSvaki razred jedna namirnica\u201c<\/a><\/h3><div class=\"entry-meta\"><div class=\"posted-on\"><i class=\"far fa-calendar-alt\"><\/i><a href=\"https:\/\/trema.hr\/?p=9834\" rel=\"bookmark\">20 travnja, 2026<\/a><\/div><\/div><div class=\"gutentor-post-excerpt gutentor-single-item-desc\"><p class='gutentor-single-item-desc'>Kao i svake godine, na\u0161a \u0161kola ponovno je pokazala veliko srce sudjeluju\u0107i u humanitarnoj akciji pri&hellip;<\/p><\/div><a class=\"gutentor-button gutentor-single-item-button gutentor-icon-before\"  href=\"https:\/\/trema.hr\/?p=9834\" href=\"https:\/\/trema.hr\/?p=9834\"><i class=\"gutentor-button-icon fas fa-book\" ><\/i><span>Vi\u0161e<\/span><\/a><\/div><\/div><\/article><article class='gutentor-post-no-thumb blog-list'><div class=\"gutentor-single-item\"><div class=\"gutentor-single-item-image-box\"><\/div><div class=\"gutentor-post-content\"><h3 class=\"gutentor-single-item-title\"><a href=\"https:\/\/trema.hr\/?p=9677\" rel=\"bookmark\">GRADSKO NATJECANJE CRVENOG KRI\u017dA<\/a><\/h3><div class=\"entry-meta\"><div class=\"posted-on\"><i class=\"far fa-calendar-alt\"><\/i><a href=\"https:\/\/trema.hr\/?p=9677\" rel=\"bookmark\">18 o\u017eujka, 2026<\/a><\/div><\/div><div class=\"gutentor-post-excerpt gutentor-single-item-desc\"><p class='gutentor-single-item-desc'>Gradsko natjecanje mladih Crvenog kri\u017ea odr\u017ealo se 14. o\u017eujka 2026. godine udvorani O\u0160 Ravne njive \u2013&hellip;<\/p><\/div><a class=\"gutentor-button gutentor-single-item-button gutentor-icon-before\"  href=\"https:\/\/trema.hr\/?p=9677\" href=\"https:\/\/trema.hr\/?p=9677\"><i class=\"gutentor-button-icon fas fa-book\" ><\/i><span>Vi\u0161e<\/span><\/a><\/div><\/div><\/article><article class='gutentor-post-no-thumb blog-list'><div class=\"gutentor-single-item\"><div class=\"gutentor-single-item-image-box\"><\/div><div class=\"gutentor-post-content\"><h3 class=\"gutentor-single-item-title\"><a href=\"https:\/\/trema.hr\/?p=9338\" rel=\"bookmark\">Slatko i veselo Do\u0161a\u0161\u0107e uz goste iz Centra Slava Ra\u0161kaj<\/a><\/h3><div class=\"entry-meta\"><div class=\"posted-on\"><i class=\"far fa-calendar-alt\"><\/i><a href=\"https:\/\/trema.hr\/?p=9338\" rel=\"bookmark\">11 prosinca, 2025<\/a><\/div><\/div><div class=\"gutentor-post-excerpt gutentor-single-item-desc\"><p class='gutentor-single-item-desc'>Danas su nas posjetili na\u0161i prijatelji iz Centra Slava Ra\u0161kaj. Uz tradicionalno dru\u017eenje u Do\u0161a\u0161\u0107u, &hellip;<\/p><\/div><a class=\"gutentor-button gutentor-single-item-button gutentor-icon-before\"  href=\"https:\/\/trema.hr\/?p=9338\" href=\"https:\/\/trema.hr\/?p=9338\"><i class=\"gutentor-button-icon fas fa-book\" ><\/i><span>Vi\u0161e<\/span><\/a><\/div><\/div><\/article><article class='gutentor-post-no-thumb blog-list'><div class=\"gutentor-single-item\"><div class=\"gutentor-single-item-image-box\"><\/div><div class=\"gutentor-post-content\"><h3 class=\"gutentor-single-item-title\"><a href=\"https:\/\/trema.hr\/?p=9148\" rel=\"bookmark\">Mladi koji mijenjaju svijet: na\u0161i u\u010denici u akciji \u201e72 sata bez kompromisa\u201c<\/a><\/h3><div class=\"entry-meta\"><div class=\"posted-on\"><i class=\"far fa-calendar-alt\"><\/i><a href=\"https:\/\/trema.hr\/?p=9148\" rel=\"bookmark\">4 studenoga, 2025<\/a><\/div><\/div><div class=\"gutentor-post-excerpt gutentor-single-item-desc\"><p class='gutentor-single-item-desc'>I ove godine na\u0161i su u\u010denici-volonteri, pod vodstvom profesorice Ane Gelo, sudjelovali u nacionalnom&hellip;<\/p><\/div><a class=\"gutentor-button gutentor-single-item-button gutentor-icon-before\"  href=\"https:\/\/trema.hr\/?p=9148\" href=\"https:\/\/trema.hr\/?p=9148\"><i class=\"gutentor-button-icon fas fa-book\" ><\/i><span>Vi\u0161e<\/span><\/a><\/div><\/div><\/article><article class='gutentor-post-no-thumb blog-list'><div class=\"gutentor-single-item\"><div class=\"gutentor-single-item-image-box\"><\/div><div class=\"gutentor-post-content\"><h3 class=\"gutentor-single-item-title\"><a href=\"https:\/\/trema.hr\/?p=8961\" rel=\"bookmark\">Obilje\u017eavanje 10 godina kuhanja za besku\u0107nike u MIOC-u<\/a><\/h3><div class=\"entry-meta\"><div class=\"posted-on\"><i class=\"far fa-calendar-alt\"><\/i><a href=\"https:\/\/trema.hr\/?p=8961\" rel=\"bookmark\">27 listopada, 2025<\/a><\/div><\/div><div class=\"gutentor-post-excerpt gutentor-single-item-desc\"><p class='gutentor-single-item-desc'>U petak, 24. listopada 2025., obilje\u017eili smo deset godina kuhanja za besku\u0107nike te dvadeset godina p&hellip;<\/p><\/div><a class=\"gutentor-button gutentor-single-item-button gutentor-icon-before\"  href=\"https:\/\/trema.hr\/?p=8961\" href=\"https:\/\/trema.hr\/?p=8961\"><i class=\"gutentor-button-icon fas fa-book\" ><\/i><span>Vi\u0161e<\/span><\/a><\/div><\/div><\/article><article class='gutentor-post-no-thumb blog-list'><div class=\"gutentor-single-item\"><div class=\"gutentor-single-item-image-box\"><\/div><div class=\"gutentor-post-content\"><h3 class=\"gutentor-single-item-title\"><a href=\"https:\/\/trema.hr\/?p=8825\" rel=\"bookmark\">Dani kruha i zahvalnosti za plodove zemlje<\/a><\/h3><div class=\"entry-meta\"><div class=\"posted-on\"><i class=\"far fa-calendar-alt\"><\/i><a href=\"https:\/\/trema.hr\/?p=8825\" rel=\"bookmark\">16 listopada, 2025<\/a><\/div><\/div><div class=\"gutentor-post-excerpt gutentor-single-item-desc\"><p class='gutentor-single-item-desc'>Zahvaljujemo roditeljima i u\u010denicima na podr\u0161ci.&hellip;<\/p><\/div><a class=\"gutentor-button gutentor-single-item-button gutentor-icon-before\"  href=\"https:\/\/trema.hr\/?p=8825\" href=\"https:\/\/trema.hr\/?p=8825\"><i class=\"gutentor-button-icon fas fa-book\" ><\/i><span>Vi\u0161e<\/span><\/a><\/div><\/div><\/article><article class='gutentor-post-no-thumb blog-list'><div class=\"gutentor-single-item\"><div class=\"gutentor-single-item-image-box\"><\/div><div class=\"gutentor-post-content\"><h3 class=\"gutentor-single-item-title\"><a href=\"https:\/\/trema.hr\/?p=8812\" rel=\"bookmark\">48. Boranka, Lozovac 11. 10. 2025.<\/a><\/h3><div class=\"entry-meta\"><div class=\"posted-on\"><i class=\"far fa-calendar-alt\"><\/i><a href=\"https:\/\/trema.hr\/?p=8812\" rel=\"bookmark\">15 listopada, 2025<\/a><\/div><\/div><div class=\"gutentor-post-excerpt gutentor-single-item-desc\"><p class='gutentor-single-item-desc'>U\u010denici na\u0161e \u0161kole jo\u0161 jednom su pokazali koliko im je stalo do prirode i zajedni\u0161tva. Ovoga puta su&hellip;<\/p><\/div><a class=\"gutentor-button gutentor-single-item-button gutentor-icon-before\"  href=\"https:\/\/trema.hr\/?p=8812\" href=\"https:\/\/trema.hr\/?p=8812\"><i class=\"gutentor-button-icon fas fa-book\" ><\/i><span>Vi\u0161e<\/span><\/a><\/div><\/div><\/article><article class='gutentor-post-no-thumb blog-list'><div class=\"gutentor-single-item\"><div class=\"gutentor-single-item-image-box\"><\/div><div class=\"gutentor-post-content\"><h3 class=\"gutentor-single-item-title\"><a href=\"https:\/\/trema.hr\/?p=7003\" rel=\"bookmark\">akcija darivanja krvi<\/a><\/h3><div class=\"entry-meta\"><div class=\"posted-on\"><i class=\"far fa-calendar-alt\"><\/i><a href=\"https:\/\/trema.hr\/?p=7003\" rel=\"bookmark\">21 o\u017eujka, 2024<\/a><\/div><\/div><div class=\"gutentor-post-excerpt gutentor-single-item-desc\"><p class='gutentor-single-item-desc'>Na akciji darivanja krvi na kojoj su sudjelovali u\u010denici na\u0161e \u0161kole i Graditeljsko-geodetske \u0161kole, &hellip;<\/p><\/div><a class=\"gutentor-button gutentor-single-item-button gutentor-icon-before\"  href=\"https:\/\/trema.hr\/?p=7003\" href=\"https:\/\/trema.hr\/?p=7003\"><i class=\"gutentor-button-icon fas fa-book\" ><\/i><span>Vi\u0161e<\/span><\/a><\/div><\/div><\/article><article class='gutentor-post-no-thumb blog-list'><div class=\"gutentor-single-item\"><div class=\"gutentor-single-item-image-box\"><\/div><div class=\"gutentor-post-content\"><h3 class=\"gutentor-single-item-title\"><a href=\"https:\/\/trema.hr\/?p=6461\" rel=\"bookmark\">Boranka 2023.<\/a><\/h3><div class=\"entry-meta\"><div class=\"posted-on\"><i class=\"far fa-calendar-alt\"><\/i><a href=\"https:\/\/trema.hr\/?p=6461\" rel=\"bookmark\">10 listopada, 2023<\/a><\/div><\/div><div class=\"gutentor-post-excerpt gutentor-single-item-desc\"><p class='gutentor-single-item-desc'>Ove subote, 30. rujna, ve\u0107 tre\u0107u godinu za redom, na\u0161i su u\u010denici u pratnji nastavnica Ines Alujevi\u0107&hellip;<\/p><\/div><a class=\"gutentor-button gutentor-single-item-button gutentor-icon-before\"  href=\"https:\/\/trema.hr\/?p=6461\" href=\"https:\/\/trema.hr\/?p=6461\"><i class=\"gutentor-button-icon fas fa-book\" ><\/i><span>Vi\u0161e<\/span><\/a><\/div><\/div><\/article><\/div><\/div><\/div><\/section>\n\n\n<p><\/p>\n","protected":false},"excerpt":{"rendered":"<p>Osvije\u0161tena o va\u017enosti me\u0111usobnog pomaganja i sura\u0111ivanja, na\u0161a \u0161kola organizira razne humanitarne akcije.<\/p>\n","protected":false},"author":1,"featured_media":9150,"parent":1396,"menu_order":0,"comment_status":"closed","ping_status":"closed","template":"","meta":{"footnotes":""},"class_list":["post-1346","page","type-page","status-publish","has-post-thumbnail","hentry"],"_links":{"self":[{"href":"https:\/\/trema.hr\/index.php?rest_route=\/wp\/v2\/pages\/1346","targetHints":{"allow":["GET"]}}],"collection":[{"href":"https:\/\/trema.hr\/index.php?rest_route=\/wp\/v2\/pages"}],"about":[{"href":"https:\/\/trema.hr\/index.php?rest_route=\/wp\/v2\/types\/page"}],"author":[{"embeddable":true,"href":"https:\/\/trema.hr\/index.php?rest_route=\/wp\/v2\/users\/1"}],"replies":[{"embeddable":true,"href":"https:\/\/trema.hr\/index.php?rest_route=%2Fwp%2Fv2%2Fcomments&post=1346"}],"version-history":[{"count":16,"href":"https:\/\/trema.hr\/index.php?rest_route=\/wp\/v2\/pages\/1346\/revisions"}],"predecessor-version":[{"id":10008,"href":"https:\/\/trema.hr\/index.php?rest_route=\/wp\/v2\/pages\/1346\/revisions\/10008"}],"up":[{"embeddable":true,"href":"https:\/\/trema.hr\/index.php?rest_route=\/wp\/v2\/pages\/1396"}],"wp:featuredmedia":[{"embeddable":true,"href":"https:\/\/trema.hr\/index.php?rest_route=\/wp\/v2\/media\/9150"}],"wp:attachment":[{"href":"https:\/\/trema.hr\/index.php?rest_route=%2Fwp%2Fv2%2Fmedia&parent=1346"}],"curies":[{"name":"wp","href":"https:\/\/api.w.org\/{rel}","templated":true}]}}