{"id":1275,"date":"2020-04-02T15:27:14","date_gmt":"2020-04-02T13:27:14","guid":{"rendered":"https:\/\/trema.hr\/?page_id=1275"},"modified":"2020-04-02T15:27:14","modified_gmt":"2020-04-02T13:27:14","slug":"slobodno-vrijeme","status":"publish","type":"page","link":"https:\/\/trema.hr\/?page_id=1275","title":{"rendered":"Slobodno vrijeme"},"content":{"rendered":"<p><em>BEK Besplatne elektroni\u010dke knjige <\/em><span style=\"color: #0000ff;\"><u><a href=\"https:\/\/elektronickeknjige.com\/\">https:\/\/elektronickeknjige.com\/<\/a><\/u><\/span><\/p>\n<p><em>Digitalne zbirke Naconalne i sveu\u010dili\u0161ne knji\u017enice u Zagrebu <\/em><span style=\"color: #0000ff;\"><u><a href=\"https:\/\/digitalna.nsk.hr\/pb\/\">https:\/\/digitalna.nsk.hr\/pb\/<\/a><\/u><\/span><\/p>\n<p><em>Digitalne zbirke Gradske knji\u017enice Marka Maruli\u0107a Split <\/em><span style=\"color: #0000ff;\"><u><a href=\"http:\/\/gkmm.arhivx.net\/\">http:\/\/gkmm.arhivx.net\/<\/a><\/u><\/span><\/p>\n<p><em>Project Gutenberg <\/em><span style=\"color: #0000ff;\"><u><a href=\"https:\/\/www.gutenberg.org\/\">https:\/\/www.gutenberg.org\/<\/a><\/u><\/span><\/p>\n<p><i>Royal Society<\/i> <span style=\"color: #0000ff;\"><u><a href=\"https:\/\/royalsociety.org\/\">https:\/\/royalsociety.org\/<\/a><\/u><\/span><\/p>\n<p><a name=\"_GoBack\"><\/a> <em>Zbirka djela na hrvatskome jeziku (Filozofski fakultet Sveu\u010dili\u0161ta u Zagrebu) <\/em><\/p>\n<p><span style=\"color: #0000ff;\"><u><a href=\"http:\/\/dzs.ffzg.unizg.hr\/popis.htm\">http:\/\/dzs.ffzg.unizg.hr\/popis.htm<\/a><\/u><\/span><\/p>\n<p>&nbsp;<\/p>\n","protected":false},"excerpt":{"rendered":"<p>BEK Besplatne elektroni\u010dke knjige https:\/\/elektronickeknjige.com\/ Digitalne zbirke Naconalne i sveu\u010dili\u0161ne knji\u017enice u Zagrebu https:\/\/digitalna.nsk.hr\/pb\/ Digitalne zbirke Gradske knji\u017enice Marka Maruli\u0107a Split http:\/\/gkmm.arhivx.net\/ Project Gutenberg https:\/\/www.gutenberg.org\/ Royal Society https:\/\/royalsociety.org\/ Zbirka djela na hrvatskome jeziku (Filozofski fakultet Sveu\u010dili\u0161ta u Zagrebu) http:\/\/dzs.ffzg.unizg.hr\/popis.htm &nbsp;<\/p>\n","protected":false},"author":1,"featured_media":0,"parent":1243,"menu_order":0,"comment_status":"closed","ping_status":"closed","template":"","meta":{"footnotes":""},"class_list":["post-1275","page","type-page","status-publish","hentry"],"_links":{"self":[{"href":"https:\/\/trema.hr\/index.php?rest_route=\/wp\/v2\/pages\/1275","targetHints":{"allow":["GET"]}}],"collection":[{"href":"https:\/\/trema.hr\/index.php?rest_route=\/wp\/v2\/pages"}],"about":[{"href":"https:\/\/trema.hr\/index.php?rest_route=\/wp\/v2\/types\/page"}],"author":[{"embeddable":true,"href":"https:\/\/trema.hr\/index.php?rest_route=\/wp\/v2\/users\/1"}],"replies":[{"embeddable":true,"href":"https:\/\/trema.hr\/index.php?rest_route=%2Fwp%2Fv2%2Fcomments&post=1275"}],"version-history":[{"count":0,"href":"https:\/\/trema.hr\/index.php?rest_route=\/wp\/v2\/pages\/1275\/revisions"}],"up":[{"embeddable":true,"href":"https:\/\/trema.hr\/index.php?rest_route=\/wp\/v2\/pages\/1243"}],"wp:attachment":[{"href":"https:\/\/trema.hr\/index.php?rest_route=%2Fwp%2Fv2%2Fmedia&parent=1275"}],"curies":[{"name":"wp","href":"https:\/\/api.w.org\/{rel}","templated":true}]}}