{"id":1271,"date":"2020-04-02T15:25:25","date_gmt":"2020-04-02T13:25:25","guid":{"rendered":"https:\/\/trema.hr\/?page_id=1271"},"modified":"2020-04-02T15:25:25","modified_gmt":"2020-04-02T13:25:25","slug":"referetni-mrezni-izvori","status":"publish","type":"page","link":"https:\/\/trema.hr\/?page_id=1271","title":{"rendered":"Referetni mre\u017eni izvori"},"content":{"rendered":"<p><span style=\"font-size: medium;\">Ne zaboravite voditi ra\u010duna o autorskim pravima i pravilima citiranja gra\u0111e. Za podrobnije informacije pogledajte rubriku <\/span><span style=\"font-size: medium;\"><i>citiranje<\/i><\/span><span style=\"font-size: medium;\">. Uvijek nazna\u010dite izvor.<\/span><\/p>\n<p>&nbsp;<\/p>\n<p><span style=\"font-family: Century, serif;\"><span style=\"font-size: medium;\"><b>\u0160kolski rje\u010dnik hrvatskog jezika <\/b><\/span><\/span><span style=\"color: #0000ff;\"><u><a><span style=\"font-family: Century, serif;\"><span style=\"font-size: medium;\"><b>http:\/\/rje\u010dnik.hr\/<\/b><\/span><\/span><\/a><\/u><\/span><\/p>\n<p>&nbsp;<\/p>\n<p><span style=\"font-family: Century, serif;\"><span style=\"font-size: large;\"><b>Mre\u017ena izdanja enciklopedija na hrvatskom jeziku (izbor):<\/b><\/span><\/span><\/p>\n<p><span style=\"font-size: medium;\"><b>Hrvatska enciklopedija <\/b><\/span><span style=\"color: #0000ff;\"><u><a href=\"https:\/\/enciklopedija.hr\/\"><span style=\"font-size: medium;\"><b>https:\/\/enciklopedija.hr\/<\/b><\/span><\/a><\/u><\/span><\/p>\n<p><span style=\"font-size: medium;\"><u><b>Portal Leksikografskog zavoda Miroslav Krle\u017ea <\/b><\/u><\/span><span style=\"color: #0000ff;\"><u><a href=\"http:\/\/portal.lzmk.hr\/clanak.aspx?id=55540\"><span style=\"font-size: medium;\">http:\/\/portal.lzmk.hr\/clanak.aspx?id=55540<\/span><\/a><\/u><\/span><\/p>\n<p align=\"justify\">Portal Leksikografskoga zavoda obuhva\u0107a sadr\u017eaj devet izdanja Zavoda ure\u0111enih za prikaz i pretra\u017eivanje na internetu:<\/p>\n<p align=\"justify\"><em>Filmska enciklopedija <\/em><span style=\"color: #0000ff;\"><u><a href=\"https:\/\/filmska.lzmk.hr\/\">https:\/\/filmska.lzmk.hr<\/a><\/u><\/span><\/p>\n<p align=\"justify\"><em>Filmski leksikon <\/em><span style=\"color: #0000ff;\"><u><a href=\"http:\/\/film.lzmk.hr\/\">http:\/\/film.lzmk.hr<\/a><\/u><\/span><\/p>\n<p align=\"justify\"><em>Hrvatski biografski leksikon <\/em><span style=\"color: #0000ff;\"><u><a href=\"http:\/\/hbl.lzmk.hr\/\">http:\/\/hbl.lzmk.hr\/<\/a><\/u><\/span><\/p>\n<p align=\"justify\"><em>Hrvatski obiteljski leksikon <\/em><span style=\"color: #0000ff;\"><u><a href=\"http:\/\/hol.lzmk.hr\/\">http:\/\/hol.lzmk.hr\/<\/a><\/u><\/span><\/p>\n<p align=\"justify\"><em>Istarska enciklopedija <\/em><span style=\"color: #0000ff;\"><u><a href=\"http:\/\/istra.lzmk.hr\/\">http:\/\/istra.lzmk.hr\/<\/a><\/u><\/span><\/p>\n<p align=\"justify\"><em>Krle\u017eijana <\/em><span style=\"color: #0000ff;\"><u><a href=\"http:\/\/krlezijana.lzmk.hr\/\">http:\/\/krlezijana.lzmk.hr\/<\/a><\/u><\/span><\/p>\n<p align=\"justify\"><em>Medicinski leksikon<\/em><\/p>\n<p align=\"justify\"><em>Nogometni leksikon <\/em><span style=\"color: #0000ff;\"><u><a href=\"http:\/\/nogomet.lzmk.hr\/\">http:\/\/nogomet.lzmk.hr\/<\/a><\/u><\/span><\/p>\n<p align=\"justify\"><em>Pomorski leksikon.<\/em> <span style=\"color: #0000ff;\"><u><a href=\"http:\/\/pomorski.lzmk.hr\/\">http:\/\/pomorski.lzmk.hr\/<\/a><\/u><\/span><\/p>\n<p align=\"justify\">\n<p align=\"justify\"><span style=\"font-size: medium;\"><b>Proleksis enciklopedija <\/b><\/span><span style=\"font-size: medium;\">\u2013 hrvatska op\u0107a i nacionalna enciklopedija<\/span> <span style=\"color: #0000ff;\"><u><a href=\"https:\/\/proleksis.lzmk.hr\/\">https:\/\/proleksis.lzmk.hr\/<\/a><\/u><\/span><\/p>\n<p align=\"justify\">\n<p align=\"justify\">\n<p><span style=\"font-family: Times New Roman, serif;\"><span style=\"font-size: medium;\"><b><span style=\"font-family: Century, serif;\"><span style=\"font-size: large;\">Mre\u017ena izdanja\u00a0enciklopedija na engleskom jeziku (izbor):<\/span><\/span><\/b><\/span><\/span><\/p>\n<p><span style=\"font-family: Times New Roman, serif;\"><span style=\"font-size: medium;\"><span lang=\"la\"><i><b>Encyclop\u00e6dia Britannica<\/b><\/i><\/span><i><b> <\/b><\/i><span style=\"color: #0000ff;\"><u><a href=\"https:\/\/www.britannica.com\/\"><span lang=\"hr-HR\"><i><b>https:\/\/www.britannica.com\/<\/b><\/i><\/span><\/a><\/u><\/span><\/span><\/span><\/p>\n<p><span style=\"font-family: Times New Roman, serif;\"><span style=\"font-size: medium;\"><em><b>Encyclopedia Mythica<\/b><\/em><em> &#8211; enciklopedija mitologije, folklora i religije <\/em><span style=\"color: #0000ff;\"><u><a href=\"https:\/\/pantheon.org\/\">https:\/\/pantheon.org\/<\/a><\/u><\/span><\/span><\/span><\/p>\n<p><span style=\"font-family: Times New Roman, serif;\"><span style=\"font-size: medium;\"><em><b>Medical Encyclopedia<\/b><\/em> <span style=\"color: #0000ff;\"><u><a href=\"https:\/\/www.worldatlas.com\/aatlas\/world.htm\">https:\/\/www.worldatlas.com\/aatlas\/world.htm<\/a><\/u><\/span><\/span><\/span><\/p>\n<p><span style=\"font-family: Times New Roman, serif;\"><span style=\"font-size: medium;\"><em><b>The World\u2019s #1 Online Encyclopedia <\/b><\/em><em>&#8211;<\/em><b> <\/b><em>search over 200 individual encyclopedias and <\/em><\/span><\/span><\/p>\n<p><em> <span style=\"font-family: Times New Roman, serif;\"><span style=\"font-size: medium;\">reference books from the worlds most trusted publishers.<\/span><\/span><\/em><\/p>\n<p><span style=\"font-family: Times New Roman, serif;\"><span style=\"font-size: medium;\"><span style=\"color: #0000ff;\"><u><a href=\"https:\/\/www.encyclopedia.com\/\">https:\/\/www.encyclopedia.com\/<\/a><\/u><\/span><\/span><\/span><\/p>\n<p><em><span style=\"font-family: Century, serif;\"><span style=\"font-size: large;\"><b>Mre\u017ena izdanja rje\u010dnika i priru\u010dnika na stranim jezicima (izbor)<\/b><\/span><\/span><\/em><\/p>\n<p>&nbsp;<\/p>\n<p><em><span style=\"font-family: Times New Roman, serif;\"><span style=\"font-size: medium;\"><b>Cambridge Dictionary <\/b><\/span><\/span><\/em><span style=\"color: #0000ff;\"><u><a href=\"https:\/\/dictionary.cambridge.org\/\">https:\/\/dictionary.cambridge.org\/<\/a><\/u><\/span><\/p>\n<p><em><span style=\"font-family: Times New Roman, serif;\"><span style=\"font-size: medium;\"><b>Dictionary.com<\/b><\/span><\/span><\/em> <span style=\"color: #0000ff;\"><u><a href=\"https:\/\/www.dictionary.com\/\">https:\/\/www.dictionary.com\/<\/a><\/u><\/span><\/p>\n<p><em><span style=\"font-family: Times New Roman, serif;\"><span style=\"font-size: medium;\"><b>OneLook <\/b><\/span><\/span><\/em><em> \u2013 rje\u010dnik koji objedinjuje rije\u010di iz vi\u0161e op\u0107ih i specijalanih rje\u010dnika <\/em><\/p>\n<p><span style=\"color: #0000ff;\"><u><a href=\"https:\/\/public.onelook.com\/?c=sponsor\">https:\/\/public.onelook.com\/?c=sponsor<\/a><\/u><\/span><\/p>\n<p><em><span style=\"font-family: Times New Roman, serif;\"><span style=\"font-size: medium;\"><b>Urban Dictionary<\/b><\/span><\/span><\/em><em> \u2013 rje\u010dnik u kojem mo\u017eete prona\u0107i fraze, sleng i jo\u0161 puno toga <\/em><span style=\"color: #0000ff;\"><u><a href=\"https:\/\/www.urbandictionary.com\/\">https:\/\/www.urbandictionary.com\/<\/a><\/u><\/span><\/p>\n<p><em><span style=\"font-family: Times New Roman, serif;\"><span style=\"font-size: medium;\"><b>European Dictionary<\/b><\/span><\/span><\/em> <span style=\"color: #0000ff;\"><u><a href=\"https:\/\/eudict.com\/\">https:\/\/eudict.com\/<\/a><\/u><\/span><\/p>\n<p><em><span style=\"font-family: Times New Roman, serif;\"><span style=\"font-size: medium;\"><b>Logos Dictionary<\/b><\/span><\/span><\/em><em> \u2013 prevoditelj s vi\u0161e jezika <\/em><span style=\"color: #0000ff;\"><u><a href=\"http:\/\/www.logosdictionary.org\/\">http:\/\/www.logosdictionary.org\/<\/a><\/u><\/span><\/p>\n<p>&nbsp;<\/p>\n<p><span style=\"font-family: Times New Roman, serif;\"><span style=\"font-size: medium;\"><b><span style=\"font-family: Century, serif;\"><span style=\"font-size: large;\">Mre\u017ene\u00a0geografske karte i atlasi\u00a0\u2013 izbor<\/span><\/span><\/b><\/span><\/span><\/p>\n<p><span style=\"font-family: Times New Roman, serif;\"><span style=\"font-size: medium;\"><i><b>Google Earth<\/b><\/i> <span style=\"color: #0000ff;\"><u><a href=\"https:\/\/www.google.com\/earth\/\">https:\/\/www.google.com\/earth\/<\/a><\/u><\/span><\/span><\/span><\/p>\n<p><span style=\"font-family: Times New Roman, serif;\"><span style=\"font-size: medium;\"><i><b>Google Maps<\/b><\/i> <span style=\"color: #0000ff;\"><u><a href=\"https:\/\/www.google.com\/maps\/@44.4467472,16.4064761,7z\">https:\/\/www.google.com\/maps\/@44.4467472,16.4064761,7z<\/a><\/u><\/span><\/span><\/span><\/p>\n<p><span style=\"font-family: Times New Roman, serif;\"><span style=\"font-size: medium;\"><i><b>Multi map<\/b><\/i> <span style=\"color: #0000ff;\"><u><a href=\"https:\/\/www.multi-map.net\/\">https:\/\/www.multi-map.net\/<\/a><\/u><\/span><\/span><\/span><\/p>\n<p><span style=\"font-family: Times New Roman, serif;\"><span style=\"font-size: medium;\"><i><b>National Geographic maps<\/b><\/i> <span style=\"color: #0000ff;\"><u><a href=\"https:\/\/www.nationalgeographic.com\/maps\/\">https:\/\/www.nationalgeographic.com\/maps\/<\/a><\/u><\/span><\/span><\/span><\/p>\n<p><span style=\"font-family: Times New Roman, serif;\"><span style=\"font-size: medium;\"><i><b>World atlas \/ World map<\/b><\/i> <span style=\"color: #0000ff;\"><u><a href=\"https:\/\/www.worldatlas.com\/aatlas\/world.htm\">https:\/\/www.worldatlas.com\/aatlas\/world.htm<\/a><\/u><\/span><\/span><\/span><\/p>\n","protected":false},"excerpt":{"rendered":"<p>Ne zaboravite voditi ra\u010duna o autorskim pravima i pravilima citiranja gra\u0111e. Za podrobnije informacije pogledajte rubriku citiranje. Uvijek nazna\u010dite izvor. &nbsp; \u0160kolski rje\u010dnik hrvatskog jezika http:\/\/rje\u010dnik.hr\/ &nbsp; Mre\u017ena izdanja enciklopedija na hrvatskom jeziku (izbor): Hrvatska enciklopedija https:\/\/enciklopedija.hr\/ Portal Leksikografskog zavoda Miroslav Krle\u017ea http:\/\/portal.lzmk.hr\/clanak.aspx?id=55540 Portal Leksikografskoga zavoda obuhva\u0107a sadr\u017eaj devet izdanja Zavoda ure\u0111enih za prikaz i&hellip;<\/p>\n","protected":false},"author":1,"featured_media":0,"parent":1243,"menu_order":0,"comment_status":"closed","ping_status":"closed","template":"","meta":{"footnotes":""},"class_list":["post-1271","page","type-page","status-publish","hentry"],"_links":{"self":[{"href":"https:\/\/trema.hr\/index.php?rest_route=\/wp\/v2\/pages\/1271","targetHints":{"allow":["GET"]}}],"collection":[{"href":"https:\/\/trema.hr\/index.php?rest_route=\/wp\/v2\/pages"}],"about":[{"href":"https:\/\/trema.hr\/index.php?rest_route=\/wp\/v2\/types\/page"}],"author":[{"embeddable":true,"href":"https:\/\/trema.hr\/index.php?rest_route=\/wp\/v2\/users\/1"}],"replies":[{"embeddable":true,"href":"https:\/\/trema.hr\/index.php?rest_route=%2Fwp%2Fv2%2Fcomments&post=1271"}],"version-history":[{"count":0,"href":"https:\/\/trema.hr\/index.php?rest_route=\/wp\/v2\/pages\/1271\/revisions"}],"up":[{"embeddable":true,"href":"https:\/\/trema.hr\/index.php?rest_route=\/wp\/v2\/pages\/1243"}],"wp:attachment":[{"href":"https:\/\/trema.hr\/index.php?rest_route=%2Fwp%2Fv2%2Fmedia&parent=1271"}],"curies":[{"name":"wp","href":"https:\/\/api.w.org\/{rel}","templated":true}]}}