{"id":1245,"date":"2020-03-30T14:05:42","date_gmt":"2020-03-30T12:05:42","guid":{"rendered":"https:\/\/trema.hr\/?page_id=1245"},"modified":"2020-04-02T15:32:13","modified_gmt":"2020-04-02T13:32:13","slug":"savjeti-i-pomoc","status":"publish","type":"page","link":"https:\/\/trema.hr\/?page_id=1245","title":{"rendered":"Savjeti i pomo\u0107"},"content":{"rendered":"<ol>\n<li><span style=\"font-family: Century, serif;\"><span style=\"font-size: large;\"><b>KATALOZI <\/b><\/span><\/span><\/li>\n<\/ol>\n<p><span style=\"font-family: Century, serif;\"><span style=\"font-size: medium;\"><b>Pretra\u017eite dostupnost tra\u017eene gra\u0111e na navedenim poveznicama:<\/b><\/span><\/span><\/p>\n<p><span style=\"font-size: medium;\"><i>Gradska knji\u017enica Marka Maruli\u0107a Split<\/i><\/span><\/p>\n<p><span style=\"color: #0000ff;\"><u><a href=\"https:\/\/katalog.gkmm.hr\/pages\/search.aspx?&amp;currentPage=1&amp;searchById=-1\"><span style=\"font-size: medium;\">https:\/\/katalog.gkmm.hr\/pages\/search.aspx?&amp;currentPage=1&amp;searchById=-1<\/span><\/a><\/u><\/span><\/p>\n<p align=\"justify\"><span style=\"font-family: Times New Roman, serif;\"><span style=\"font-size: medium;\"><span style=\"font-family: Calibri, serif;\">Gradska knji\u017enica Marka Maruli\u0107a Split svojim korisnicima nudi mogu\u0107nost posudbe e-knjige. Mobilna aplikacija zove se ZaKi Book te je dostupna za besplatno preuzimanje preko mre\u017enih trgovina: <\/span><span style=\"color: #0000ff;\"><u><a href=\"https:\/\/play.google.com\/store\/apps\/details?id=io.cordova.zakibook\"><span style=\"font-family: Calibri, serif;\"><b>Google Play<\/b><\/span><\/a><\/u><\/span><span style=\"font-family: Calibri, serif;\">, <\/span><span style=\"color: #0000ff;\"><u><a href=\"https:\/\/apps.apple.com\/hr\/app\/zaki-book\/id1464530319\"><span style=\"font-family: Calibri, serif;\"><b>Apple store<\/b><\/span><\/a><\/u><\/span><span style=\"font-family: Calibri, serif;\"> i <\/span><span style=\"color: #0000ff;\"><u><a href=\"https:\/\/www.microsoft.com\/hr-hr\/p\/zaki-book\/9pflw66v72bf?activetab=pivot:overviewtab\"><span style=\"font-family: Calibri, serif;\"><b>Microsoft store<\/b><\/span><\/a><\/u><\/span><span style=\"font-family: Calibri, serif;\">. \u010citanje je dostupno na Android, iOs i Windows 10 ure\u0111ajima. Potrebni su vam \u010dlanski broj i PIN. Popis trenuta\u010dno dostupnih naslova mo\u017eete pogledati u na\u0161em katalogu: <\/span><\/span><\/span><\/p>\n<p align=\"justify\"><span style=\"font-family: Times New Roman, serif;\"><span style=\"font-size: medium;\"><span style=\"color: #0000ff;\"><u><a href=\"https:\/\/katalog.gkmm.hr\/pagesResults\/rezultati.aspx?searchById=1&amp;sort=0&amp;spid0=1&amp;spv0=&amp;fid0=2&amp;fv0=e-knjiga\"><span style=\"font-family: Calibri, serif;\">https:\/\/katalog.gkmm.hr\/pagesResults\/rezultati.aspx?searchById=1&amp;sort=0&amp;spid0=1&amp;spv0=&amp;fid0=2&amp;fv0=e-knjiga<\/span><\/a><\/u><\/span><\/span><\/span><\/p>\n<p><span style=\"font-size: medium;\"><i>Sveu\u010dili\u0161na knji\u017enica u Splitu<\/i><\/span><\/p>\n<p><span style=\"color: #0000ff;\"><u><a href=\"http:\/\/libar.svkst.unist.hr\/anew\/search.html\"><span style=\"font-size: medium;\">http:\/\/libar.svkst.unist.hr\/anew\/search.html<\/span><\/a><\/u><\/span><\/p>\n<p><span style=\"font-size: medium;\"><i>Nacionalna i sveu\u010dili\u0161na knji\u017enica u Zagrebu<\/i><\/span><\/p>\n<p><span style=\"color: #0000ff;\"><u><a href=\"http:\/\/www.nsk.hr\/ispisrezultata\/?upit=katalog&amp;baze=TRUE&amp;bastina=TRUE&amp;haw=TRUE&amp;casopisi=TRUE&amp;novine=TRUE&amp;web=TRUE&amp;skupni=TRUE&amp;katalog=TRUE&amp;active=katalog\"><span style=\"font-size: small;\"><i>http:\/\/www.nsk.hr\/ispisrezultata\/?upit=katalog&amp;baze=TRUE&amp;bastina=TRUE&amp;haw=TRUE&amp;casopisi=TRUE&amp;novine=TRUE&amp;web=TRUE&amp;skupni=TRUE&amp;katalog=TRUE&amp;active=katalog<\/i><\/span><\/a><\/u><\/span><\/p>\n<ol start=\"2\">\n<li><span style=\"font-family: Century, serif;\"><span style=\"font-size: medium;\"><b>CITIRANJE<\/b><\/span><\/span><\/li>\n<\/ol>\n<p><span style=\"font-size: medium;\">Preglede osnovnih pravila za navo\u0111enje literature tj.\u00a0 izvora kojih se autori pridr\u017eavaju pri pisanju razli\u010ditih vrsta radova:<\/span><\/p>\n<p><a href=\"https:\/\/www.e-skole.hr\/wp-content\/uploads\/2018\/03\/Prirucnik_Citiranje-u-digitalnom-okruzenju-1.pdf\"><span style=\"color: #000000;\"><span style=\"font-size: medium;\"><i><b>Carnetov priru\u010dnik Citiranje u digitalnom okru\u017eenju<\/b><\/i><\/span><\/span><\/a><\/p>\n<p><span style=\"color: #0000ff;\"><u><a href=\"https:\/\/pilot.e-skole.hr\/wp-content\/uploads\/2018\/03\/Prirucnik_Citiranje-u-digitalnom-okruzenju-1.pdf\"><span style=\"font-size: small;\"><i>https:\/\/pilot.e-skole.hr\/wp-content\/uploads\/2018\/03\/Prirucnik_Citiranje-u-digitalnom-okruzenju-1.pdf<\/i><\/span><\/a><\/u><\/span><\/p>\n<p><span style=\"font-size: medium;\"><i><b>Upute za citiranje Odjela za informacijske znanosti Filozofskog fakulteta Sveu\u010dili\u0161ta u Zadru <\/b><\/i><\/span><\/p>\n<p><span style=\"color: #0000ff;\"><u><a href=\"http:\/\/iz.unizd.hr\/Portals\/70\/docs_stari_web\/Obrasci%20i%20upute\/UPUTE-ZA-CITIRANJE_OIZ.pdf\"><span style=\"font-size: small;\"><i>http:\/\/iz.unizd.hr\/Portals\/70\/docs_stari_web\/Obrasci%20i%20upute\/UPUTE-ZA-CITIRANJE_OIZ.pdf<\/i><\/span><\/a><\/u><\/span><\/p>\n<p><span style=\"font-size: small;\">APA standardi za navo\u0111enje literature (skra\u0107ena verzija)<\/span><\/p>\n<p><span style=\"color: #0000ff;\"><u><a href=\"https:\/\/www.unizd.hr\/Portals\/32\/docs\/APA%20standardi%20za%20citiranje%20literature.pdf\"><span style=\"font-size: small;\"><i>https:\/\/www.unizd.hr\/Portals\/32\/docs\/APA%20standardi%20za%20citiranje%20literature.pdf<\/i><\/span><\/a><\/u><\/span><\/p>\n<p><span style=\"font-size: medium;\"><i><b>Prijedlog uputa za citiranje literature Odsjeka za informacijske i komunikacijske znanosti Filozofskog fakulteta Sveu\u010dili\u0161ta u Zagrebu<\/b><\/i><\/span><\/p>\n<p><span style=\"color: #0000ff;\"><u><a href=\"https:\/\/inf.ffzg.unizg.hr\/index.php\/hr\/9-nastava\/705-citiranje\"><span style=\"font-size: small;\"><i>https:\/\/inf.ffzg.unizg.hr\/index.php\/hr\/9-nastava\/705-citiranje<\/i><\/span><\/a><\/u><\/span><\/p>\n<p><span style=\"color: #0000ff;\"><span style=\"color: #000000;\"><span style=\"font-size: medium;\"><b>Napomena o autorskim pravima:<\/b><\/span><\/span><\/span><\/p>\n<p><span style=\"color: #0000ff;\"><span style=\"color: #000000;\"><span style=\"font-size: medium;\">Pogledajte <\/span><\/span><\/span><span style=\"color: #0000ff;\"><span style=\"color: #000000;\"><span style=\"font-family: Century, serif;\"><span style=\"font-size: medium;\">\u0160to je to autorsko djelo!<\/span><\/span><\/span><\/span><i> <\/i><span style=\"color: #0000ff;\"><u><a href=\"https:\/\/www.youtube.com\/watch?v=GQOAyrL0axY\">https:\/\/www.youtube.com\/watch?v=GQOAyrL0axY<\/a><\/u><\/span><i> <\/i><\/p>\n<p><span style=\"color: #000000;\"><span style=\"font-size: medium;\"><i>Zakon o autorskom pravu<\/i><\/span><\/span><b> <\/b><span style=\"color: #0000ff;\"><u><a href=\"https:\/\/narodnenovine.nn.hr\/clanci\/sluzbeni\/2003_10_167_2399.html\"><span style=\"font-size: medium;\">https:\/\/narodnenovine.nn.hr\/clanci\/sluzbeni\/2003_10_167_2399.html<\/span><\/a><\/u><\/span><\/p>\n<p><span style=\"color: #000000;\"><span style=\"font-size: medium;\"><i>Dr\u017eavni zavod za intelektualno vlasni\u0161tvo <\/i><\/span><\/span><\/p>\n<p><span style=\"color: #0000ff;\"><u><a href=\"https:\/\/www.dziv.hr\/hr\/intelektualno-vlasnistvo\/autorsko-pravo\/\">https:\/\/www.dziv.hr\/hr\/intelektualno-vlasnistvo\/autorsko-pravo\/<\/a><\/u><\/span><\/p>\n<p>Pogledajte i prigodan video koji prikazuje c<span style=\"color: #030303;\"><span style=\"font-size: small;\">rtani film Svjetske organizacije za intelektualno vlasni\u0161tvo o ulozi i va\u017enosti autorskog prava. Prijevod na hrvatski jezik: Dr\u017eavni zavod za intelektualno vlasni\u0161tvo.<\/span><\/span> <span style=\"color: #0000ff;\"><u><a href=\"https:\/\/www.youtube.com\/watch?v=eiRZhziBAD0\">https:\/\/www.youtube.com\/watch?v=eiRZhziBAD0<\/a><\/u><\/span><\/p>\n<ol start=\"3\">\n<li><span style=\"font-family: Century, serif;\"><span style=\"font-size: medium;\"><b>JEZI\u010cNI SAVJETI<\/b><\/span><\/span><\/li>\n<\/ol>\n<p><span style=\"font-family: Century, serif;\"><span style=\"font-size: medium;\"><b>Bolje je hrvatski <\/b><\/span><\/span><span style=\"color: #0000ff;\"><u><a href=\"http:\/\/bolje.hr\/\"><span style=\"font-family: Century, serif;\"><span style=\"font-size: medium;\"><b>http:\/\/bolje.hr\/<\/b><\/span><\/span><\/a><\/u><\/span><\/p>\n<p><span style=\"font-family: Century, serif;\"><span style=\"font-size: medium;\"><b>Hrvatski jezi\u010dni portal <\/b><\/span><\/span><span style=\"color: #0000ff;\"><u><a href=\"http:\/\/hjp.znanje.hr\/\"><span style=\"font-family: Century, serif;\"><span style=\"font-size: medium;\"><b>http:\/\/hjp.znanje.hr\/<\/b><\/span><\/span><\/a><\/u><\/span><b> <\/b><\/p>\n<p><span style=\"font-family: Century, serif;\"><span style=\"font-size: medium;\"><b>Hrvatski na maturi <\/b><\/span><\/span><span style=\"color: #0000ff;\"><u><a href=\"http:\/\/matura.ihjj.hr\/\"><span style=\"font-family: Century, serif;\"><span style=\"font-size: medium;\"><b>http:\/\/matura.ihjj.hr\/<\/b><\/span><\/span><\/a><\/u><\/span><\/p>\n<p><span style=\"font-family: Century, serif;\"><span style=\"font-size: medium;\"><b>Hrvatski pravopis <\/b><\/span><\/span><span style=\"color: #0000ff;\"><u><a href=\"http:\/\/pravopis.hr\/\"><span style=\"font-family: Century, serif;\"><span style=\"font-size: medium;\"><b>http:\/\/pravopis.hr\/<\/b><\/span><\/span><\/a><\/u><\/span><\/p>\n<p><span style=\"font-family: Century, serif;\"><span style=\"font-size: medium;\"><b>Hrvatska \u0161kolska gramatika <\/b><\/span><\/span><span style=\"color: #0000ff;\"><u><a href=\"http:\/\/gramatika.hr\/\"><span style=\"font-family: Century, serif;\"><span style=\"font-size: medium;\"><b>http:\/\/gramatika.hr\/<\/b><\/span><\/span><\/a><\/u><\/span><\/p>\n<p><span style=\"font-family: Century, serif;\"><span style=\"font-size: medium;\"><b>Jezi\u010dni savjetnik <\/b><\/span><\/span><span style=\"color: #0000ff;\"><u><a href=\"http:\/\/jezicni-savjetnik.hr\/\"><span style=\"font-family: Century, serif;\"><span style=\"font-size: medium;\"><b>http:\/\/jezicni-savjetnik.hr\/<\/b><\/span><\/span><\/a><\/u><\/span><\/p>\n","protected":false},"excerpt":{"rendered":"<p>Pretra\u017eite dostupnost tra\u017eene gra\u0111e na navedenim poveznicama i pravila za navo\u0111enje literature tj.\u00a0 izvora kojih se autori pridr\u017eavaju pri pisanju razli\u010ditih vrsta radova.<\/p>\n","protected":false},"author":1,"featured_media":1256,"parent":1243,"menu_order":0,"comment_status":"closed","ping_status":"closed","template":"","meta":{"footnotes":""},"class_list":["post-1245","page","type-page","status-publish","has-post-thumbnail","hentry"],"_links":{"self":[{"href":"https:\/\/trema.hr\/index.php?rest_route=\/wp\/v2\/pages\/1245","targetHints":{"allow":["GET"]}}],"collection":[{"href":"https:\/\/trema.hr\/index.php?rest_route=\/wp\/v2\/pages"}],"about":[{"href":"https:\/\/trema.hr\/index.php?rest_route=\/wp\/v2\/types\/page"}],"author":[{"embeddable":true,"href":"https:\/\/trema.hr\/index.php?rest_route=\/wp\/v2\/users\/1"}],"replies":[{"embeddable":true,"href":"https:\/\/trema.hr\/index.php?rest_route=%2Fwp%2Fv2%2Fcomments&post=1245"}],"version-history":[{"count":0,"href":"https:\/\/trema.hr\/index.php?rest_route=\/wp\/v2\/pages\/1245\/revisions"}],"up":[{"embeddable":true,"href":"https:\/\/trema.hr\/index.php?rest_route=\/wp\/v2\/pages\/1243"}],"wp:featuredmedia":[{"embeddable":true,"href":"https:\/\/trema.hr\/index.php?rest_route=\/wp\/v2\/media\/1256"}],"wp:attachment":[{"href":"https:\/\/trema.hr\/index.php?rest_route=%2Fwp%2Fv2%2Fmedia&parent=1245"}],"curies":[{"name":"wp","href":"https:\/\/api.w.org\/{rel}","templated":true}]}}