{"id":1243,"date":"2020-03-30T14:03:58","date_gmt":"2020-03-30T12:03:58","guid":{"rendered":"https:\/\/trema.hr\/?page_id=1243"},"modified":"2021-02-16T18:24:30","modified_gmt":"2021-02-16T17:24:30","slug":"knjiznica","status":"publish","type":"page","link":"https:\/\/trema.hr\/?page_id=1243","title":{"rendered":"Knji\u017enica"},"content":{"rendered":"\n<p class=\"has-drop-cap has-text-align-left has-very-dark-gray-color has-very-light-gray-background-color has-text-color has-background\">\u0160kolska knji\u017enica je fizi\u010dki i digitalni prostor \u0161kole namijenjen za u\u010denje, gdje su<br>\u010ditanje, istra\u017eivanje, razmi\u0161ljanje, ma\u0161ta i kreativnost od sredi\u0161nje va\u017enosti u\u010denicima na<br>njihovom putu od informacija do znanja, te od klju\u010dne va\u017enosti za njihov osobni, dru\u0161tveni i<br>kulturni razvoj.<\/p>\n\n\n\n<div id=\"section-g8abbf3\" class=\"wp-block-gutentor-e1 section-g8abbf3 gutentor-element gutentor-element-advanced-text\"><div class=\"gutentor-text-wrap\"><h5 class=\"gutentor-text\"><\/h5><\/div><\/div>\n\n\n<p><\/p>\n<p><strong data-rich-text-format-boundary=\"true\"><a href=\"https:\/\/trema.hr\/?page_id=1247\">Radno vrijeme<\/a><br data-rich-text-line-break=\"true\"><br data-rich-text-line-break=\"true\"><a href=\"https:\/\/trema.hr\/?page_id=1245\">Savjeti i pomo\u0107<\/a><br data-rich-text-line-break=\"true\"><br data-rich-text-line-break=\"true\"><a href=\"https:\/\/library.foi.hr\/lib\/351\">Katalog \u0161kolske knji\u017enice<\/a><br data-rich-text-line-break=\"true\"><br data-rich-text-line-break=\"true\"><a href=\"https:\/\/trema.hr\/?page_id=1269\">Lektira<\/a><br data-rich-text-line-break=\"true\"><br data-rich-text-line-break=\"true\"><a href=\"https:\/\/trema.hr\/?page_id=1271\">Referentni mre\u017eni izvori<\/a><br data-rich-text-line-break=\"true\"><br data-rich-text-line-break=\"true\"><a href=\"https:\/\/trema.hr\/?page_id=1273\">Mre\u017ene novine i \u010dasopisi<\/a><br data-rich-text-line-break=\"true\"><br data-rich-text-line-break=\"true\"><a href=\"https:\/\/trema.hr\/?page_id=1275\">Slobodno vrijeme<\/a><\/strong><\/p>","protected":false},"excerpt":{"rendered":"<p>\u0160kolska knji\u017enica je obrazovno, informacijsko i medijsko sredi\u0161te svake  \u0161kole gdje se \u010duva, stru\u010dno obra\u0111uje i daje na kori\u0161tenje knji\u017ena i neknji\u017ena gra\u0111a. <\/p>\n","protected":false},"author":1,"featured_media":0,"parent":0,"menu_order":0,"comment_status":"closed","ping_status":"closed","template":"","meta":{"footnotes":""},"class_list":["post-1243","page","type-page","status-publish","hentry"],"_links":{"self":[{"href":"https:\/\/trema.hr\/index.php?rest_route=\/wp\/v2\/pages\/1243","targetHints":{"allow":["GET"]}}],"collection":[{"href":"https:\/\/trema.hr\/index.php?rest_route=\/wp\/v2\/pages"}],"about":[{"href":"https:\/\/trema.hr\/index.php?rest_route=\/wp\/v2\/types\/page"}],"author":[{"embeddable":true,"href":"https:\/\/trema.hr\/index.php?rest_route=\/wp\/v2\/users\/1"}],"replies":[{"embeddable":true,"href":"https:\/\/trema.hr\/index.php?rest_route=%2Fwp%2Fv2%2Fcomments&post=1243"}],"version-history":[{"count":0,"href":"https:\/\/trema.hr\/index.php?rest_route=\/wp\/v2\/pages\/1243\/revisions"}],"wp:attachment":[{"href":"https:\/\/trema.hr\/index.php?rest_route=%2Fwp%2Fv2%2Fmedia&parent=1243"}],"curies":[{"name":"wp","href":"https:\/\/api.w.org\/{rel}","templated":true}]}}