{"id":101,"date":"2016-10-17T13:21:38","date_gmt":"2016-10-17T13:21:38","guid":{"rendered":"http:\/\/www.demo.acmethemes.com\/education-base\/?page_id=12"},"modified":"2020-11-11T09:03:27","modified_gmt":"2020-11-11T08:03:27","slug":"engineering","status":"publish","type":"page","link":"https:\/\/trema.hr\/?page_id=101","title":{"rendered":"FOTO MIOC"},"content":{"rendered":"\n<p> <\/p>\n\n\n<p><a href=\"https:\/\/trema.hr\/wp-content\/uploads\/2020\/11\/SPEKTAR-ELEKTROMAGNETSKOG-ZRAC\u030cENJA.pptx\">SPEKTAR ELEKTROMAGNETSKOG ZRAC\u030cENJA<\/a><\/p>\n\n\n<p>Fotografija Lokoti ljubavi progla\u0161ena je fotografijom mjeseca velja\u010da 2020. godine.<\/p>\n\n\n\n<p>Fotografirala: Dorotea Filipovi\u0107, 1.a<\/p>\n\n\n\n<figure class=\"wp-block-image size-large\"><img loading=\"lazy\" decoding=\"async\" width=\"1024\" height=\"1024\" src=\"https:\/\/trema.hr\/wp-content\/uploads\/2020\/01\/image0-1024x1024.jpeg\" alt=\"\" class=\"wp-image-741\" srcset=\"https:\/\/trema.hr\/wp-content\/uploads\/2020\/01\/image0-1024x1024.jpeg 1024w, https:\/\/trema.hr\/wp-content\/uploads\/2020\/01\/image0-300x300.jpeg 300w, https:\/\/trema.hr\/wp-content\/uploads\/2020\/01\/image0-150x150.jpeg 150w\" sizes=\"auto, (max-width: 1024px) 100vw, 1024px\" \/><\/figure>\n\n\n\n<p>Fotografija je progla\u0161ena najboljom na natje\u010daju Lije\u010dni\u010dkih novina \u201cNajbolja fotografija koja prikazuje prizor vezan uz ljudsko lice\u201d.&nbsp;<br>Na fotografiji su prabaka od 87 godina i praunuk od 10 mjeseci, a njihova lica su prozori i pro\u0161losti i budu\u0107nosti, mladosti i starosti; zatvoren krug kratkog ljudskog ovozemaljskog \u017eivota.<br>Fotografirani su iPhoneom 5 SE, originalno u boji, a kasnije je fotografija ra\u010dunalno dora\u0111ena i preba\u010dena u crno &#8211; bijelu varijantu.&nbsp; <\/p>\n\n\n\n<p><\/p>\n\n\n\n<p>\nFoto klub III. gimnazije osniva se zbog \nzainteresiranosti i povezivanja u\u010denika koji se bave ili se \u017eele baviti \nfotografijom u na\u0161oj \u0161koli. Svrha kluba je da potakne u\u010denike na \nkreativno mi\u0161ljenje i izvan nastave.\n<\/p>\n\n\n\n<p>\nFoto klub se sastaje u prostorijama \u0161kole, svakog mjeseca prema dogovoru \u010dlanova, s ciljem:\n<\/p>\n\n\n\n<p>  Primjene digitalne fotografije i video snimki u STEM-u,<\/p>\n\n\n\n<p> Suradnje sa \u0161kolskom web stranicom i novinarskom grupom,<\/p>\n\n\n\n<p> Pra\u0107enja doga\u0111anja u \u0161koli + finalna izlo\u017eba,<\/p>\n\n\n\n<p>  Povezivanja i suradnje s foto klubom \u2018\u2019Split\u2019\u2019, \uf0b7  Organiziranja nastave izvan \u0161kole kako bi u\u010denici kroz praksu nau\u010dili i izvje\u017ebali nove tehnike.<br><\/p>\n\n\n\n<hr class=\"wp-block-separator\"\/>\n","protected":false},"excerpt":{"rendered":"<p>Na fotografiji su lokoti ljubavi &#8211; simboli vje\u010dne ljubavi.<\/p>\n<p>Fotografija mjeseca velja\u010da 2020.<br \/>\nFotografirala: Dorotea Filipovi\u0107, 1.a<\/p>\n","protected":false},"author":1,"featured_media":1010,"parent":0,"menu_order":0,"comment_status":"closed","ping_status":"closed","template":"","meta":{"footnotes":""},"class_list":["post-101","page","type-page","status-publish","has-post-thumbnail","hentry"],"_links":{"self":[{"href":"https:\/\/trema.hr\/index.php?rest_route=\/wp\/v2\/pages\/101","targetHints":{"allow":["GET"]}}],"collection":[{"href":"https:\/\/trema.hr\/index.php?rest_route=\/wp\/v2\/pages"}],"about":[{"href":"https:\/\/trema.hr\/index.php?rest_route=\/wp\/v2\/types\/page"}],"author":[{"embeddable":true,"href":"https:\/\/trema.hr\/index.php?rest_route=\/wp\/v2\/users\/1"}],"replies":[{"embeddable":true,"href":"https:\/\/trema.hr\/index.php?rest_route=%2Fwp%2Fv2%2Fcomments&post=101"}],"version-history":[{"count":0,"href":"https:\/\/trema.hr\/index.php?rest_route=\/wp\/v2\/pages\/101\/revisions"}],"wp:featuredmedia":[{"embeddable":true,"href":"https:\/\/trema.hr\/index.php?rest_route=\/wp\/v2\/media\/1010"}],"wp:attachment":[{"href":"https:\/\/trema.hr\/index.php?rest_route=%2Fwp%2Fv2%2Fmedia&parent=101"}],"curies":[{"name":"wp","href":"https:\/\/api.w.org\/{rel}","templated":true}]}}