{"id":10010,"date":"2026-05-08T18:17:35","date_gmt":"2026-05-08T16:17:35","guid":{"rendered":"https:\/\/trema.hr\/?page_id=10010"},"modified":"2026-05-08T18:17:35","modified_gmt":"2026-05-08T16:17:35","slug":"zbor","status":"publish","type":"page","link":"https:\/\/trema.hr\/?page_id=10010","title":{"rendered":"ZBOR"},"content":{"rendered":"\n<p>Cilj rada \u0161kolskog zbora je razvijati kreativnost, glazbeno izra\u017eavanje i estetsku osjetljivost u\u010denika te poticati njihov dru\u0161tveno-emocionalni razvoj kroz zajedni\u010dke aktivnosti i javne nastupe. U\u010denici razvijaju slu\u0161ne, izra\u017eajne, motori\u010dke i socijalne vje\u0161tine, ja\u010daju samopouzdanje te glazbenu memoriju i slu\u0161no iskustvo. Aktivnosti su namijenjene u\u010denicima od 1. do 4. razreda, a provodi ih Ines Kezi\u0107 kroz redovite probe, rad na zbornom pjevanju i pripremu nastupa za \u0161kolske priredbe i koncerte. Uspje\u0161nost rada prati se kroz nastupe i sudjelovanje na glazbenim doga\u0111anjima tijekom \u0161kolske godine.<\/p>\n\n\n\n<p>Posebno mjesto u radu zbora zauzima tradicija bo\u017ei\u0107nih koncerata kojima se njeguje zajedni\u0161tvo, umjetni\u010dko stvarala\u0161tvo i blagdanski duh \u0161kole. Bo\u017ei\u0107ni koncert odr\u017ean 22. prosinca 2025. godine u prepunom \u0161kolskom atriju jo\u0161 je jednom pokazao talent, predanost i umjetni\u010dku zrelost na\u0161ih u\u010denika. Koncert je osmislila i realizirala nastavnica Glazbene umjetnosti Ines Kezi\u0107 kao glavna redateljica, scenografkinja i kostimografkinja. Program su vodile u\u010denice Marta Pezer i Jelena Gali\u0107, a sudjelovali su \u010dlanovi \u0161kolskog zbora, brojni solisti i instrumentalisti izvode\u0107i djela klasi\u010dne i suvremene glazbe te popularne bo\u017ei\u0107ne skladbe. Posebno odu\u0161evljenje izazvao je nastup gosta iznena\u0111enja, nastavnika Matematike Pere Mihaljevi\u0107a na harmonici. Koncert je okupio u\u010denike, nastavnike i umirovljene djelatnike \u0161kole te jo\u0161 jednom potvrdio va\u017enost zajedni\u0161tva, umjetnosti i njegovanja \u0161kolskih tradicija.<\/p>\n\n\n\n<figure class=\"wp-block-embed is-type-video is-provider-youtube wp-block-embed-youtube wp-embed-aspect-9-16 wp-has-aspect-ratio\"><div class=\"wp-block-embed__wrapper\">\n<iframe loading=\"lazy\" title=\"Bo\u017ei\u0107ni koncert 2025.\" width=\"540\" height=\"960\" src=\"https:\/\/www.youtube.com\/embed\/9dqTSsWDDKE?feature=oembed\" frameborder=\"0\" allow=\"accelerometer; autoplay; clipboard-write; encrypted-media; gyroscope; picture-in-picture; web-share\" referrerpolicy=\"strict-origin-when-cross-origin\" allowfullscreen><\/iframe>\n<\/div><\/figure>\n","protected":false},"excerpt":{"rendered":"<p>Tradicija bo\u017ei\u0107nih koncerata va\u017ean je dio rada \u0161kolskog zbora jer promi\u010de zajedni\u0161tvo, umjetni\u010dko izra\u017eavanje i njegovanje blagdanskoga duha \u0161kole.<\/p>\n","protected":false},"author":1,"featured_media":10011,"parent":0,"menu_order":0,"comment_status":"closed","ping_status":"closed","template":"","meta":{"footnotes":""},"class_list":["post-10010","page","type-page","status-publish","has-post-thumbnail","hentry"],"_links":{"self":[{"href":"https:\/\/trema.hr\/index.php?rest_route=\/wp\/v2\/pages\/10010","targetHints":{"allow":["GET"]}}],"collection":[{"href":"https:\/\/trema.hr\/index.php?rest_route=\/wp\/v2\/pages"}],"about":[{"href":"https:\/\/trema.hr\/index.php?rest_route=\/wp\/v2\/types\/page"}],"author":[{"embeddable":true,"href":"https:\/\/trema.hr\/index.php?rest_route=\/wp\/v2\/users\/1"}],"replies":[{"embeddable":true,"href":"https:\/\/trema.hr\/index.php?rest_route=%2Fwp%2Fv2%2Fcomments&post=10010"}],"version-history":[{"count":1,"href":"https:\/\/trema.hr\/index.php?rest_route=\/wp\/v2\/pages\/10010\/revisions"}],"predecessor-version":[{"id":10012,"href":"https:\/\/trema.hr\/index.php?rest_route=\/wp\/v2\/pages\/10010\/revisions\/10012"}],"wp:featuredmedia":[{"embeddable":true,"href":"https:\/\/trema.hr\/index.php?rest_route=\/wp\/v2\/media\/10011"}],"wp:attachment":[{"href":"https:\/\/trema.hr\/index.php?rest_route=%2Fwp%2Fv2%2Fmedia&parent=10010"}],"curies":[{"name":"wp","href":"https:\/\/api.w.org\/{rel}","templated":true}]}}